{"id":1981,"date":"2023-10-20T09:39:00","date_gmt":"2023-10-20T07:39:00","guid":{"rendered":"https:\/\/a-p-p.ch\/?page_id=1981"},"modified":"2024-08-17T20:06:04","modified_gmt":"2024-08-17T18:06:04","slug":"geneve-avenue-de-riant-parc","status":"publish","type":"page","link":"https:\/\/a-p-p.ch\/de\/zentrumsadressen\/geneve-avenue-de-riant-parc\/","title":{"rendered":"Gen\u00e8ve (Avenue de Riant-Parc)"},"content":{"rendered":"<p><iframe loading=\"lazy\" style=\"border: 0;\" src=\"https:\/\/www.google.com\/maps\/embed?pb=!1m18!1m12!1m3!1d2760.556762906302!2d6.1162364755551915!3d46.219271671096394!2m3!1f0!2f0!3f0!3m2!1i1024!2i768!4f13.1!3m3!1m2!1s0x478c649504a55af5%3A0x3a4dcd9f74ea6ec6!2sAv.%20de%20Riant-Parc%2028%2C%201209%20Gen%C3%A8ve!5e0!3m2!1sde!2sch!4v1697787080236!5m2!1sde!2sch\" width=\"1080\" height=\"450\" allowfullscreen=\"allowfullscreen\"><span data-mce-type=\"bookmark\" style=\"display: inline-block; width: 0px; overflow: hidden; line-height: 0;\" class=\"mce_SELRES_start\">\ufeff<\/span><\/iframe><\/p>\n<hr \/>\n<p><strong>\u00c0 son rythme selon Tomatis<\/strong><br \/>\nAvenue de Riant-Parc 28, 1209 Gen\u00e8ve<\/p>\n<p>Mobile: +41 (0)76 615 77 20<br \/>\nMail: <a href=\"mailto:info@a-son-rythme.ch\">info@a-son-rythme.ch<\/a><\/p>\n<p>Web:\u00a0<a href=\"https:\/\/a-son-rythme.ch\" target=\"_blank\" rel=\"noopener\">www.a-son-rythme.ch<\/a><\/p>\n<hr \/>\n<h2>Sophie Singh (C)*<\/h2>\n<p><strong>Mon parcours:<\/strong><br \/>\nJe vous accompagne, dans votre parcours personnel, ainsi que dans votre \u00e9panouissement social, scolaire ou professionnel.<\/p>\n<p>Dipl\u00f4m\u00e9e en psychologie\/ logop\u00e9die de l\u2019Universit\u00e9 de Gen\u00e8ve, (Bachelor, 2016) et certifi\u00e9e en Audio-Psycho-Phonologie (APP) selon Tomatis (Mozart Brain Lab, 2018 Belgique), j\u2019ai une exp\u00e9rience institutionnelle de 20 ans dans l\u2019\u00e9ducation sp\u00e9cialis\u00e9e, l\u2019animation sociale et la promotion de la sant\u00e9 aupr\u00e8s de personnes fragilis\u00e9es sur le plan physique et psychique, en difficult\u00e9s d\u2019apprentissage, migrants ou en situation de handicap.<br \/>\nJe poss\u00e8de un Brevet f\u00e9d\u00e9ral de formatrice d\u2019adultes (IFAGE, 2022) et une certification d\u2019enseignante en lecture labiale et r\u00e9\u00e9ducation auditive (EESP, 2017).<br \/>\nLa qualit\u00e9 des prestations offertes est ma priorit\u00e9, c\u2019est pourquoi je suis engag\u00e9e dans l\u2019accr\u00e9ditation \u00e0 la norme Eduqua.<\/p>\n<p><strong>Mes domaines d\u2019expertise:<\/strong><\/p>\n<ul>\n<li>Langage, \u00e9motions, comportement<\/li>\n<li>Fran\u00e7ais oral- \u00e9crit<\/li>\n<li>Remise \u00e0 niveau, orientation scolaire et professionnelle<\/li>\n<li>Troubles neuro-d\u00e9veloppementaux, situations de handicap\/polyhandicap<\/li>\n<li>Personnes non francophones et\/ ou migrantes<\/li>\n<li>R\u00e9\u00e9ducation auditive pour personnes malentendantes<\/li>\n<\/ul>\n<p>*(C) certifi\u00e9 apr\u00e8s le contr\u00f4le des formations continues de l&#8217;association professionnelle<\/p>\n","protected":false},"excerpt":{"rendered":"<p>\ufeff \u00c0 son rythme selon Tomatis Avenue de Riant-Parc 28, 1209 Gen\u00e8ve Mobile: +41 (0)76 615 77 20 Mail: info@a-son-rythme.ch Web:\u00a0www.a-son-rythme.ch Sophie Singh (C)* Mon parcours: Je vous accompagne, dans [&hellip;]<\/p>\n","protected":false},"author":4,"featured_media":259,"parent":27,"menu_order":0,"comment_status":"closed","ping_status":"closed","template":"","meta":{"_acf_changed":false,"_et_pb_use_builder":"","_et_pb_old_content":"","_et_gb_content_width":"","footnotes":""},"class_list":["post-1981","page","type-page","status-publish","has-post-thumbnail","hentry"],"acf":[],"yoast_head":"<!-- This site is optimized with the Yoast SEO plugin v27.5 - https:\/\/yoast.com\/product\/yoast-seo-wordpress\/ -->\n<title>Gen\u00e8ve (Avenue de Riant-Parc)<\/title>\n<meta name=\"description\" content=\"Gen\u00e8ve (Avenue de Riant-Parc) - Schweizerischer Berufsverband f\u00fcr A.P.P. nach A. Tomatis\" \/>\n<meta name=\"robots\" content=\"index, follow, max-snippet:-1, max-image-preview:large, max-video-preview:-1\" \/>\n<link rel=\"canonical\" href=\"https:\/\/a-p-p.ch\/de\/zentrumsadressen\/geneve-avenue-de-riant-parc\/\" \/>\n<meta property=\"og:locale\" content=\"de_DE\" \/>\n<meta property=\"og:type\" content=\"article\" \/>\n<meta property=\"og:title\" content=\"Gen\u00e8ve (Avenue de Riant-Parc)\" \/>\n<meta property=\"og:description\" content=\"Gen\u00e8ve (Avenue de Riant-Parc) - Schweizerischer Berufsverband f\u00fcr A.P.P. nach A. Tomatis\" \/>\n<meta property=\"og:url\" content=\"https:\/\/a-p-p.ch\/de\/zentrumsadressen\/geneve-avenue-de-riant-parc\/\" \/>\n<meta property=\"og:site_name\" content=\"Schweizerischer Berufsverband f\u00fcr A.P.P. nach A. Tomatis\" \/>\n<meta property=\"article:modified_time\" content=\"2024-08-17T18:06:04+00:00\" \/>\n<meta property=\"og:image\" content=\"https:\/\/a-p-p.ch\/wp-content\/uploads\/2022\/04\/APP-Spirale-mit-Text-Logo.png\" \/>\n\t<meta property=\"og:image:width\" content=\"1080\" \/>\n\t<meta property=\"og:image:height\" content=\"855\" \/>\n\t<meta property=\"og:image:type\" content=\"image\/png\" \/>\n<meta name=\"twitter:card\" content=\"summary_large_image\" \/>\n<meta name=\"twitter:label1\" content=\"Gesch\u00e4tzte Lesezeit\" \/>\n\t<meta name=\"twitter:data1\" content=\"1\u00a0Minute\" \/>\n<script type=\"application\/ld+json\" class=\"yoast-schema-graph\">{\"@context\":\"https:\\\/\\\/schema.org\",\"@graph\":[{\"@type\":\"WebPage\",\"@id\":\"https:\\\/\\\/a-p-p.ch\\\/de\\\/zentrumsadressen\\\/geneve-avenue-de-riant-parc\\\/\",\"url\":\"https:\\\/\\\/a-p-p.ch\\\/de\\\/zentrumsadressen\\\/geneve-avenue-de-riant-parc\\\/\",\"name\":\"Gen\u00e8ve (Avenue de Riant-Parc)\",\"isPartOf\":{\"@id\":\"https:\\\/\\\/a-p-p.ch\\\/de\\\/#website\"},\"primaryImageOfPage\":{\"@id\":\"https:\\\/\\\/a-p-p.ch\\\/de\\\/zentrumsadressen\\\/geneve-avenue-de-riant-parc\\\/#primaryimage\"},\"image\":{\"@id\":\"https:\\\/\\\/a-p-p.ch\\\/de\\\/zentrumsadressen\\\/geneve-avenue-de-riant-parc\\\/#primaryimage\"},\"thumbnailUrl\":\"https:\\\/\\\/a-p-p.ch\\\/wp-content\\\/uploads\\\/2022\\\/04\\\/APP-Spirale-mit-Text-Logo.png\",\"datePublished\":\"2023-10-20T07:39:00+00:00\",\"dateModified\":\"2024-08-17T18:06:04+00:00\",\"description\":\"Gen\u00e8ve (Avenue de Riant-Parc) - Schweizerischer Berufsverband f\u00fcr A.P.P. nach A. Tomatis\",\"breadcrumb\":{\"@id\":\"https:\\\/\\\/a-p-p.ch\\\/de\\\/zentrumsadressen\\\/geneve-avenue-de-riant-parc\\\/#breadcrumb\"},\"inLanguage\":\"de\",\"potentialAction\":[{\"@type\":\"ReadAction\",\"target\":[\"https:\\\/\\\/a-p-p.ch\\\/de\\\/zentrumsadressen\\\/geneve-avenue-de-riant-parc\\\/\"]}]},{\"@type\":\"ImageObject\",\"inLanguage\":\"de\",\"@id\":\"https:\\\/\\\/a-p-p.ch\\\/de\\\/zentrumsadressen\\\/geneve-avenue-de-riant-parc\\\/#primaryimage\",\"url\":\"https:\\\/\\\/a-p-p.ch\\\/wp-content\\\/uploads\\\/2022\\\/04\\\/APP-Spirale-mit-Text-Logo.png\",\"contentUrl\":\"https:\\\/\\\/a-p-p.ch\\\/wp-content\\\/uploads\\\/2022\\\/04\\\/APP-Spirale-mit-Text-Logo.png\",\"width\":1080,\"height\":855},{\"@type\":\"BreadcrumbList\",\"@id\":\"https:\\\/\\\/a-p-p.ch\\\/de\\\/zentrumsadressen\\\/geneve-avenue-de-riant-parc\\\/#breadcrumb\",\"itemListElement\":[{\"@type\":\"ListItem\",\"position\":1,\"name\":\"Startseite\",\"item\":\"https:\\\/\\\/a-p-p.ch\\\/de\\\/\"},{\"@type\":\"ListItem\",\"position\":2,\"name\":\"Zentrumsadressen\",\"item\":\"https:\\\/\\\/a-p-p.ch\\\/de\\\/zentrumsadressen\\\/\"},{\"@type\":\"ListItem\",\"position\":3,\"name\":\"Gen\u00e8ve (Avenue de Riant-Parc)\"}]},{\"@type\":\"WebSite\",\"@id\":\"https:\\\/\\\/a-p-p.ch\\\/de\\\/#website\",\"url\":\"https:\\\/\\\/a-p-p.ch\\\/de\\\/\",\"name\":\"Schweizerischer Berufsverband f\u00fcr A.P.P. nach A. Tomatis\",\"description\":\"\",\"publisher\":{\"@id\":\"https:\\\/\\\/a-p-p.ch\\\/de\\\/#organization\"},\"potentialAction\":[{\"@type\":\"SearchAction\",\"target\":{\"@type\":\"EntryPoint\",\"urlTemplate\":\"https:\\\/\\\/a-p-p.ch\\\/de\\\/?s={search_term_string}\"},\"query-input\":{\"@type\":\"PropertyValueSpecification\",\"valueRequired\":true,\"valueName\":\"search_term_string\"}}],\"inLanguage\":\"de\"},{\"@type\":\"Organization\",\"@id\":\"https:\\\/\\\/a-p-p.ch\\\/de\\\/#organization\",\"name\":\"Schweizerischer Berufsverband f\u00fcr A.P.P. nach A. Tomatis\",\"alternateName\":\"APP\",\"url\":\"https:\\\/\\\/a-p-p.ch\\\/de\\\/\",\"logo\":{\"@type\":\"ImageObject\",\"inLanguage\":\"de\",\"@id\":\"https:\\\/\\\/a-p-p.ch\\\/de\\\/#\\\/schema\\\/logo\\\/image\\\/\",\"url\":\"https:\\\/\\\/a-p-p.ch\\\/wp-content\\\/uploads\\\/2022\\\/04\\\/cropped-APP-Spirale-Logo.png\",\"contentUrl\":\"https:\\\/\\\/a-p-p.ch\\\/wp-content\\\/uploads\\\/2022\\\/04\\\/cropped-APP-Spirale-Logo.png\",\"width\":512,\"height\":512,\"caption\":\"Schweizerischer Berufsverband f\u00fcr A.P.P. nach A. Tomatis\"},\"image\":{\"@id\":\"https:\\\/\\\/a-p-p.ch\\\/de\\\/#\\\/schema\\\/logo\\\/image\\\/\"}}]}<\/script>\n<!-- \/ Yoast SEO plugin. -->","yoast_head_json":{"title":"Gen\u00e8ve (Avenue de Riant-Parc)","description":"Gen\u00e8ve (Avenue de Riant-Parc) - Schweizerischer Berufsverband f\u00fcr A.P.P. nach A. Tomatis","robots":{"index":"index","follow":"follow","max-snippet":"max-snippet:-1","max-image-preview":"max-image-preview:large","max-video-preview":"max-video-preview:-1"},"canonical":"https:\/\/a-p-p.ch\/de\/zentrumsadressen\/geneve-avenue-de-riant-parc\/","og_locale":"de_DE","og_type":"article","og_title":"Gen\u00e8ve (Avenue de Riant-Parc)","og_description":"Gen\u00e8ve (Avenue de Riant-Parc) - Schweizerischer Berufsverband f\u00fcr A.P.P. nach A. Tomatis","og_url":"https:\/\/a-p-p.ch\/de\/zentrumsadressen\/geneve-avenue-de-riant-parc\/","og_site_name":"Schweizerischer Berufsverband f\u00fcr A.P.P. nach A. Tomatis","article_modified_time":"2024-08-17T18:06:04+00:00","og_image":[{"width":1080,"height":855,"url":"https:\/\/a-p-p.ch\/wp-content\/uploads\/2022\/04\/APP-Spirale-mit-Text-Logo.png","type":"image\/png"}],"twitter_card":"summary_large_image","twitter_misc":{"Gesch\u00e4tzte Lesezeit":"1\u00a0Minute"},"schema":{"@context":"https:\/\/schema.org","@graph":[{"@type":"WebPage","@id":"https:\/\/a-p-p.ch\/de\/zentrumsadressen\/geneve-avenue-de-riant-parc\/","url":"https:\/\/a-p-p.ch\/de\/zentrumsadressen\/geneve-avenue-de-riant-parc\/","name":"Gen\u00e8ve (Avenue de Riant-Parc)","isPartOf":{"@id":"https:\/\/a-p-p.ch\/de\/#website"},"primaryImageOfPage":{"@id":"https:\/\/a-p-p.ch\/de\/zentrumsadressen\/geneve-avenue-de-riant-parc\/#primaryimage"},"image":{"@id":"https:\/\/a-p-p.ch\/de\/zentrumsadressen\/geneve-avenue-de-riant-parc\/#primaryimage"},"thumbnailUrl":"https:\/\/a-p-p.ch\/wp-content\/uploads\/2022\/04\/APP-Spirale-mit-Text-Logo.png","datePublished":"2023-10-20T07:39:00+00:00","dateModified":"2024-08-17T18:06:04+00:00","description":"Gen\u00e8ve (Avenue de Riant-Parc) - Schweizerischer Berufsverband f\u00fcr A.P.P. nach A. Tomatis","breadcrumb":{"@id":"https:\/\/a-p-p.ch\/de\/zentrumsadressen\/geneve-avenue-de-riant-parc\/#breadcrumb"},"inLanguage":"de","potentialAction":[{"@type":"ReadAction","target":["https:\/\/a-p-p.ch\/de\/zentrumsadressen\/geneve-avenue-de-riant-parc\/"]}]},{"@type":"ImageObject","inLanguage":"de","@id":"https:\/\/a-p-p.ch\/de\/zentrumsadressen\/geneve-avenue-de-riant-parc\/#primaryimage","url":"https:\/\/a-p-p.ch\/wp-content\/uploads\/2022\/04\/APP-Spirale-mit-Text-Logo.png","contentUrl":"https:\/\/a-p-p.ch\/wp-content\/uploads\/2022\/04\/APP-Spirale-mit-Text-Logo.png","width":1080,"height":855},{"@type":"BreadcrumbList","@id":"https:\/\/a-p-p.ch\/de\/zentrumsadressen\/geneve-avenue-de-riant-parc\/#breadcrumb","itemListElement":[{"@type":"ListItem","position":1,"name":"Startseite","item":"https:\/\/a-p-p.ch\/de\/"},{"@type":"ListItem","position":2,"name":"Zentrumsadressen","item":"https:\/\/a-p-p.ch\/de\/zentrumsadressen\/"},{"@type":"ListItem","position":3,"name":"Gen\u00e8ve (Avenue de Riant-Parc)"}]},{"@type":"WebSite","@id":"https:\/\/a-p-p.ch\/de\/#website","url":"https:\/\/a-p-p.ch\/de\/","name":"Schweizerischer Berufsverband f\u00fcr A.P.P. nach A. Tomatis","description":"","publisher":{"@id":"https:\/\/a-p-p.ch\/de\/#organization"},"potentialAction":[{"@type":"SearchAction","target":{"@type":"EntryPoint","urlTemplate":"https:\/\/a-p-p.ch\/de\/?s={search_term_string}"},"query-input":{"@type":"PropertyValueSpecification","valueRequired":true,"valueName":"search_term_string"}}],"inLanguage":"de"},{"@type":"Organization","@id":"https:\/\/a-p-p.ch\/de\/#organization","name":"Schweizerischer Berufsverband f\u00fcr A.P.P. nach A. Tomatis","alternateName":"APP","url":"https:\/\/a-p-p.ch\/de\/","logo":{"@type":"ImageObject","inLanguage":"de","@id":"https:\/\/a-p-p.ch\/de\/#\/schema\/logo\/image\/","url":"https:\/\/a-p-p.ch\/wp-content\/uploads\/2022\/04\/cropped-APP-Spirale-Logo.png","contentUrl":"https:\/\/a-p-p.ch\/wp-content\/uploads\/2022\/04\/cropped-APP-Spirale-Logo.png","width":512,"height":512,"caption":"Schweizerischer Berufsverband f\u00fcr A.P.P. nach A. Tomatis"},"image":{"@id":"https:\/\/a-p-p.ch\/de\/#\/schema\/logo\/image\/"}}]}},"_links":{"self":[{"href":"https:\/\/a-p-p.ch\/de\/wp-json\/wp\/v2\/pages\/1981","targetHints":{"allow":["GET"]}}],"collection":[{"href":"https:\/\/a-p-p.ch\/de\/wp-json\/wp\/v2\/pages"}],"about":[{"href":"https:\/\/a-p-p.ch\/de\/wp-json\/wp\/v2\/types\/page"}],"author":[{"embeddable":true,"href":"https:\/\/a-p-p.ch\/de\/wp-json\/wp\/v2\/users\/4"}],"replies":[{"embeddable":true,"href":"https:\/\/a-p-p.ch\/de\/wp-json\/wp\/v2\/comments?post=1981"}],"version-history":[{"count":0,"href":"https:\/\/a-p-p.ch\/de\/wp-json\/wp\/v2\/pages\/1981\/revisions"}],"up":[{"embeddable":true,"href":"https:\/\/a-p-p.ch\/de\/wp-json\/wp\/v2\/pages\/27"}],"wp:featuredmedia":[{"embeddable":true,"href":"https:\/\/a-p-p.ch\/de\/wp-json\/wp\/v2\/media\/259"}],"wp:attachment":[{"href":"https:\/\/a-p-p.ch\/de\/wp-json\/wp\/v2\/media?parent=1981"}],"curies":[{"name":"wp","href":"https:\/\/api.w.org\/{rel}","templated":true}]}}