{"id":2376,"date":"2024-06-11T18:10:47","date_gmt":"2024-06-11T16:10:47","guid":{"rendered":"https:\/\/a-p-p.ch\/?page_id=2376"},"modified":"2024-09-23T21:21:00","modified_gmt":"2024-09-23T19:21:00","slug":"st-gallen","status":"publish","type":"page","link":"https:\/\/a-p-p.ch\/de\/zentrumsadressen\/st-gallen\/","title":{"rendered":"St. Gallen"},"content":{"rendered":"<p>[et_pb_section fb_built=&#8221;1&#8243; admin_label=&#8221;section&#8221; _builder_version=&#8221;4.16&#8243; global_colors_info=&#8221;{}&#8221; theme_builder_area=&#8221;post_content&#8221;][et_pb_row admin_label=&#8221;row&#8221; _builder_version=&#8221;4.16&#8243; background_size=&#8221;initial&#8221; background_position=&#8221;top_left&#8221; background_repeat=&#8221;repeat&#8221; global_colors_info=&#8221;{}&#8221; theme_builder_area=&#8221;post_content&#8221;][et_pb_column type=&#8221;4_4&#8243; _builder_version=&#8221;4.16&#8243; custom_padding=&#8221;|||&#8221; global_colors_info=&#8221;{}&#8221; custom_padding__hover=&#8221;|||&#8221; theme_builder_area=&#8221;post_content&#8221;][et_pb_text admin_label=&#8221;Text&#8221; _builder_version=&#8221;4.27.0&#8243; background_size=&#8221;initial&#8221; background_position=&#8221;top_left&#8221; background_repeat=&#8221;repeat&#8221; global_colors_info=&#8221;{}&#8221; theme_builder_area=&#8221;post_content&#8221;]<\/p>\n<hr \/>\n<p><strong>Schlaeppi Annegret<br \/><\/strong>Schmiedgasse 1, 9000 St. Gallen<\/p>\n<p>Mobile: +41 (0) 79 935 13 13<br \/>Mail: <a href=\"annegret.schlaeppi@hin.ch\">annegret.schlaeppi@hin.ch<\/a><\/p>\n<p>&nbsp;<\/p>\n<hr \/>\n<p>\u200b<\/p>\n<h2>Annegret Schlaeppi<\/h2>\n<ul>\n<li>Tomatis Consultant ( 2023, Auris Integralis, Dirk Beckedorf und Franz M\u00fcller)<\/li>\n<li>Fach\u00e4rztin Psychiatrie und Psychotherapie FMH 2014, F\u00e4higkeitsausweis Komplement\u00e4rmedizin FMH 2014<\/li>\n<li>Fach\u00e4rztin Psychiatrie und Psychotherapie FMH (Arztdiplom 1998<br \/>\n<hr \/>\n<h2>Anfahrt<\/h2>\n<h3>\u00d6ffentliche Verkehrsmittel<\/h3>\n<h3><\/h3>\n<ul>\n<li>Die AudioPsychoPhonologie liegt mitten in der sch\u00f6nen St. Galler Altstadt &#8211; Fussg\u00e4ngerzone.<\/li>\n<li>Mit der Bahn: Bus Nr. 1, 2, 5, 6, 7 und 8 an den Marktplatz. Die Marktgasse am Vadiandenkmal vorbei zur St. Laurenzenkirche Richtung Kloserviertel. Wenn Ihr rechter Hand das Restaurant La Follia seht seid Ihr auf der H\u00f6he Schmiedgasse angekommen. Hintereingang des Restaurantes, da findet Ihr die Klingel: AudioPsychoPhonologie. Nach dem Summton in den 3. Stock\n<p><\/p>\n<h3>Mit dem Auto<\/h3>\n<\/li>\n<li>Mit dem Auto: \u00fcber die A1 nach St. Gallen und Wahl eines Parkhauses: zu empfehlen sind Burggraben mit Ausgang Spiesergasse oder Hotel Einstein<\/li>\n<\/ul>\n<hr \/>\n<h2>\u00d6ffnungszeiten:<\/h2>\n<p>Montag \u2013 Freitag: 07.00 \u2013 22.00 Samstag: 07.00 \u2013 12.00 Sonntag: Geschlossen<\/p>\n<p>Termine nur nach telefonischer Vereinbarung oder per E-Mail. Bitte sprechen Sie Ihre Nachricht auf Band oder kontaktieren Sie uns per E-Mail.<\/p>\n<\/li>\n<\/ul>\n<p>[\/et_pb_text][\/et_pb_column][\/et_pb_row][\/et_pb_section]<\/p>\n","protected":false},"excerpt":{"rendered":"<p>Schlaeppi AnnegretSchmiedgasse 1, 9000 St. Gallen Mobile: +41 (0) 79 935 13 13Mail: annegret.schlaeppi@hin.ch &nbsp; \u200b Annegret Schlaeppi Tomatis Consultant ( 2023, Auris Integralis, Dirk Beckedorf und Franz M\u00fcller) Fach\u00e4rztin [&hellip;]<\/p>\n","protected":false},"author":4,"featured_media":0,"parent":27,"menu_order":0,"comment_status":"closed","ping_status":"closed","template":"","meta":{"_acf_changed":false,"_et_pb_use_builder":"on","_et_pb_old_content":"<hr \/>\r\n\r\n<strong>Schlaeppi Annegret\r\n<\/strong>Schmiedgasse 1, 9000 St. Gallen\r\n\r\nMobile: +41 (0) 79 935 13 13\r\nMail: <a href=\"annegret.schlaeppi@hin.ch\">annegret.schlaeppi@hin.ch<\/a>\r\n\r\n<hr \/>\r\n\r\n\u00a0","_et_gb_content_width":"","footnotes":""},"class_list":["post-2376","page","type-page","status-publish","hentry"],"acf":[],"yoast_head":"<!-- This site is optimized with the Yoast SEO plugin v27.3 - https:\/\/yoast.com\/product\/yoast-seo-wordpress\/ -->\n<title>St. Gallen<\/title>\n<meta name=\"description\" content=\"St. Gallen - Schweizerischer Berufsverband f\u00fcr A.P.P. nach A. Tomatis\" \/>\n<meta name=\"robots\" content=\"index, follow, max-snippet:-1, max-image-preview:large, max-video-preview:-1\" \/>\n<link rel=\"canonical\" href=\"https:\/\/a-p-p.ch\/de\/zentrumsadressen\/st-gallen\/\" \/>\n<meta property=\"og:locale\" content=\"de_DE\" \/>\n<meta property=\"og:type\" content=\"article\" \/>\n<meta property=\"og:title\" content=\"St. Gallen\" \/>\n<meta property=\"og:description\" content=\"St. Gallen - Schweizerischer Berufsverband f\u00fcr A.P.P. nach A. Tomatis\" \/>\n<meta property=\"og:url\" content=\"https:\/\/a-p-p.ch\/de\/zentrumsadressen\/st-gallen\/\" \/>\n<meta property=\"og:site_name\" content=\"Schweizerischer Berufsverband f\u00fcr A.P.P. nach A. Tomatis\" \/>\n<meta property=\"article:modified_time\" content=\"2024-09-23T19:21:00+00:00\" \/>\n<meta name=\"twitter:card\" content=\"summary_large_image\" \/>\n<meta name=\"twitter:label1\" content=\"Gesch\u00e4tzte Lesezeit\" \/>\n\t<meta name=\"twitter:data1\" content=\"1\u00a0Minute\" \/>\n<script type=\"application\/ld+json\" class=\"yoast-schema-graph\">{\"@context\":\"https:\\\/\\\/schema.org\",\"@graph\":[{\"@type\":\"WebPage\",\"@id\":\"https:\\\/\\\/a-p-p.ch\\\/de\\\/zentrumsadressen\\\/st-gallen\\\/\",\"url\":\"https:\\\/\\\/a-p-p.ch\\\/de\\\/zentrumsadressen\\\/st-gallen\\\/\",\"name\":\"St. Gallen\",\"isPartOf\":{\"@id\":\"https:\\\/\\\/a-p-p.ch\\\/de\\\/#website\"},\"datePublished\":\"2024-06-11T16:10:47+00:00\",\"dateModified\":\"2024-09-23T19:21:00+00:00\",\"description\":\"St. Gallen - Schweizerischer Berufsverband f\u00fcr A.P.P. nach A. Tomatis\",\"breadcrumb\":{\"@id\":\"https:\\\/\\\/a-p-p.ch\\\/de\\\/zentrumsadressen\\\/st-gallen\\\/#breadcrumb\"},\"inLanguage\":\"de\",\"potentialAction\":[{\"@type\":\"ReadAction\",\"target\":[\"https:\\\/\\\/a-p-p.ch\\\/de\\\/zentrumsadressen\\\/st-gallen\\\/\"]}]},{\"@type\":\"BreadcrumbList\",\"@id\":\"https:\\\/\\\/a-p-p.ch\\\/de\\\/zentrumsadressen\\\/st-gallen\\\/#breadcrumb\",\"itemListElement\":[{\"@type\":\"ListItem\",\"position\":1,\"name\":\"Startseite\",\"item\":\"https:\\\/\\\/a-p-p.ch\\\/de\\\/\"},{\"@type\":\"ListItem\",\"position\":2,\"name\":\"Zentrumsadressen\",\"item\":\"https:\\\/\\\/a-p-p.ch\\\/de\\\/zentrumsadressen\\\/\"},{\"@type\":\"ListItem\",\"position\":3,\"name\":\"St. Gallen\"}]},{\"@type\":\"WebSite\",\"@id\":\"https:\\\/\\\/a-p-p.ch\\\/de\\\/#website\",\"url\":\"https:\\\/\\\/a-p-p.ch\\\/de\\\/\",\"name\":\"Schweizerischer Berufsverband f\u00fcr A.P.P. nach A. Tomatis\",\"description\":\"\",\"publisher\":{\"@id\":\"https:\\\/\\\/a-p-p.ch\\\/de\\\/#organization\"},\"potentialAction\":[{\"@type\":\"SearchAction\",\"target\":{\"@type\":\"EntryPoint\",\"urlTemplate\":\"https:\\\/\\\/a-p-p.ch\\\/de\\\/?s={search_term_string}\"},\"query-input\":{\"@type\":\"PropertyValueSpecification\",\"valueRequired\":true,\"valueName\":\"search_term_string\"}}],\"inLanguage\":\"de\"},{\"@type\":\"Organization\",\"@id\":\"https:\\\/\\\/a-p-p.ch\\\/de\\\/#organization\",\"name\":\"Schweizerischer Berufsverband f\u00fcr A.P.P. nach A. Tomatis\",\"alternateName\":\"APP\",\"url\":\"https:\\\/\\\/a-p-p.ch\\\/de\\\/\",\"logo\":{\"@type\":\"ImageObject\",\"inLanguage\":\"de\",\"@id\":\"https:\\\/\\\/a-p-p.ch\\\/de\\\/#\\\/schema\\\/logo\\\/image\\\/\",\"url\":\"https:\\\/\\\/a-p-p.ch\\\/wp-content\\\/uploads\\\/2022\\\/04\\\/cropped-APP-Spirale-Logo.png\",\"contentUrl\":\"https:\\\/\\\/a-p-p.ch\\\/wp-content\\\/uploads\\\/2022\\\/04\\\/cropped-APP-Spirale-Logo.png\",\"width\":512,\"height\":512,\"caption\":\"Schweizerischer Berufsverband f\u00fcr A.P.P. nach A. Tomatis\"},\"image\":{\"@id\":\"https:\\\/\\\/a-p-p.ch\\\/de\\\/#\\\/schema\\\/logo\\\/image\\\/\"}}]}<\/script>\n<!-- \/ Yoast SEO plugin. -->","yoast_head_json":{"title":"St. Gallen","description":"St. Gallen - Schweizerischer Berufsverband f\u00fcr A.P.P. nach A. Tomatis","robots":{"index":"index","follow":"follow","max-snippet":"max-snippet:-1","max-image-preview":"max-image-preview:large","max-video-preview":"max-video-preview:-1"},"canonical":"https:\/\/a-p-p.ch\/de\/zentrumsadressen\/st-gallen\/","og_locale":"de_DE","og_type":"article","og_title":"St. Gallen","og_description":"St. Gallen - Schweizerischer Berufsverband f\u00fcr A.P.P. nach A. Tomatis","og_url":"https:\/\/a-p-p.ch\/de\/zentrumsadressen\/st-gallen\/","og_site_name":"Schweizerischer Berufsverband f\u00fcr A.P.P. nach A. Tomatis","article_modified_time":"2024-09-23T19:21:00+00:00","twitter_card":"summary_large_image","twitter_misc":{"Gesch\u00e4tzte Lesezeit":"1\u00a0Minute"},"schema":{"@context":"https:\/\/schema.org","@graph":[{"@type":"WebPage","@id":"https:\/\/a-p-p.ch\/de\/zentrumsadressen\/st-gallen\/","url":"https:\/\/a-p-p.ch\/de\/zentrumsadressen\/st-gallen\/","name":"St. Gallen","isPartOf":{"@id":"https:\/\/a-p-p.ch\/de\/#website"},"datePublished":"2024-06-11T16:10:47+00:00","dateModified":"2024-09-23T19:21:00+00:00","description":"St. Gallen - Schweizerischer Berufsverband f\u00fcr A.P.P. nach A. Tomatis","breadcrumb":{"@id":"https:\/\/a-p-p.ch\/de\/zentrumsadressen\/st-gallen\/#breadcrumb"},"inLanguage":"de","potentialAction":[{"@type":"ReadAction","target":["https:\/\/a-p-p.ch\/de\/zentrumsadressen\/st-gallen\/"]}]},{"@type":"BreadcrumbList","@id":"https:\/\/a-p-p.ch\/de\/zentrumsadressen\/st-gallen\/#breadcrumb","itemListElement":[{"@type":"ListItem","position":1,"name":"Startseite","item":"https:\/\/a-p-p.ch\/de\/"},{"@type":"ListItem","position":2,"name":"Zentrumsadressen","item":"https:\/\/a-p-p.ch\/de\/zentrumsadressen\/"},{"@type":"ListItem","position":3,"name":"St. Gallen"}]},{"@type":"WebSite","@id":"https:\/\/a-p-p.ch\/de\/#website","url":"https:\/\/a-p-p.ch\/de\/","name":"Schweizerischer Berufsverband f\u00fcr A.P.P. nach A. Tomatis","description":"","publisher":{"@id":"https:\/\/a-p-p.ch\/de\/#organization"},"potentialAction":[{"@type":"SearchAction","target":{"@type":"EntryPoint","urlTemplate":"https:\/\/a-p-p.ch\/de\/?s={search_term_string}"},"query-input":{"@type":"PropertyValueSpecification","valueRequired":true,"valueName":"search_term_string"}}],"inLanguage":"de"},{"@type":"Organization","@id":"https:\/\/a-p-p.ch\/de\/#organization","name":"Schweizerischer Berufsverband f\u00fcr A.P.P. nach A. Tomatis","alternateName":"APP","url":"https:\/\/a-p-p.ch\/de\/","logo":{"@type":"ImageObject","inLanguage":"de","@id":"https:\/\/a-p-p.ch\/de\/#\/schema\/logo\/image\/","url":"https:\/\/a-p-p.ch\/wp-content\/uploads\/2022\/04\/cropped-APP-Spirale-Logo.png","contentUrl":"https:\/\/a-p-p.ch\/wp-content\/uploads\/2022\/04\/cropped-APP-Spirale-Logo.png","width":512,"height":512,"caption":"Schweizerischer Berufsverband f\u00fcr A.P.P. nach A. Tomatis"},"image":{"@id":"https:\/\/a-p-p.ch\/de\/#\/schema\/logo\/image\/"}}]}},"_links":{"self":[{"href":"https:\/\/a-p-p.ch\/de\/wp-json\/wp\/v2\/pages\/2376","targetHints":{"allow":["GET"]}}],"collection":[{"href":"https:\/\/a-p-p.ch\/de\/wp-json\/wp\/v2\/pages"}],"about":[{"href":"https:\/\/a-p-p.ch\/de\/wp-json\/wp\/v2\/types\/page"}],"author":[{"embeddable":true,"href":"https:\/\/a-p-p.ch\/de\/wp-json\/wp\/v2\/users\/4"}],"replies":[{"embeddable":true,"href":"https:\/\/a-p-p.ch\/de\/wp-json\/wp\/v2\/comments?post=2376"}],"version-history":[{"count":0,"href":"https:\/\/a-p-p.ch\/de\/wp-json\/wp\/v2\/pages\/2376\/revisions"}],"up":[{"embeddable":true,"href":"https:\/\/a-p-p.ch\/de\/wp-json\/wp\/v2\/pages\/27"}],"wp:attachment":[{"href":"https:\/\/a-p-p.ch\/de\/wp-json\/wp\/v2\/media?parent=2376"}],"curies":[{"name":"wp","href":"https:\/\/api.w.org\/{rel}","templated":true}]}}