{"id":25,"date":"2022-04-13T09:56:47","date_gmt":"2022-04-13T07:56:47","guid":{"rendered":"https:\/\/2022.a-p-p.ch\/?page_id=25"},"modified":"2024-02-19T18:44:26","modified_gmt":"2024-02-19T17:44:26","slug":"berufsverband","status":"publish","type":"page","link":"https:\/\/a-p-p.ch\/de\/berufsverband\/","title":{"rendered":"Berufsverband"},"content":{"rendered":"<p>[et_pb_section fb_built=&#8221;1&#8243; admin_label=&#8221;Sektion&#8221; _builder_version=&#8221;4.16&#8243; global_colors_info=&#8221;{}&#8221;][et_pb_row _builder_version=&#8221;4.17.4&#8243; _module_preset=&#8221;default&#8221; global_colors_info=&#8221;{}&#8221;][et_pb_column type=&#8221;4_4&#8243; _builder_version=&#8221;4.17.4&#8243; _module_preset=&#8221;default&#8221; global_colors_info=&#8221;{}&#8221;][et_pb_post_title meta=&#8221;off&#8221; featured_image=&#8221;off&#8221; _builder_version=&#8221;4.17.4&#8243; _module_preset=&#8221;default&#8221; border_width_bottom=&#8221;1px&#8221; border_color_bottom=&#8221;#4275AF&#8221; border_style_bottom=&#8221;dashed&#8221; global_colors_info=&#8221;{}&#8221;][\/et_pb_post_title][\/et_pb_column][\/et_pb_row][et_pb_row column_structure=&#8221;2_3,1_3&#8243; _builder_version=&#8221;4.17.4&#8243; _module_preset=&#8221;default&#8221; collapsed=&#8221;on&#8221; global_colors_info=&#8221;{}&#8221;][et_pb_column type=&#8221;2_3&#8243; _builder_version=&#8221;4.17.4&#8243; _module_preset=&#8221;default&#8221; global_colors_info=&#8221;{}&#8221;][et_pb_text admin_label=&#8221;Text&#8221; _builder_version=&#8221;4.17.4&#8243; background_size=&#8221;initial&#8221; background_position=&#8221;top_left&#8221; background_repeat=&#8221;repeat&#8221; global_colors_info=&#8221;{}&#8221;]<\/p>\n<p>Der schweizerische Berufsverband f\u00fcr Audio \u2013 Psycho \u2013 Phonologie nach A. Tomatis wurde 1997 gegr\u00fcndet. Alle Gr\u00fcndungsmitglieder wurden von Dr. A. Tomatis, Gr\u00fcnder der Audio Psycho \u2013 Phonologie, ausgebildet.<strong><\/strong><\/p>\n<p><strong>Schweizericher Berufsverband f\u00fcr APP nach A. Tomatis\u00ae<\/strong><\/p>\n<p>Mail:<span> contact@a-p-p.ch<\/span><\/p>\n<p><strong><\/strong><\/p>\n<p>[\/et_pb_text][et_pb_text _builder_version=&#8221;4.17.4&#8243; _module_preset=&#8221;default&#8221; custom_margin=&#8221;||16px|||&#8221; global_colors_info=&#8221;{}&#8221;]<\/p>\n<h2>Ziele des Verbandes f\u00fcr APP:<\/h2>\n<p>[\/et_pb_text][et_pb_blurb use_icon=&#8221;on&#8221; font_icon=&#8221;&#x52;||divi||400&#8243; icon_placement=&#8221;left&#8221; admin_label=&#8221;Informationstext&#8221; _builder_version=&#8221;4.24.1&#8243; _module_preset=&#8221;default&#8221; animation_style=&#8221;slide&#8221; animation_direction=&#8221;left&#8221; animation=&#8221;off&#8221; global_colors_info=&#8221;{}&#8221;]<\/p>\n<p>Er bezweckt die F\u00f6rderung der Interessen der schweizerischen Audio \u2013 Psycho \u2013 PhonologInnen nach A. Tomatis.<\/p>\n<p>[\/et_pb_blurb][et_pb_blurb use_icon=&#8221;on&#8221; font_icon=&#8221;&#x52;||divi||400&#8243; icon_placement=&#8221;left&#8221; _builder_version=&#8221;4.17.4&#8243; _module_preset=&#8221;default&#8221; animation_style=&#8221;slide&#8221; animation_direction=&#8221;left&#8221; animation=&#8221;off&#8221; global_colors_info=&#8221;{}&#8221;]<\/p>\n<p>Er vertritt die Interessen seiner Mitglieder gegen\u00fcber staatlichen Institutionen, Versicherungen und Krankenkassen.<\/p>\n<p>[\/et_pb_blurb][et_pb_blurb use_icon=&#8221;on&#8221; font_icon=&#8221;&#x52;||divi||400&#8243; icon_placement=&#8221;left&#8221; _builder_version=&#8221;4.17.4&#8243; _module_preset=&#8221;default&#8221; animation_style=&#8221;slide&#8221; animation_direction=&#8221;left&#8221; animation=&#8221;off&#8221; global_colors_info=&#8221;{}&#8221;]<\/p>\n<p>Er f\u00f6rdert die Information der \u00d6ffentlichkeit \u00fcber M\u00f6glichkeiten und Ziele der Audio \u2013 Psycho \u2013 Phonologie nach A. Tomatis.<\/p>\n<p>[\/et_pb_blurb][et_pb_blurb use_icon=&#8221;on&#8221; font_icon=&#8221;&#x52;||divi||400&#8243; icon_placement=&#8221;left&#8221; _builder_version=&#8221;4.17.4&#8243; _module_preset=&#8221;default&#8221; animation_style=&#8221;slide&#8221; animation_direction=&#8221;left&#8221; animation=&#8221;off&#8221; global_colors_info=&#8221;{}&#8221;]<\/p>\n<p>Er f\u00f6rdert die Ausbildung, die Weiterbildung und den Qualit\u00e4tsstandard in der Arbeit seiner Mitglieder.<\/p>\n<p>[\/et_pb_blurb][et_pb_blurb use_icon=&#8221;on&#8221; font_icon=&#8221;&#x52;||divi||400&#8243; icon_placement=&#8221;left&#8221; _builder_version=&#8221;4.17.4&#8243; _module_preset=&#8221;default&#8221; animation_style=&#8221;slide&#8221; animation_direction=&#8221;left&#8221; animation=&#8221;off&#8221; global_colors_info=&#8221;{}&#8221;]<\/p>\n<p>Er f\u00f6rdert die Kommunikation zwischen den Audio \u2013 Psycho \u2013 PhonologInnen nach A.Tomatis in der Schweiz und im Ausland, sowie zu Personen und Institutionen aus angrenzenden Fachbereichen.<\/p>\n<p>[\/et_pb_blurb][\/et_pb_column][et_pb_column type=&#8221;1_3&#8243; _builder_version=&#8221;4.17.4&#8243; _module_preset=&#8221;default&#8221; global_colors_info=&#8221;{}&#8221;][et_pb_image src=&#8221;https:\/\/a-p-p.ch\/wp-content\/uploads\/2023\/12\/005_APP_Bienne-2023_09_30_High_Res-scaled.jpg&#8221; title_text=&#8221;005_APP_Bienne-2023_09_30_High_Res&#8221; show_in_lightbox=&#8221;on&#8221; admin_label=&#8221;Bild&#8221; _builder_version=&#8221;4.23.1&#8243; _module_preset=&#8221;default&#8221; global_colors_info=&#8221;{}&#8221;][\/et_pb_image][et_pb_image src=&#8221;https:\/\/a-p-p.ch\/wp-content\/uploads\/2022\/10\/APP-Gruppenfoto-scaled-e1665046255211.jpg&#8221; title_text=&#8221;APP Gruppenfoto&#8221; show_in_lightbox=&#8221;on&#8221; _builder_version=&#8221;4.23&#8243; _module_preset=&#8221;default&#8221; global_colors_info=&#8221;{}&#8221;][\/et_pb_image][\/et_pb_column][\/et_pb_row][\/et_pb_section]<\/p>\n","protected":false},"excerpt":{"rendered":"<p>Der schweizerische Berufsverband f\u00fcr Audio \u2013 Psycho \u2013 Phonologie nach A. Tomatis wurde 1997 gegr\u00fcndet. Adresse: Sch\u00fctzengasse 32, 2505 Biel<\/p>\n","protected":false},"author":2,"featured_media":0,"parent":0,"menu_order":0,"comment_status":"closed","ping_status":"closed","template":"","meta":{"_acf_changed":false,"_et_pb_use_builder":"on","_et_pb_old_content":"<p>Der schweizerische Berufsverband f\u00fcr Audio \u2013 Psycho \u2013 Phonologie nach A. Tomatis wurde 1997 gegr\u00fcndet. Alle Gr\u00fcndungsmitglieder wurden von Dr. A. Tomatis, Gr\u00fcnder der Audio \u2013 Psycho \u2013 Phonologie, ausgebildet und gepr\u00fcft.<\/p><p><strong>Ziele des Verbandes f\u00fcr APP:<\/strong><\/p><ul><li>er bezweckt die F\u00f6rderung der Interessen der schweizerischen Audio \u2013 Psycho \u2013 PhonologInnen nach A. Tomatis<\/li><li>er vertritt die Interessen seiner Mitglieder gegen\u00fcber staatlichen Institutionen, Versicherungen und Krankenkassen<\/li><li>er f\u00f6rdert die Information der \u00d6ffentlichkeit \u00fcber M\u00f6glichkeiten und Ziele der Audio \u2013 Psycho \u2013 Phonologie nach A. Tomatis<\/li><li>er f\u00f6rdert die Ausbildung, die Weiterbildung und den Qualit\u00e4tsstandard in der Arbeit seiner Mitglieder<\/li><li>er f\u00f6rdert die Kommunikation zwischen den Audio \u2013 Psycho \u2013 PhonologInnen nach A.Tomatis in der Schweiz und im Ausland, sowie zu Personen und Institutionen aus angrenzenden Fachbereichen.<\/li><\/ul>","_et_gb_content_width":"","footnotes":""},"class_list":["post-25","page","type-page","status-publish","hentry"],"acf":[],"yoast_head":"<!-- This site is optimized with the Yoast SEO plugin v27.3 - https:\/\/yoast.com\/product\/yoast-seo-wordpress\/ -->\n<title>Berufsverband f\u00fcr Audio \u2013 Psycho \u2013 Phonologie nach A. Tomatis<\/title>\n<meta name=\"description\" content=\"Der schweizerische Berufsverband f\u00fcr Audio \u2013 Psycho \u2013 Phonologie nach A. Tomatis wurde 1997 gegr\u00fcndet. Adresse: Sch\u00fctzengasse 32, 2505 Biel\" \/>\n<meta name=\"robots\" content=\"index, follow, max-snippet:-1, max-image-preview:large, max-video-preview:-1\" \/>\n<link rel=\"canonical\" href=\"https:\/\/a-p-p.ch\/de\/berufsverband\/\" \/>\n<meta property=\"og:locale\" content=\"de_DE\" \/>\n<meta property=\"og:type\" content=\"article\" \/>\n<meta property=\"og:title\" content=\"Berufsverband f\u00fcr Audio \u2013 Psycho \u2013 Phonologie nach A. Tomatis\" \/>\n<meta property=\"og:description\" content=\"Der schweizerische Berufsverband f\u00fcr Audio \u2013 Psycho \u2013 Phonologie nach A. Tomatis wurde 1997 gegr\u00fcndet. Adresse: Sch\u00fctzengasse 32, 2505 Biel\" \/>\n<meta property=\"og:url\" content=\"https:\/\/a-p-p.ch\/de\/berufsverband\/\" \/>\n<meta property=\"og:site_name\" content=\"Schweizerischer Berufsverband f\u00fcr A.P.P. nach A. Tomatis\" \/>\n<meta property=\"article:modified_time\" content=\"2024-02-19T17:44:26+00:00\" \/>\n<meta name=\"twitter:card\" content=\"summary_large_image\" \/>\n<meta name=\"twitter:label1\" content=\"Gesch\u00e4tzte Lesezeit\" \/>\n\t<meta name=\"twitter:data1\" content=\"3\u00a0Minuten\" \/>\n<script type=\"application\/ld+json\" class=\"yoast-schema-graph\">{\"@context\":\"https:\\\/\\\/schema.org\",\"@graph\":[{\"@type\":\"WebPage\",\"@id\":\"https:\\\/\\\/a-p-p.ch\\\/de\\\/berufsverband\\\/\",\"url\":\"https:\\\/\\\/a-p-p.ch\\\/de\\\/berufsverband\\\/\",\"name\":\"Berufsverband f\u00fcr Audio \u2013 Psycho \u2013 Phonologie nach A. Tomatis\",\"isPartOf\":{\"@id\":\"https:\\\/\\\/a-p-p.ch\\\/de\\\/#website\"},\"datePublished\":\"2022-04-13T07:56:47+00:00\",\"dateModified\":\"2024-02-19T17:44:26+00:00\",\"description\":\"Der schweizerische Berufsverband f\u00fcr Audio \u2013 Psycho \u2013 Phonologie nach A. Tomatis wurde 1997 gegr\u00fcndet. Adresse: Sch\u00fctzengasse 32, 2505 Biel\",\"breadcrumb\":{\"@id\":\"https:\\\/\\\/a-p-p.ch\\\/de\\\/berufsverband\\\/#breadcrumb\"},\"inLanguage\":\"de\",\"potentialAction\":[{\"@type\":\"ReadAction\",\"target\":[\"https:\\\/\\\/a-p-p.ch\\\/de\\\/berufsverband\\\/\"]}]},{\"@type\":\"BreadcrumbList\",\"@id\":\"https:\\\/\\\/a-p-p.ch\\\/de\\\/berufsverband\\\/#breadcrumb\",\"itemListElement\":[{\"@type\":\"ListItem\",\"position\":1,\"name\":\"Startseite\",\"item\":\"https:\\\/\\\/a-p-p.ch\\\/de\\\/\"},{\"@type\":\"ListItem\",\"position\":2,\"name\":\"Berufsverband\"}]},{\"@type\":\"WebSite\",\"@id\":\"https:\\\/\\\/a-p-p.ch\\\/de\\\/#website\",\"url\":\"https:\\\/\\\/a-p-p.ch\\\/de\\\/\",\"name\":\"Schweizerischer Berufsverband f\u00fcr A.P.P. nach A. Tomatis\",\"description\":\"\",\"publisher\":{\"@id\":\"https:\\\/\\\/a-p-p.ch\\\/de\\\/#organization\"},\"potentialAction\":[{\"@type\":\"SearchAction\",\"target\":{\"@type\":\"EntryPoint\",\"urlTemplate\":\"https:\\\/\\\/a-p-p.ch\\\/de\\\/?s={search_term_string}\"},\"query-input\":{\"@type\":\"PropertyValueSpecification\",\"valueRequired\":true,\"valueName\":\"search_term_string\"}}],\"inLanguage\":\"de\"},{\"@type\":\"Organization\",\"@id\":\"https:\\\/\\\/a-p-p.ch\\\/de\\\/#organization\",\"name\":\"Schweizerischer Berufsverband f\u00fcr A.P.P. nach A. Tomatis\",\"alternateName\":\"APP\",\"url\":\"https:\\\/\\\/a-p-p.ch\\\/de\\\/\",\"logo\":{\"@type\":\"ImageObject\",\"inLanguage\":\"de\",\"@id\":\"https:\\\/\\\/a-p-p.ch\\\/de\\\/#\\\/schema\\\/logo\\\/image\\\/\",\"url\":\"https:\\\/\\\/a-p-p.ch\\\/wp-content\\\/uploads\\\/2022\\\/04\\\/cropped-APP-Spirale-Logo.png\",\"contentUrl\":\"https:\\\/\\\/a-p-p.ch\\\/wp-content\\\/uploads\\\/2022\\\/04\\\/cropped-APP-Spirale-Logo.png\",\"width\":512,\"height\":512,\"caption\":\"Schweizerischer Berufsverband f\u00fcr A.P.P. nach A. Tomatis\"},\"image\":{\"@id\":\"https:\\\/\\\/a-p-p.ch\\\/de\\\/#\\\/schema\\\/logo\\\/image\\\/\"}}]}<\/script>\n<!-- \/ Yoast SEO plugin. -->","yoast_head_json":{"title":"Berufsverband f\u00fcr Audio \u2013 Psycho \u2013 Phonologie nach A. Tomatis","description":"Der schweizerische Berufsverband f\u00fcr Audio \u2013 Psycho \u2013 Phonologie nach A. Tomatis wurde 1997 gegr\u00fcndet. Adresse: Sch\u00fctzengasse 32, 2505 Biel","robots":{"index":"index","follow":"follow","max-snippet":"max-snippet:-1","max-image-preview":"max-image-preview:large","max-video-preview":"max-video-preview:-1"},"canonical":"https:\/\/a-p-p.ch\/de\/berufsverband\/","og_locale":"de_DE","og_type":"article","og_title":"Berufsverband f\u00fcr Audio \u2013 Psycho \u2013 Phonologie nach A. Tomatis","og_description":"Der schweizerische Berufsverband f\u00fcr Audio \u2013 Psycho \u2013 Phonologie nach A. Tomatis wurde 1997 gegr\u00fcndet. Adresse: Sch\u00fctzengasse 32, 2505 Biel","og_url":"https:\/\/a-p-p.ch\/de\/berufsverband\/","og_site_name":"Schweizerischer Berufsverband f\u00fcr A.P.P. nach A. Tomatis","article_modified_time":"2024-02-19T17:44:26+00:00","twitter_card":"summary_large_image","twitter_misc":{"Gesch\u00e4tzte Lesezeit":"3\u00a0Minuten"},"schema":{"@context":"https:\/\/schema.org","@graph":[{"@type":"WebPage","@id":"https:\/\/a-p-p.ch\/de\/berufsverband\/","url":"https:\/\/a-p-p.ch\/de\/berufsverband\/","name":"Berufsverband f\u00fcr Audio \u2013 Psycho \u2013 Phonologie nach A. Tomatis","isPartOf":{"@id":"https:\/\/a-p-p.ch\/de\/#website"},"datePublished":"2022-04-13T07:56:47+00:00","dateModified":"2024-02-19T17:44:26+00:00","description":"Der schweizerische Berufsverband f\u00fcr Audio \u2013 Psycho \u2013 Phonologie nach A. Tomatis wurde 1997 gegr\u00fcndet. Adresse: Sch\u00fctzengasse 32, 2505 Biel","breadcrumb":{"@id":"https:\/\/a-p-p.ch\/de\/berufsverband\/#breadcrumb"},"inLanguage":"de","potentialAction":[{"@type":"ReadAction","target":["https:\/\/a-p-p.ch\/de\/berufsverband\/"]}]},{"@type":"BreadcrumbList","@id":"https:\/\/a-p-p.ch\/de\/berufsverband\/#breadcrumb","itemListElement":[{"@type":"ListItem","position":1,"name":"Startseite","item":"https:\/\/a-p-p.ch\/de\/"},{"@type":"ListItem","position":2,"name":"Berufsverband"}]},{"@type":"WebSite","@id":"https:\/\/a-p-p.ch\/de\/#website","url":"https:\/\/a-p-p.ch\/de\/","name":"Schweizerischer Berufsverband f\u00fcr A.P.P. nach A. Tomatis","description":"","publisher":{"@id":"https:\/\/a-p-p.ch\/de\/#organization"},"potentialAction":[{"@type":"SearchAction","target":{"@type":"EntryPoint","urlTemplate":"https:\/\/a-p-p.ch\/de\/?s={search_term_string}"},"query-input":{"@type":"PropertyValueSpecification","valueRequired":true,"valueName":"search_term_string"}}],"inLanguage":"de"},{"@type":"Organization","@id":"https:\/\/a-p-p.ch\/de\/#organization","name":"Schweizerischer Berufsverband f\u00fcr A.P.P. nach A. Tomatis","alternateName":"APP","url":"https:\/\/a-p-p.ch\/de\/","logo":{"@type":"ImageObject","inLanguage":"de","@id":"https:\/\/a-p-p.ch\/de\/#\/schema\/logo\/image\/","url":"https:\/\/a-p-p.ch\/wp-content\/uploads\/2022\/04\/cropped-APP-Spirale-Logo.png","contentUrl":"https:\/\/a-p-p.ch\/wp-content\/uploads\/2022\/04\/cropped-APP-Spirale-Logo.png","width":512,"height":512,"caption":"Schweizerischer Berufsverband f\u00fcr A.P.P. nach A. Tomatis"},"image":{"@id":"https:\/\/a-p-p.ch\/de\/#\/schema\/logo\/image\/"}}]}},"_links":{"self":[{"href":"https:\/\/a-p-p.ch\/de\/wp-json\/wp\/v2\/pages\/25","targetHints":{"allow":["GET"]}}],"collection":[{"href":"https:\/\/a-p-p.ch\/de\/wp-json\/wp\/v2\/pages"}],"about":[{"href":"https:\/\/a-p-p.ch\/de\/wp-json\/wp\/v2\/types\/page"}],"author":[{"embeddable":true,"href":"https:\/\/a-p-p.ch\/de\/wp-json\/wp\/v2\/users\/2"}],"replies":[{"embeddable":true,"href":"https:\/\/a-p-p.ch\/de\/wp-json\/wp\/v2\/comments?post=25"}],"version-history":[{"count":0,"href":"https:\/\/a-p-p.ch\/de\/wp-json\/wp\/v2\/pages\/25\/revisions"}],"wp:attachment":[{"href":"https:\/\/a-p-p.ch\/de\/wp-json\/wp\/v2\/media?parent=25"}],"curies":[{"name":"wp","href":"https:\/\/api.w.org\/{rel}","templated":true}]}}