{"id":43,"date":"2022-05-19T13:02:43","date_gmt":"2022-05-19T11:02:43","guid":{"rendered":"https:\/\/2022.a-p-p.ch\/?page_id=43"},"modified":"2024-08-18T18:07:28","modified_gmt":"2024-08-18T16:07:28","slug":"mettmenstetten","status":"publish","type":"page","link":"https:\/\/a-p-p.ch\/de\/zentrumsadressen\/mettmenstetten\/","title":{"rendered":"Mettmenstetten"},"content":{"rendered":"<p><iframe loading=\"lazy\" style=\"border: 0;\" src=\"https:\/\/www.google.com\/maps\/embed?pb=!1m18!1m12!1m3!1d2708.574404557813!2d8.452911715919548!3d47.244470179162235!2m3!1f0!2f0!3f0!3m2!1i1024!2i768!4f13.1!3m3!1m2!1s0x479006e2a864cfe9%3A0x10ee8836fac8b12b!2sNeuro-H%C3%B6rtherapie%20-%20nach%20A.%20Tomatis%20-Alexandra%20Meier!5e0!3m2!1sde!2sch!4v1652958094507!5m2!1sde!2sch\" width=\"1080\" height=\"450\" allowfullscreen=\"allowfullscreen\" data-mce-fragment=\"1\"><span data-mce-type=\"bookmark\" style=\"display: inline-block; width: 0px; overflow: hidden; line-height: 0;\" class=\"mce_SELRES_start\">\ufeff<\/span><span data-mce-type=\"bookmark\" style=\"display: inline-block; width: 0px; overflow: hidden; line-height: 0;\" class=\"mce_SELRES_start\">\ufeff<\/span><\/iframe><\/p>\n<hr \/>\n<p><strong>Neuro-H\u00f6rtherapie <\/strong>Im Grindel 37, 8932 Mettmenstetten Tel: +41 (0)44 767 00 16 Mobile: +41 (0)79 484 52 27 Mail: <a href=\"mailto:info@neuro-hoertherapie.ch\">info@neuro-hoertherapie.ch<\/a> Web: <a href=\"https:\/\/www.neuro-hoertherapie.ch\" target=\"_blank\" rel=\"noopener\">www.neuro-hoertherapie.ch<\/a><\/p>\n<hr \/>\n<h2>Alexandra Meier (Z)*<\/h2>\n<p>Ich bin gelernte Dentalassistentin und arbeitete viele Jahre als kaufm\u00e4nnische Angestellte. Meine Familie und die Erziehung meiner zwei mittlerweile erwachsenen S\u00f6hne stand in meinem Leben stets im Vordergrund. Schon immer hatte ich grosses Interesse an alternativen Heilmethoden. Daher absolviere ich seit mehreren Jahren regelm\u00e4ssig Ausbildungen in verschiedenen Bereichen. <strong>Meine Fortbildungen:\u00a0<\/strong><\/p>\n<ul>\n<li>Zertifizierte Systemische H\u00f6rtherapeutin, Institut Auris Integralis, Dr. med. D. Beckedorf, Dipl. -Psych. F. M\u00fcller<\/li>\n<li>Schule der Geistheilung \u00ae nach Horst Krohne<\/li>\n<li>\u201eTouch for health\u201c, Kinesiologie<\/li>\n<li>First Responder der Feuerwehr Knonaueramt S\u00fcd<\/li>\n<li>Zertifiziert, Lu Jong Lehrerin, tibetische K\u00f6rper\u00fcbungen, Tulku Lobsang\n<ul>\n<li>Zertifizierte Systemische H\u00f6rtherapeutin, Institut Auris Integralis, Dr. med. D. Beckedorf, Dipl. -Psych. F. M\u00fcller*(Z) zertifiziert nach der Fortbildungskontrolle durch den Berufsverband<\/li>\n<\/ul>\n<\/li>\n<\/ul>\n<hr \/>\n<h2>Anfahrt<\/h2>\n<p>Nach dem Bahn\u00fcbergang, welcher 1 Gehminute von der Praxis entfernt ist, befinden sich gen\u00fcgend SBB Parkp\u00e4tze. Guter S-Bahn-Anschluss (mehrere S-Bahn-Linien).<\/p>\n<hr \/>\n<h2>\u00d6ffnungszeiten:<\/h2>\n<p>Montag &#8211; Freitag: 07.00 \u2013 20.00 Samstag: 07.00 \u2013 12.00 Sonntag: Geschlossen<\/p>\n<ul>\n<li>\u00d6ffnungszeiten ganzj\u00e4hrig, auch w\u00e4hrend der Schulferien.<\/li>\n<li>Termine nur nach telefonischer Vereinbarung.<\/li>\n<li>Da ich laufende Behandlungen nicht unterbrechen m\u00f6chte- und somit nicht immer pers\u00f6nlich erreichbar bin \u2013 bitte ich Sie, eine Nachricht zu hinterlassen. Ich kontaktiere Sie dann umgehend.<\/li>\n<\/ul>\n","protected":false},"excerpt":{"rendered":"<p>\ufeff\ufeff Neuro-H\u00f6rtherapie Im Grindel 37, 8932 Mettmenstetten Tel: +41 (0)44 767 00 16 Mobile: +41 (0)79 484 52 27 Mail: info@neuro-hoertherapie.ch Web: www.neuro-hoertherapie.ch Alexandra Meier (Z)* Ich bin gelernte Dentalassistentin [&hellip;]<\/p>\n","protected":false},"author":2,"featured_media":259,"parent":27,"menu_order":0,"comment_status":"closed","ping_status":"closed","template":"","meta":{"_acf_changed":false,"_et_pb_use_builder":"off","_et_pb_old_content":"","_et_gb_content_width":"","footnotes":""},"class_list":["post-43","page","type-page","status-publish","has-post-thumbnail","hentry"],"acf":[],"yoast_head":"<!-- This site is optimized with the Yoast SEO plugin v27.5 - https:\/\/yoast.com\/product\/yoast-seo-wordpress\/ -->\n<title>Mettmenstetten<\/title>\n<meta name=\"description\" content=\"Mettmenstetten - Schweizerischer Berufsverband f\u00fcr A.P.P. nach A. Tomatis\" \/>\n<meta name=\"robots\" content=\"index, follow, max-snippet:-1, max-image-preview:large, max-video-preview:-1\" \/>\n<link rel=\"canonical\" href=\"https:\/\/a-p-p.ch\/de\/zentrumsadressen\/mettmenstetten\/\" \/>\n<meta property=\"og:locale\" content=\"de_DE\" \/>\n<meta property=\"og:type\" content=\"article\" \/>\n<meta property=\"og:title\" content=\"Mettmenstetten\" \/>\n<meta property=\"og:description\" content=\"Mettmenstetten - Schweizerischer Berufsverband f\u00fcr A.P.P. nach A. Tomatis\" \/>\n<meta property=\"og:url\" content=\"https:\/\/a-p-p.ch\/de\/zentrumsadressen\/mettmenstetten\/\" \/>\n<meta property=\"og:site_name\" content=\"Schweizerischer Berufsverband f\u00fcr A.P.P. nach A. Tomatis\" \/>\n<meta property=\"article:modified_time\" content=\"2024-08-18T16:07:28+00:00\" \/>\n<meta property=\"og:image\" content=\"https:\/\/a-p-p.ch\/wp-content\/uploads\/2022\/04\/APP-Spirale-mit-Text-Logo.png\" \/>\n\t<meta property=\"og:image:width\" content=\"1080\" \/>\n\t<meta property=\"og:image:height\" content=\"855\" \/>\n\t<meta property=\"og:image:type\" content=\"image\/png\" \/>\n<meta name=\"twitter:card\" content=\"summary_large_image\" \/>\n<meta name=\"twitter:label1\" content=\"Gesch\u00e4tzte Lesezeit\" \/>\n\t<meta name=\"twitter:data1\" content=\"1\u00a0Minute\" \/>\n<script type=\"application\/ld+json\" class=\"yoast-schema-graph\">{\"@context\":\"https:\\\/\\\/schema.org\",\"@graph\":[{\"@type\":\"WebPage\",\"@id\":\"https:\\\/\\\/a-p-p.ch\\\/de\\\/zentrumsadressen\\\/mettmenstetten\\\/\",\"url\":\"https:\\\/\\\/a-p-p.ch\\\/de\\\/zentrumsadressen\\\/mettmenstetten\\\/\",\"name\":\"Mettmenstetten\",\"isPartOf\":{\"@id\":\"https:\\\/\\\/a-p-p.ch\\\/de\\\/#website\"},\"primaryImageOfPage\":{\"@id\":\"https:\\\/\\\/a-p-p.ch\\\/de\\\/zentrumsadressen\\\/mettmenstetten\\\/#primaryimage\"},\"image\":{\"@id\":\"https:\\\/\\\/a-p-p.ch\\\/de\\\/zentrumsadressen\\\/mettmenstetten\\\/#primaryimage\"},\"thumbnailUrl\":\"https:\\\/\\\/a-p-p.ch\\\/wp-content\\\/uploads\\\/2022\\\/04\\\/APP-Spirale-mit-Text-Logo.png\",\"datePublished\":\"2022-05-19T11:02:43+00:00\",\"dateModified\":\"2024-08-18T16:07:28+00:00\",\"description\":\"Mettmenstetten - Schweizerischer Berufsverband f\u00fcr A.P.P. nach A. Tomatis\",\"breadcrumb\":{\"@id\":\"https:\\\/\\\/a-p-p.ch\\\/de\\\/zentrumsadressen\\\/mettmenstetten\\\/#breadcrumb\"},\"inLanguage\":\"de\",\"potentialAction\":[{\"@type\":\"ReadAction\",\"target\":[\"https:\\\/\\\/a-p-p.ch\\\/de\\\/zentrumsadressen\\\/mettmenstetten\\\/\"]}]},{\"@type\":\"ImageObject\",\"inLanguage\":\"de\",\"@id\":\"https:\\\/\\\/a-p-p.ch\\\/de\\\/zentrumsadressen\\\/mettmenstetten\\\/#primaryimage\",\"url\":\"https:\\\/\\\/a-p-p.ch\\\/wp-content\\\/uploads\\\/2022\\\/04\\\/APP-Spirale-mit-Text-Logo.png\",\"contentUrl\":\"https:\\\/\\\/a-p-p.ch\\\/wp-content\\\/uploads\\\/2022\\\/04\\\/APP-Spirale-mit-Text-Logo.png\",\"width\":1080,\"height\":855},{\"@type\":\"BreadcrumbList\",\"@id\":\"https:\\\/\\\/a-p-p.ch\\\/de\\\/zentrumsadressen\\\/mettmenstetten\\\/#breadcrumb\",\"itemListElement\":[{\"@type\":\"ListItem\",\"position\":1,\"name\":\"Startseite\",\"item\":\"https:\\\/\\\/a-p-p.ch\\\/de\\\/\"},{\"@type\":\"ListItem\",\"position\":2,\"name\":\"Zentrumsadressen\",\"item\":\"https:\\\/\\\/a-p-p.ch\\\/de\\\/zentrumsadressen\\\/\"},{\"@type\":\"ListItem\",\"position\":3,\"name\":\"Mettmenstetten\"}]},{\"@type\":\"WebSite\",\"@id\":\"https:\\\/\\\/a-p-p.ch\\\/de\\\/#website\",\"url\":\"https:\\\/\\\/a-p-p.ch\\\/de\\\/\",\"name\":\"Schweizerischer Berufsverband f\u00fcr A.P.P. nach A. Tomatis\",\"description\":\"\",\"publisher\":{\"@id\":\"https:\\\/\\\/a-p-p.ch\\\/de\\\/#organization\"},\"potentialAction\":[{\"@type\":\"SearchAction\",\"target\":{\"@type\":\"EntryPoint\",\"urlTemplate\":\"https:\\\/\\\/a-p-p.ch\\\/de\\\/?s={search_term_string}\"},\"query-input\":{\"@type\":\"PropertyValueSpecification\",\"valueRequired\":true,\"valueName\":\"search_term_string\"}}],\"inLanguage\":\"de\"},{\"@type\":\"Organization\",\"@id\":\"https:\\\/\\\/a-p-p.ch\\\/de\\\/#organization\",\"name\":\"Schweizerischer Berufsverband f\u00fcr A.P.P. nach A. Tomatis\",\"alternateName\":\"APP\",\"url\":\"https:\\\/\\\/a-p-p.ch\\\/de\\\/\",\"logo\":{\"@type\":\"ImageObject\",\"inLanguage\":\"de\",\"@id\":\"https:\\\/\\\/a-p-p.ch\\\/de\\\/#\\\/schema\\\/logo\\\/image\\\/\",\"url\":\"https:\\\/\\\/a-p-p.ch\\\/wp-content\\\/uploads\\\/2022\\\/04\\\/cropped-APP-Spirale-Logo.png\",\"contentUrl\":\"https:\\\/\\\/a-p-p.ch\\\/wp-content\\\/uploads\\\/2022\\\/04\\\/cropped-APP-Spirale-Logo.png\",\"width\":512,\"height\":512,\"caption\":\"Schweizerischer Berufsverband f\u00fcr A.P.P. nach A. Tomatis\"},\"image\":{\"@id\":\"https:\\\/\\\/a-p-p.ch\\\/de\\\/#\\\/schema\\\/logo\\\/image\\\/\"}}]}<\/script>\n<!-- \/ Yoast SEO plugin. -->","yoast_head_json":{"title":"Mettmenstetten","description":"Mettmenstetten - Schweizerischer Berufsverband f\u00fcr A.P.P. nach A. Tomatis","robots":{"index":"index","follow":"follow","max-snippet":"max-snippet:-1","max-image-preview":"max-image-preview:large","max-video-preview":"max-video-preview:-1"},"canonical":"https:\/\/a-p-p.ch\/de\/zentrumsadressen\/mettmenstetten\/","og_locale":"de_DE","og_type":"article","og_title":"Mettmenstetten","og_description":"Mettmenstetten - Schweizerischer Berufsverband f\u00fcr A.P.P. nach A. Tomatis","og_url":"https:\/\/a-p-p.ch\/de\/zentrumsadressen\/mettmenstetten\/","og_site_name":"Schweizerischer Berufsverband f\u00fcr A.P.P. nach A. Tomatis","article_modified_time":"2024-08-18T16:07:28+00:00","og_image":[{"width":1080,"height":855,"url":"https:\/\/a-p-p.ch\/wp-content\/uploads\/2022\/04\/APP-Spirale-mit-Text-Logo.png","type":"image\/png"}],"twitter_card":"summary_large_image","twitter_misc":{"Gesch\u00e4tzte Lesezeit":"1\u00a0Minute"},"schema":{"@context":"https:\/\/schema.org","@graph":[{"@type":"WebPage","@id":"https:\/\/a-p-p.ch\/de\/zentrumsadressen\/mettmenstetten\/","url":"https:\/\/a-p-p.ch\/de\/zentrumsadressen\/mettmenstetten\/","name":"Mettmenstetten","isPartOf":{"@id":"https:\/\/a-p-p.ch\/de\/#website"},"primaryImageOfPage":{"@id":"https:\/\/a-p-p.ch\/de\/zentrumsadressen\/mettmenstetten\/#primaryimage"},"image":{"@id":"https:\/\/a-p-p.ch\/de\/zentrumsadressen\/mettmenstetten\/#primaryimage"},"thumbnailUrl":"https:\/\/a-p-p.ch\/wp-content\/uploads\/2022\/04\/APP-Spirale-mit-Text-Logo.png","datePublished":"2022-05-19T11:02:43+00:00","dateModified":"2024-08-18T16:07:28+00:00","description":"Mettmenstetten - Schweizerischer Berufsverband f\u00fcr A.P.P. nach A. Tomatis","breadcrumb":{"@id":"https:\/\/a-p-p.ch\/de\/zentrumsadressen\/mettmenstetten\/#breadcrumb"},"inLanguage":"de","potentialAction":[{"@type":"ReadAction","target":["https:\/\/a-p-p.ch\/de\/zentrumsadressen\/mettmenstetten\/"]}]},{"@type":"ImageObject","inLanguage":"de","@id":"https:\/\/a-p-p.ch\/de\/zentrumsadressen\/mettmenstetten\/#primaryimage","url":"https:\/\/a-p-p.ch\/wp-content\/uploads\/2022\/04\/APP-Spirale-mit-Text-Logo.png","contentUrl":"https:\/\/a-p-p.ch\/wp-content\/uploads\/2022\/04\/APP-Spirale-mit-Text-Logo.png","width":1080,"height":855},{"@type":"BreadcrumbList","@id":"https:\/\/a-p-p.ch\/de\/zentrumsadressen\/mettmenstetten\/#breadcrumb","itemListElement":[{"@type":"ListItem","position":1,"name":"Startseite","item":"https:\/\/a-p-p.ch\/de\/"},{"@type":"ListItem","position":2,"name":"Zentrumsadressen","item":"https:\/\/a-p-p.ch\/de\/zentrumsadressen\/"},{"@type":"ListItem","position":3,"name":"Mettmenstetten"}]},{"@type":"WebSite","@id":"https:\/\/a-p-p.ch\/de\/#website","url":"https:\/\/a-p-p.ch\/de\/","name":"Schweizerischer Berufsverband f\u00fcr A.P.P. nach A. Tomatis","description":"","publisher":{"@id":"https:\/\/a-p-p.ch\/de\/#organization"},"potentialAction":[{"@type":"SearchAction","target":{"@type":"EntryPoint","urlTemplate":"https:\/\/a-p-p.ch\/de\/?s={search_term_string}"},"query-input":{"@type":"PropertyValueSpecification","valueRequired":true,"valueName":"search_term_string"}}],"inLanguage":"de"},{"@type":"Organization","@id":"https:\/\/a-p-p.ch\/de\/#organization","name":"Schweizerischer Berufsverband f\u00fcr A.P.P. nach A. Tomatis","alternateName":"APP","url":"https:\/\/a-p-p.ch\/de\/","logo":{"@type":"ImageObject","inLanguage":"de","@id":"https:\/\/a-p-p.ch\/de\/#\/schema\/logo\/image\/","url":"https:\/\/a-p-p.ch\/wp-content\/uploads\/2022\/04\/cropped-APP-Spirale-Logo.png","contentUrl":"https:\/\/a-p-p.ch\/wp-content\/uploads\/2022\/04\/cropped-APP-Spirale-Logo.png","width":512,"height":512,"caption":"Schweizerischer Berufsverband f\u00fcr A.P.P. nach A. Tomatis"},"image":{"@id":"https:\/\/a-p-p.ch\/de\/#\/schema\/logo\/image\/"}}]}},"_links":{"self":[{"href":"https:\/\/a-p-p.ch\/de\/wp-json\/wp\/v2\/pages\/43","targetHints":{"allow":["GET"]}}],"collection":[{"href":"https:\/\/a-p-p.ch\/de\/wp-json\/wp\/v2\/pages"}],"about":[{"href":"https:\/\/a-p-p.ch\/de\/wp-json\/wp\/v2\/types\/page"}],"author":[{"embeddable":true,"href":"https:\/\/a-p-p.ch\/de\/wp-json\/wp\/v2\/users\/2"}],"replies":[{"embeddable":true,"href":"https:\/\/a-p-p.ch\/de\/wp-json\/wp\/v2\/comments?post=43"}],"version-history":[{"count":0,"href":"https:\/\/a-p-p.ch\/de\/wp-json\/wp\/v2\/pages\/43\/revisions"}],"up":[{"embeddable":true,"href":"https:\/\/a-p-p.ch\/de\/wp-json\/wp\/v2\/pages\/27"}],"wp:featuredmedia":[{"embeddable":true,"href":"https:\/\/a-p-p.ch\/de\/wp-json\/wp\/v2\/media\/259"}],"wp:attachment":[{"href":"https:\/\/a-p-p.ch\/de\/wp-json\/wp\/v2\/media?parent=43"}],"curies":[{"name":"wp","href":"https:\/\/api.w.org\/{rel}","templated":true}]}}