{"id":45,"date":"2022-05-19T13:24:50","date_gmt":"2022-05-19T11:24:50","guid":{"rendered":"https:\/\/2022.a-p-p.ch\/?page_id=45"},"modified":"2024-08-17T19:51:54","modified_gmt":"2024-08-17T17:51:54","slug":"neuchatel","status":"publish","type":"page","link":"https:\/\/a-p-p.ch\/de\/zentrumsadressen\/neuchatel\/","title":{"rendered":"Neuch\u00e2tel"},"content":{"rendered":"<p><iframe loading=\"lazy\" style=\"border: 0;\" src=\"https:\/\/www.google.com\/maps\/embed?pb=!1m18!1m12!1m3!1d2721.5128391596295!2d6.927578915856379!3d46.99090243829844!2m3!1f0!2f0!3f0!3m2!1i1024!2i768!4f13.1!3m3!1m2!1s0x478e0a11770ee24b%3A0xdaad05a09e1a3806!2sRue%20du%20Bass.%204%2C%202000%20Neuch%C3%A2tel!5e0!3m2!1sde!2sch!4v1652959337400!5m2!1sde!2sch\" width=\"1080\" height=\"450\" allowfullscreen=\"allowfullscreen\" data-mce-fragment=\"1\"><span data-mce-type=\"bookmark\" style=\"display: inline-block; width: 0px; overflow: hidden; line-height: 0;\" class=\"mce_SELRES_start\">\ufeff<\/span><span data-mce-type=\"bookmark\" style=\"display: inline-block; width: 0px; overflow: hidden; line-height: 0;\" class=\"mce_SELRES_start\">\ufeff<\/span><span data-mce-type=\"bookmark\" style=\"display: inline-block; width: 0px; overflow: hidden; line-height: 0;\" class=\"mce_SELRES_start\">\ufeff<\/span><span data-mce-type=\"bookmark\" style=\"display: inline-block; width: 0px; overflow: hidden; line-height: 0;\" class=\"mce_SELRES_start\">\ufeff<\/span><span data-mce-type=\"bookmark\" style=\"display: inline-block; width: 0px; overflow: hidden; line-height: 0;\" class=\"mce_SELRES_start\">\ufeff<\/span><\/iframe><\/p>\n<hr \/>\n<p><strong>Centre de l\u2019Ecoute selon A. Tomatis<br \/>\n<\/strong>Rue du Bassin 4, 2000\u00a0 Neuch\u00e2tel<\/p>\n<p>+41 (0)32 724 79 74<br \/>\n<a href=\"mailto:info@ceden.ch\">info@ceden.ch<\/a><\/p>\n<p><a href=\"http:\/\/ceden.ch\/\" target=\"_blank\" rel=\"noopener\">www.ceden.ch<\/a><\/p>\n<hr \/>\n<h2>Malika Ferrara-Currat et Gwendoline Pahud-Fleuti (C)*<\/h2>\n<p>Toutes les deux Psychologues cliniciennes et form\u00e9es en Audio-Psycho-Phonologie aupr\u00e8s de l\u2019association internationale d\u2019audio-psycho-phonologie (AIAPP), nous travaillons au Centre de Neuch\u00e2tel depuis 2006 et le dirigeons depuis 2010. Nous serions tr\u00e8s heureuses de vous accueillir et de vous faire d\u00e9couvrir tout le bien-\u00eatre que la M\u00e9thode Tomatis peut vous apporter.<\/p>\n<p>Fond\u00e9 en f\u00e9vrier 1981, le centre de l\u2019Ecoute de Neuch\u00e2tel est anim\u00e9 par 2 personnes. Il est membre de l\u2019Association suisse d\u2019audio-psycho-phonologie (www.a-p-p.ch.). Vous trouverez plus de renseignements sur notre site internet\u00a0<a href=\"https:\/\/www.ceden.ch\/\" target=\"_blank\" rel=\"noopener\">www.ceden.ch<\/a><\/p>\n<ul>\n<li>*(C) certifi\u00e9 apr\u00e8s le contr\u00f4le des formations continues de l&#8217;association professionnelle<\/li>\n<\/ul>\n<p>&nbsp;<\/p>\n","protected":false},"excerpt":{"rendered":"<p>\ufeff\ufeff\ufeff\ufeff\ufeff Centre de l\u2019Ecoute selon A. Tomatis Rue du Bassin 4, 2000\u00a0 Neuch\u00e2tel +41 (0)32 724 79 74 info@ceden.ch www.ceden.ch Malika Ferrara-Currat et Gwendoline Pahud-Fleuti (C)* Toutes les deux Psychologues [&hellip;]<\/p>\n","protected":false},"author":2,"featured_media":259,"parent":27,"menu_order":0,"comment_status":"closed","ping_status":"closed","template":"","meta":{"_acf_changed":false,"_et_pb_use_builder":"","_et_pb_old_content":"","_et_gb_content_width":"","footnotes":""},"class_list":["post-45","page","type-page","status-publish","has-post-thumbnail","hentry"],"acf":[],"yoast_head":"<!-- This site is optimized with the Yoast SEO plugin v27.3 - https:\/\/yoast.com\/product\/yoast-seo-wordpress\/ -->\n<title>Neuch\u00e2tel<\/title>\n<meta name=\"description\" content=\"Neuch\u00e2tel - Schweizerischer Berufsverband f\u00fcr A.P.P. nach A. Tomatis\" \/>\n<meta name=\"robots\" content=\"index, follow, max-snippet:-1, max-image-preview:large, max-video-preview:-1\" \/>\n<link rel=\"canonical\" href=\"https:\/\/a-p-p.ch\/de\/zentrumsadressen\/neuchatel\/\" \/>\n<meta property=\"og:locale\" content=\"de_DE\" \/>\n<meta property=\"og:type\" content=\"article\" \/>\n<meta property=\"og:title\" content=\"Neuch\u00e2tel\" \/>\n<meta property=\"og:description\" content=\"Neuch\u00e2tel - Schweizerischer Berufsverband f\u00fcr A.P.P. nach A. Tomatis\" \/>\n<meta property=\"og:url\" content=\"https:\/\/a-p-p.ch\/de\/zentrumsadressen\/neuchatel\/\" \/>\n<meta property=\"og:site_name\" content=\"Schweizerischer Berufsverband f\u00fcr A.P.P. nach A. Tomatis\" \/>\n<meta property=\"article:modified_time\" content=\"2024-08-17T17:51:54+00:00\" \/>\n<meta property=\"og:image\" content=\"https:\/\/a-p-p.ch\/wp-content\/uploads\/2022\/04\/APP-Spirale-mit-Text-Logo.png\" \/>\n\t<meta property=\"og:image:width\" content=\"1080\" \/>\n\t<meta property=\"og:image:height\" content=\"855\" \/>\n\t<meta property=\"og:image:type\" content=\"image\/png\" \/>\n<meta name=\"twitter:card\" content=\"summary_large_image\" \/>\n<meta name=\"twitter:label1\" content=\"Gesch\u00e4tzte Lesezeit\" \/>\n\t<meta name=\"twitter:data1\" content=\"1\u00a0Minute\" \/>\n<script type=\"application\/ld+json\" class=\"yoast-schema-graph\">{\"@context\":\"https:\\\/\\\/schema.org\",\"@graph\":[{\"@type\":\"WebPage\",\"@id\":\"https:\\\/\\\/a-p-p.ch\\\/de\\\/zentrumsadressen\\\/neuchatel\\\/\",\"url\":\"https:\\\/\\\/a-p-p.ch\\\/de\\\/zentrumsadressen\\\/neuchatel\\\/\",\"name\":\"Neuch\u00e2tel\",\"isPartOf\":{\"@id\":\"https:\\\/\\\/a-p-p.ch\\\/de\\\/#website\"},\"primaryImageOfPage\":{\"@id\":\"https:\\\/\\\/a-p-p.ch\\\/de\\\/zentrumsadressen\\\/neuchatel\\\/#primaryimage\"},\"image\":{\"@id\":\"https:\\\/\\\/a-p-p.ch\\\/de\\\/zentrumsadressen\\\/neuchatel\\\/#primaryimage\"},\"thumbnailUrl\":\"https:\\\/\\\/a-p-p.ch\\\/wp-content\\\/uploads\\\/2022\\\/04\\\/APP-Spirale-mit-Text-Logo.png\",\"datePublished\":\"2022-05-19T11:24:50+00:00\",\"dateModified\":\"2024-08-17T17:51:54+00:00\",\"description\":\"Neuch\u00e2tel - Schweizerischer Berufsverband f\u00fcr A.P.P. nach A. Tomatis\",\"breadcrumb\":{\"@id\":\"https:\\\/\\\/a-p-p.ch\\\/de\\\/zentrumsadressen\\\/neuchatel\\\/#breadcrumb\"},\"inLanguage\":\"de\",\"potentialAction\":[{\"@type\":\"ReadAction\",\"target\":[\"https:\\\/\\\/a-p-p.ch\\\/de\\\/zentrumsadressen\\\/neuchatel\\\/\"]}]},{\"@type\":\"ImageObject\",\"inLanguage\":\"de\",\"@id\":\"https:\\\/\\\/a-p-p.ch\\\/de\\\/zentrumsadressen\\\/neuchatel\\\/#primaryimage\",\"url\":\"https:\\\/\\\/a-p-p.ch\\\/wp-content\\\/uploads\\\/2022\\\/04\\\/APP-Spirale-mit-Text-Logo.png\",\"contentUrl\":\"https:\\\/\\\/a-p-p.ch\\\/wp-content\\\/uploads\\\/2022\\\/04\\\/APP-Spirale-mit-Text-Logo.png\",\"width\":1080,\"height\":855},{\"@type\":\"BreadcrumbList\",\"@id\":\"https:\\\/\\\/a-p-p.ch\\\/de\\\/zentrumsadressen\\\/neuchatel\\\/#breadcrumb\",\"itemListElement\":[{\"@type\":\"ListItem\",\"position\":1,\"name\":\"Startseite\",\"item\":\"https:\\\/\\\/a-p-p.ch\\\/de\\\/\"},{\"@type\":\"ListItem\",\"position\":2,\"name\":\"Zentrumsadressen\",\"item\":\"https:\\\/\\\/a-p-p.ch\\\/de\\\/zentrumsadressen\\\/\"},{\"@type\":\"ListItem\",\"position\":3,\"name\":\"Neuch\u00e2tel\"}]},{\"@type\":\"WebSite\",\"@id\":\"https:\\\/\\\/a-p-p.ch\\\/de\\\/#website\",\"url\":\"https:\\\/\\\/a-p-p.ch\\\/de\\\/\",\"name\":\"Schweizerischer Berufsverband f\u00fcr A.P.P. nach A. Tomatis\",\"description\":\"\",\"publisher\":{\"@id\":\"https:\\\/\\\/a-p-p.ch\\\/de\\\/#organization\"},\"potentialAction\":[{\"@type\":\"SearchAction\",\"target\":{\"@type\":\"EntryPoint\",\"urlTemplate\":\"https:\\\/\\\/a-p-p.ch\\\/de\\\/?s={search_term_string}\"},\"query-input\":{\"@type\":\"PropertyValueSpecification\",\"valueRequired\":true,\"valueName\":\"search_term_string\"}}],\"inLanguage\":\"de\"},{\"@type\":\"Organization\",\"@id\":\"https:\\\/\\\/a-p-p.ch\\\/de\\\/#organization\",\"name\":\"Schweizerischer Berufsverband f\u00fcr A.P.P. nach A. Tomatis\",\"alternateName\":\"APP\",\"url\":\"https:\\\/\\\/a-p-p.ch\\\/de\\\/\",\"logo\":{\"@type\":\"ImageObject\",\"inLanguage\":\"de\",\"@id\":\"https:\\\/\\\/a-p-p.ch\\\/de\\\/#\\\/schema\\\/logo\\\/image\\\/\",\"url\":\"https:\\\/\\\/a-p-p.ch\\\/wp-content\\\/uploads\\\/2022\\\/04\\\/cropped-APP-Spirale-Logo.png\",\"contentUrl\":\"https:\\\/\\\/a-p-p.ch\\\/wp-content\\\/uploads\\\/2022\\\/04\\\/cropped-APP-Spirale-Logo.png\",\"width\":512,\"height\":512,\"caption\":\"Schweizerischer Berufsverband f\u00fcr A.P.P. nach A. Tomatis\"},\"image\":{\"@id\":\"https:\\\/\\\/a-p-p.ch\\\/de\\\/#\\\/schema\\\/logo\\\/image\\\/\"}}]}<\/script>\n<!-- \/ Yoast SEO plugin. -->","yoast_head_json":{"title":"Neuch\u00e2tel","description":"Neuch\u00e2tel - Schweizerischer Berufsverband f\u00fcr A.P.P. nach A. Tomatis","robots":{"index":"index","follow":"follow","max-snippet":"max-snippet:-1","max-image-preview":"max-image-preview:large","max-video-preview":"max-video-preview:-1"},"canonical":"https:\/\/a-p-p.ch\/de\/zentrumsadressen\/neuchatel\/","og_locale":"de_DE","og_type":"article","og_title":"Neuch\u00e2tel","og_description":"Neuch\u00e2tel - Schweizerischer Berufsverband f\u00fcr A.P.P. nach A. Tomatis","og_url":"https:\/\/a-p-p.ch\/de\/zentrumsadressen\/neuchatel\/","og_site_name":"Schweizerischer Berufsverband f\u00fcr A.P.P. nach A. Tomatis","article_modified_time":"2024-08-17T17:51:54+00:00","og_image":[{"width":1080,"height":855,"url":"https:\/\/a-p-p.ch\/wp-content\/uploads\/2022\/04\/APP-Spirale-mit-Text-Logo.png","type":"image\/png"}],"twitter_card":"summary_large_image","twitter_misc":{"Gesch\u00e4tzte Lesezeit":"1\u00a0Minute"},"schema":{"@context":"https:\/\/schema.org","@graph":[{"@type":"WebPage","@id":"https:\/\/a-p-p.ch\/de\/zentrumsadressen\/neuchatel\/","url":"https:\/\/a-p-p.ch\/de\/zentrumsadressen\/neuchatel\/","name":"Neuch\u00e2tel","isPartOf":{"@id":"https:\/\/a-p-p.ch\/de\/#website"},"primaryImageOfPage":{"@id":"https:\/\/a-p-p.ch\/de\/zentrumsadressen\/neuchatel\/#primaryimage"},"image":{"@id":"https:\/\/a-p-p.ch\/de\/zentrumsadressen\/neuchatel\/#primaryimage"},"thumbnailUrl":"https:\/\/a-p-p.ch\/wp-content\/uploads\/2022\/04\/APP-Spirale-mit-Text-Logo.png","datePublished":"2022-05-19T11:24:50+00:00","dateModified":"2024-08-17T17:51:54+00:00","description":"Neuch\u00e2tel - Schweizerischer Berufsverband f\u00fcr A.P.P. nach A. Tomatis","breadcrumb":{"@id":"https:\/\/a-p-p.ch\/de\/zentrumsadressen\/neuchatel\/#breadcrumb"},"inLanguage":"de","potentialAction":[{"@type":"ReadAction","target":["https:\/\/a-p-p.ch\/de\/zentrumsadressen\/neuchatel\/"]}]},{"@type":"ImageObject","inLanguage":"de","@id":"https:\/\/a-p-p.ch\/de\/zentrumsadressen\/neuchatel\/#primaryimage","url":"https:\/\/a-p-p.ch\/wp-content\/uploads\/2022\/04\/APP-Spirale-mit-Text-Logo.png","contentUrl":"https:\/\/a-p-p.ch\/wp-content\/uploads\/2022\/04\/APP-Spirale-mit-Text-Logo.png","width":1080,"height":855},{"@type":"BreadcrumbList","@id":"https:\/\/a-p-p.ch\/de\/zentrumsadressen\/neuchatel\/#breadcrumb","itemListElement":[{"@type":"ListItem","position":1,"name":"Startseite","item":"https:\/\/a-p-p.ch\/de\/"},{"@type":"ListItem","position":2,"name":"Zentrumsadressen","item":"https:\/\/a-p-p.ch\/de\/zentrumsadressen\/"},{"@type":"ListItem","position":3,"name":"Neuch\u00e2tel"}]},{"@type":"WebSite","@id":"https:\/\/a-p-p.ch\/de\/#website","url":"https:\/\/a-p-p.ch\/de\/","name":"Schweizerischer Berufsverband f\u00fcr A.P.P. nach A. Tomatis","description":"","publisher":{"@id":"https:\/\/a-p-p.ch\/de\/#organization"},"potentialAction":[{"@type":"SearchAction","target":{"@type":"EntryPoint","urlTemplate":"https:\/\/a-p-p.ch\/de\/?s={search_term_string}"},"query-input":{"@type":"PropertyValueSpecification","valueRequired":true,"valueName":"search_term_string"}}],"inLanguage":"de"},{"@type":"Organization","@id":"https:\/\/a-p-p.ch\/de\/#organization","name":"Schweizerischer Berufsverband f\u00fcr A.P.P. nach A. Tomatis","alternateName":"APP","url":"https:\/\/a-p-p.ch\/de\/","logo":{"@type":"ImageObject","inLanguage":"de","@id":"https:\/\/a-p-p.ch\/de\/#\/schema\/logo\/image\/","url":"https:\/\/a-p-p.ch\/wp-content\/uploads\/2022\/04\/cropped-APP-Spirale-Logo.png","contentUrl":"https:\/\/a-p-p.ch\/wp-content\/uploads\/2022\/04\/cropped-APP-Spirale-Logo.png","width":512,"height":512,"caption":"Schweizerischer Berufsverband f\u00fcr A.P.P. nach A. Tomatis"},"image":{"@id":"https:\/\/a-p-p.ch\/de\/#\/schema\/logo\/image\/"}}]}},"_links":{"self":[{"href":"https:\/\/a-p-p.ch\/de\/wp-json\/wp\/v2\/pages\/45","targetHints":{"allow":["GET"]}}],"collection":[{"href":"https:\/\/a-p-p.ch\/de\/wp-json\/wp\/v2\/pages"}],"about":[{"href":"https:\/\/a-p-p.ch\/de\/wp-json\/wp\/v2\/types\/page"}],"author":[{"embeddable":true,"href":"https:\/\/a-p-p.ch\/de\/wp-json\/wp\/v2\/users\/2"}],"replies":[{"embeddable":true,"href":"https:\/\/a-p-p.ch\/de\/wp-json\/wp\/v2\/comments?post=45"}],"version-history":[{"count":0,"href":"https:\/\/a-p-p.ch\/de\/wp-json\/wp\/v2\/pages\/45\/revisions"}],"up":[{"embeddable":true,"href":"https:\/\/a-p-p.ch\/de\/wp-json\/wp\/v2\/pages\/27"}],"wp:featuredmedia":[{"embeddable":true,"href":"https:\/\/a-p-p.ch\/de\/wp-json\/wp\/v2\/media\/259"}],"wp:attachment":[{"href":"https:\/\/a-p-p.ch\/de\/wp-json\/wp\/v2\/media?parent=45"}],"curies":[{"name":"wp","href":"https:\/\/api.w.org\/{rel}","templated":true}]}}