{"id":784,"date":"2022-07-12T16:59:59","date_gmt":"2022-07-12T14:59:59","guid":{"rendered":"https:\/\/2022.a-p-p.ch\/?page_id=784"},"modified":"2023-07-24T16:23:31","modified_gmt":"2023-07-24T14:23:31","slug":"stimme-musik-und-gesang","status":"publish","type":"page","link":"https:\/\/a-p-p.ch\/de\/anwendung\/stimme-musik-und-gesang\/","title":{"rendered":"Stimme, Musik und Gesang"},"content":{"rendered":"<p>[et_pb_section fb_built=&#8221;1&#8243; _builder_version=&#8221;4.16&#8243; global_colors_info=&#8221;{}&#8221;][et_pb_row _builder_version=&#8221;4.18.0&#8243; _module_preset=&#8221;default&#8221; width_tablet=&#8221;&#8221; width_phone=&#8221;90%&#8221; width_last_edited=&#8221;on|phone&#8221; global_colors_info=&#8221;{}&#8221;][et_pb_column type=&#8221;4_4&#8243; _builder_version=&#8221;4.17.4&#8243; _module_preset=&#8221;default&#8221; global_colors_info=&#8221;{}&#8221;][et_pb_post_title meta=&#8221;off&#8221; featured_image=&#8221;off&#8221; _builder_version=&#8221;4.17.4&#8243; _module_preset=&#8221;default&#8221; border_width_bottom=&#8221;1px&#8221; border_color_bottom=&#8221;#4275AF&#8221; border_style_bottom=&#8221;dashed&#8221; global_colors_info=&#8221;{}&#8221;][\/et_pb_post_title][\/et_pb_column][\/et_pb_row][et_pb_row column_structure=&#8221;2_3,1_3&#8243; _builder_version=&#8221;4.18.0&#8243; _module_preset=&#8221;default&#8221; width_tablet=&#8221;&#8221; width_phone=&#8221;90%&#8221; width_last_edited=&#8221;on|phone&#8221; global_colors_info=&#8221;{}&#8221;][et_pb_column type=&#8221;2_3&#8243; _builder_version=&#8221;4.17.4&#8243; _module_preset=&#8221;default&#8221; global_colors_info=&#8221;{}&#8221;][et_pb_icon font_icon=&#8221;&#xf001;||fa||900&#8243; align=&#8221;left&#8221; _builder_version=&#8221;4.17.4&#8243; _module_preset=&#8221;default&#8221; global_colors_info=&#8221;{}&#8221;][\/et_pb_icon][et_pb_text _builder_version=&#8221;4.18.0&#8243; background_size=&#8221;initial&#8221; background_position=&#8221;top_left&#8221; background_repeat=&#8221;repeat&#8221; global_colors_info=&#8221;{}&#8221;]<\/p>\n<p>Der Spruch von Dr. Tomatis: &#8220;Man singt und spielt ein Instrument mit dem Ohr&#8221;.<\/p>\n<p>Dieser Satz l\u00e4dt uns zu der \u00dcberlegung ein, dass es im Bereich der Stimme, ob gesungen oder gesprochen, aber auch beim regelm\u00e4ssigen Spielen eines Musikinstruments von grundlegender Bedeutung zu sein scheint, dass die Qualit\u00e4t des Zuh\u00f6rens aktiv ist, damit die Musikerinnen und Musiker im Vollbesitz ihrer technischen und musikalischen F\u00e4higkeiten sind.<\/p>\n<p>Es kann jedoch vorkommen, dass Personen Schwierigkeiten haben, die sich auf verschiedene Weise \u00e4ussern k\u00f6nnen, z. B. in Bezug auf:<\/p>\n<p>[\/et_pb_text][et_pb_blurb use_icon=&#8221;on&#8221; font_icon=&#8221;&#x3d;||divi||400&#8243; icon_placement=&#8221;left&#8221; _builder_version=&#8221;4.18.0&#8243; _module_preset=&#8221;default&#8221; animation_style=&#8221;slide&#8221; animation_direction=&#8221;left&#8221; animation=&#8221;off&#8221; global_colors_info=&#8221;{}&#8221;]<\/p>\n<p>Beherrschung von Rhythmus und Takt<\/p>\n<p>[\/et_pb_blurb][et_pb_blurb use_icon=&#8221;on&#8221; font_icon=&#8221;&#x3d;||divi||400&#8243; icon_placement=&#8221;left&#8221; _builder_version=&#8221;4.18.0&#8243; _module_preset=&#8221;default&#8221; animation_style=&#8221;slide&#8221; animation_direction=&#8221;left&#8221; animation=&#8221;off&#8221; global_colors_info=&#8221;{}&#8221;]<\/p>\n<p>Kontrolle von Angemessenheit und Intonation<\/p>\n<p>[\/et_pb_blurb][et_pb_blurb use_icon=&#8221;on&#8221; font_icon=&#8221;&#x3d;||divi||400&#8243; icon_placement=&#8221;left&#8221; _builder_version=&#8221;4.18.0&#8243; _module_preset=&#8221;default&#8221; animation_style=&#8221;slide&#8221; animation_direction=&#8221;left&#8221; animation=&#8221;off&#8221; global_colors_info=&#8221;{}&#8221;]<\/p>\n<p>das Spiel mit Ausdruck und Interpretation<\/p>\n<p>[\/et_pb_blurb][et_pb_blurb use_icon=&#8221;on&#8221; font_icon=&#8221;&#x3d;||divi||400&#8243; icon_placement=&#8221;left&#8221; _builder_version=&#8221;4.18.0&#8243; _module_preset=&#8221;default&#8221; animation_style=&#8221;slide&#8221; animation_direction=&#8221;left&#8221; animation=&#8221;off&#8221; global_colors_info=&#8221;{}&#8221;]<\/p>\n<p>Bew\u00e4ltigung von Lampenfieber, Sch\u00fcchternheit und dem Mangel an Selbstvertrauen.<\/p>\n<p>[\/et_pb_blurb][et_pb_blurb use_icon=&#8221;on&#8221; font_icon=&#8221;&#x3d;||divi||400&#8243; icon_placement=&#8221;left&#8221; _builder_version=&#8221;4.18.0&#8243; _module_preset=&#8221;default&#8221; animation_style=&#8221;slide&#8221; animation_direction=&#8221;left&#8221; animation=&#8221;off&#8221; global_colors_info=&#8221;{}&#8221;]<\/p>\n<p>Speicher- und Konzentrationsf\u00e4higkeit<\/p>\n<p>[\/et_pb_blurb][et_pb_blurb use_icon=&#8221;on&#8221; font_icon=&#8221;&#x3d;||divi||400&#8243; icon_placement=&#8221;left&#8221; _builder_version=&#8221;4.18.0&#8243; _module_preset=&#8221;default&#8221; animation_style=&#8221;slide&#8221; animation_direction=&#8221;left&#8221; animation=&#8221;off&#8221; global_colors_info=&#8221;{}&#8221;]<\/p>\n<p>von Farbenpracht usw.<\/p>\n<p>[\/et_pb_blurb][\/et_pb_column][et_pb_column type=&#8221;1_3&#8243; _builder_version=&#8221;4.17.4&#8243; _module_preset=&#8221;default&#8221; global_colors_info=&#8221;{}&#8221;][et_pb_image src=&#8221;https:\/\/a-p-p.ch\/wp-content\/uploads\/2023\/07\/Stimme-Musik-und-Gesang.jpg&#8221; alt=&#8221;Dr. Alfred A. Tomatis&#8221; title_text=&#8221;Stimme, Musik und Gesang&#8221; _builder_version=&#8221;4.21.0&#8243; _module_preset=&#8221;default&#8221; custom_margin=&#8221;||5px||false|false&#8221; global_colors_info=&#8221;{}&#8221;][\/et_pb_image][\/et_pb_column][\/et_pb_row][et_pb_row _builder_version=&#8221;4.18.0&#8243; _module_preset=&#8221;default&#8221; width_tablet=&#8221;&#8221; width_phone=&#8221;90%&#8221; width_last_edited=&#8221;on|phone&#8221; global_colors_info=&#8221;{}&#8221;][et_pb_column type=&#8221;4_4&#8243; _builder_version=&#8221;4.17.4&#8243; _module_preset=&#8221;default&#8221; global_colors_info=&#8221;{}&#8221;][et_pb_text admin_label=&#8221;Text: Peter&#8221; _builder_version=&#8221;4.17.4&#8243; _module_preset=&#8221;default&#8221; custom_padding=&#8221;20px|20px|20px|20px|true|true&#8221; animation_style=&#8221;slide&#8221; animation_direction=&#8221;left&#8221; border_width_all=&#8221;5px&#8221; border_color_all=&#8221;#4275AF&#8221; border_style_all=&#8221;double&#8221; global_colors_info=&#8221;{}&#8221;]<\/p>\n<h2>Anwendungsbeispiel<\/h2>\n<p><strong>Peter, 69 Jahre<\/strong><\/p>\n<p>Peter ist seit kurzer Zeit von seiner Arbeit im EDV-Bereich pensioniert. In der Freizeit singt er in einem Amateurchor Bass. Im letzten Jahr ist ihm aufgefallen, dass er gewisse T\u00f6ne nicht mehr sicher trifft und er vermutet, dass er teilweise nicht mehr rein singt. Ausserdem st\u00f6ren ihn die Singkollegen, die in einer anderen Stimmlage (Tenor) in seiner N\u00e4he singen, st\u00e4rker als fr\u00fcher. Peter bemerkt zudem, dass er mehr M\u00fche hat, im Restaurant Nebenger\u00e4usche auszublenden. Er versteht in solchen Situationen seine Gespr\u00e4chspartner nur mit grosser Anstrengung.<\/p>\n<p>Peter m\u00f6chte mit Hilfe einer Horchtherapie wieder sicherer singen und effizienter Nebenger\u00e4usche ausblenden k\u00f6nnen.<\/p>\n<p><em>Beispiele aus dem A.P.P.-Therapiealltag: Anmeldungsgr\u00fcnde von Klienten (Vornamen ge\u00e4ndert)<\/em><\/p>\n<p>[\/et_pb_text][\/et_pb_column][\/et_pb_row][et_pb_row _builder_version=&#8221;4.18.0&#8243; _module_preset=&#8221;default&#8221; width_tablet=&#8221;&#8221; width_phone=&#8221;90%&#8221; width_last_edited=&#8221;on|phone&#8221; global_colors_info=&#8221;{}&#8221;][et_pb_column type=&#8221;4_4&#8243; _builder_version=&#8221;4.17.4&#8243; _module_preset=&#8221;default&#8221; global_colors_info=&#8221;{}&#8221;][et_pb_button button_url=&#8221;@ET-DC@eyJkeW5hbWljIjp0cnVlLCJjb250ZW50IjoicG9zdF9saW5rX3VybF9wYWdlIiwic2V0dGluZ3MiOnsicG9zdF9pZCI6IjI3In19@&#8221; button_text=&#8221;Zentrum in Ihrer N\u00e4he finden&#8221; button_alignment=&#8221;center&#8221; _builder_version=&#8221;4.21.0&#8243; _dynamic_attributes=&#8221;button_url&#8221; _module_preset=&#8221;default&#8221; animation_style=&#8221;bounce&#8221; hover_enabled=&#8221;0&#8243; global_colors_info=&#8221;{}&#8221; sticky_enabled=&#8221;0&#8243;][\/et_pb_button][\/et_pb_column][\/et_pb_row][\/et_pb_section]<\/p>\n","protected":false},"excerpt":{"rendered":"<p>Die Verbesserung der audio-vokalen Kreisl\u00e4ufe f\u00fchrt zur Berichtigung von Stimmst\u00f6rungen und anderen Defiziten, mit denen Spezialisten von Stimme und Gesang gew\u00f6hnlich zu tun haben.<\/p>\n","protected":false},"author":2,"featured_media":1745,"parent":17,"menu_order":0,"comment_status":"closed","ping_status":"closed","template":"","meta":{"_acf_changed":false,"_et_pb_use_builder":"on","_et_pb_old_content":"","_et_gb_content_width":"","footnotes":""},"class_list":["post-784","page","type-page","status-publish","has-post-thumbnail","hentry"],"acf":[],"yoast_head":"<!-- This site is optimized with the Yoast SEO plugin v27.5 - https:\/\/yoast.com\/product\/yoast-seo-wordpress\/ -->\n<title>Stimme, Musik und Gesang<\/title>\n<meta name=\"description\" content=\"Stimme, Musik und Gesang - Schweizerischer Berufsverband f\u00fcr A.P.P. nach A. Tomatis\" \/>\n<meta name=\"robots\" content=\"index, follow, max-snippet:-1, max-image-preview:large, max-video-preview:-1\" \/>\n<link rel=\"canonical\" href=\"https:\/\/a-p-p.ch\/de\/anwendung\/stimme-musik-und-gesang\/\" \/>\n<meta property=\"og:locale\" content=\"de_DE\" \/>\n<meta property=\"og:type\" content=\"article\" \/>\n<meta property=\"og:title\" content=\"Stimme, Musik und Gesang\" \/>\n<meta property=\"og:description\" content=\"Stimme, Musik und Gesang - Schweizerischer Berufsverband f\u00fcr A.P.P. nach A. Tomatis\" \/>\n<meta property=\"og:url\" content=\"https:\/\/a-p-p.ch\/de\/anwendung\/stimme-musik-und-gesang\/\" \/>\n<meta property=\"og:site_name\" content=\"Schweizerischer Berufsverband f\u00fcr A.P.P. nach A. Tomatis\" \/>\n<meta property=\"article:modified_time\" content=\"2023-07-24T14:23:31+00:00\" \/>\n<meta property=\"og:image\" content=\"https:\/\/a-p-p.ch\/wp-content\/uploads\/2023\/07\/Stimme-Musik-und-Gesang.jpg\" \/>\n\t<meta property=\"og:image:width\" content=\"1920\" \/>\n\t<meta property=\"og:image:height\" content=\"1280\" \/>\n\t<meta property=\"og:image:type\" content=\"image\/jpeg\" \/>\n<meta name=\"twitter:card\" content=\"summary_large_image\" \/>\n<meta name=\"twitter:label1\" content=\"Gesch\u00e4tzte Lesezeit\" \/>\n\t<meta name=\"twitter:data1\" content=\"4\u00a0Minuten\" \/>\n<script type=\"application\/ld+json\" class=\"yoast-schema-graph\">{\"@context\":\"https:\\\/\\\/schema.org\",\"@graph\":[{\"@type\":\"WebPage\",\"@id\":\"https:\\\/\\\/a-p-p.ch\\\/de\\\/anwendung\\\/stimme-musik-und-gesang\\\/\",\"url\":\"https:\\\/\\\/a-p-p.ch\\\/de\\\/anwendung\\\/stimme-musik-und-gesang\\\/\",\"name\":\"Stimme, Musik und Gesang\",\"isPartOf\":{\"@id\":\"https:\\\/\\\/a-p-p.ch\\\/de\\\/#website\"},\"primaryImageOfPage\":{\"@id\":\"https:\\\/\\\/a-p-p.ch\\\/de\\\/anwendung\\\/stimme-musik-und-gesang\\\/#primaryimage\"},\"image\":{\"@id\":\"https:\\\/\\\/a-p-p.ch\\\/de\\\/anwendung\\\/stimme-musik-und-gesang\\\/#primaryimage\"},\"thumbnailUrl\":\"https:\\\/\\\/a-p-p.ch\\\/wp-content\\\/uploads\\\/2023\\\/07\\\/Stimme-Musik-und-Gesang.jpg\",\"datePublished\":\"2022-07-12T14:59:59+00:00\",\"dateModified\":\"2023-07-24T14:23:31+00:00\",\"description\":\"Stimme, Musik und Gesang - Schweizerischer Berufsverband f\u00fcr A.P.P. nach A. Tomatis\",\"breadcrumb\":{\"@id\":\"https:\\\/\\\/a-p-p.ch\\\/de\\\/anwendung\\\/stimme-musik-und-gesang\\\/#breadcrumb\"},\"inLanguage\":\"de\",\"potentialAction\":[{\"@type\":\"ReadAction\",\"target\":[\"https:\\\/\\\/a-p-p.ch\\\/de\\\/anwendung\\\/stimme-musik-und-gesang\\\/\"]}]},{\"@type\":\"ImageObject\",\"inLanguage\":\"de\",\"@id\":\"https:\\\/\\\/a-p-p.ch\\\/de\\\/anwendung\\\/stimme-musik-und-gesang\\\/#primaryimage\",\"url\":\"https:\\\/\\\/a-p-p.ch\\\/wp-content\\\/uploads\\\/2023\\\/07\\\/Stimme-Musik-und-Gesang.jpg\",\"contentUrl\":\"https:\\\/\\\/a-p-p.ch\\\/wp-content\\\/uploads\\\/2023\\\/07\\\/Stimme-Musik-und-Gesang.jpg\",\"width\":1920,\"height\":1280},{\"@type\":\"BreadcrumbList\",\"@id\":\"https:\\\/\\\/a-p-p.ch\\\/de\\\/anwendung\\\/stimme-musik-und-gesang\\\/#breadcrumb\",\"itemListElement\":[{\"@type\":\"ListItem\",\"position\":1,\"name\":\"Startseite\",\"item\":\"https:\\\/\\\/a-p-p.ch\\\/de\\\/\"},{\"@type\":\"ListItem\",\"position\":2,\"name\":\"Anwendung\",\"item\":\"https:\\\/\\\/a-p-p.ch\\\/de\\\/anwendung\\\/\"},{\"@type\":\"ListItem\",\"position\":3,\"name\":\"Stimme, Musik und Gesang\"}]},{\"@type\":\"WebSite\",\"@id\":\"https:\\\/\\\/a-p-p.ch\\\/de\\\/#website\",\"url\":\"https:\\\/\\\/a-p-p.ch\\\/de\\\/\",\"name\":\"Schweizerischer Berufsverband f\u00fcr A.P.P. nach A. Tomatis\",\"description\":\"\",\"publisher\":{\"@id\":\"https:\\\/\\\/a-p-p.ch\\\/de\\\/#organization\"},\"potentialAction\":[{\"@type\":\"SearchAction\",\"target\":{\"@type\":\"EntryPoint\",\"urlTemplate\":\"https:\\\/\\\/a-p-p.ch\\\/de\\\/?s={search_term_string}\"},\"query-input\":{\"@type\":\"PropertyValueSpecification\",\"valueRequired\":true,\"valueName\":\"search_term_string\"}}],\"inLanguage\":\"de\"},{\"@type\":\"Organization\",\"@id\":\"https:\\\/\\\/a-p-p.ch\\\/de\\\/#organization\",\"name\":\"Schweizerischer Berufsverband f\u00fcr A.P.P. nach A. Tomatis\",\"alternateName\":\"APP\",\"url\":\"https:\\\/\\\/a-p-p.ch\\\/de\\\/\",\"logo\":{\"@type\":\"ImageObject\",\"inLanguage\":\"de\",\"@id\":\"https:\\\/\\\/a-p-p.ch\\\/de\\\/#\\\/schema\\\/logo\\\/image\\\/\",\"url\":\"https:\\\/\\\/a-p-p.ch\\\/wp-content\\\/uploads\\\/2022\\\/04\\\/cropped-APP-Spirale-Logo.png\",\"contentUrl\":\"https:\\\/\\\/a-p-p.ch\\\/wp-content\\\/uploads\\\/2022\\\/04\\\/cropped-APP-Spirale-Logo.png\",\"width\":512,\"height\":512,\"caption\":\"Schweizerischer Berufsverband f\u00fcr A.P.P. nach A. Tomatis\"},\"image\":{\"@id\":\"https:\\\/\\\/a-p-p.ch\\\/de\\\/#\\\/schema\\\/logo\\\/image\\\/\"}}]}<\/script>\n<!-- \/ Yoast SEO plugin. -->","yoast_head_json":{"title":"Stimme, Musik und Gesang","description":"Stimme, Musik und Gesang - Schweizerischer Berufsverband f\u00fcr A.P.P. nach A. Tomatis","robots":{"index":"index","follow":"follow","max-snippet":"max-snippet:-1","max-image-preview":"max-image-preview:large","max-video-preview":"max-video-preview:-1"},"canonical":"https:\/\/a-p-p.ch\/de\/anwendung\/stimme-musik-und-gesang\/","og_locale":"de_DE","og_type":"article","og_title":"Stimme, Musik und Gesang","og_description":"Stimme, Musik und Gesang - Schweizerischer Berufsverband f\u00fcr A.P.P. nach A. Tomatis","og_url":"https:\/\/a-p-p.ch\/de\/anwendung\/stimme-musik-und-gesang\/","og_site_name":"Schweizerischer Berufsverband f\u00fcr A.P.P. nach A. Tomatis","article_modified_time":"2023-07-24T14:23:31+00:00","og_image":[{"width":1920,"height":1280,"url":"https:\/\/a-p-p.ch\/wp-content\/uploads\/2023\/07\/Stimme-Musik-und-Gesang.jpg","type":"image\/jpeg"}],"twitter_card":"summary_large_image","twitter_misc":{"Gesch\u00e4tzte Lesezeit":"4\u00a0Minuten"},"schema":{"@context":"https:\/\/schema.org","@graph":[{"@type":"WebPage","@id":"https:\/\/a-p-p.ch\/de\/anwendung\/stimme-musik-und-gesang\/","url":"https:\/\/a-p-p.ch\/de\/anwendung\/stimme-musik-und-gesang\/","name":"Stimme, Musik und Gesang","isPartOf":{"@id":"https:\/\/a-p-p.ch\/de\/#website"},"primaryImageOfPage":{"@id":"https:\/\/a-p-p.ch\/de\/anwendung\/stimme-musik-und-gesang\/#primaryimage"},"image":{"@id":"https:\/\/a-p-p.ch\/de\/anwendung\/stimme-musik-und-gesang\/#primaryimage"},"thumbnailUrl":"https:\/\/a-p-p.ch\/wp-content\/uploads\/2023\/07\/Stimme-Musik-und-Gesang.jpg","datePublished":"2022-07-12T14:59:59+00:00","dateModified":"2023-07-24T14:23:31+00:00","description":"Stimme, Musik und Gesang - Schweizerischer Berufsverband f\u00fcr A.P.P. nach A. Tomatis","breadcrumb":{"@id":"https:\/\/a-p-p.ch\/de\/anwendung\/stimme-musik-und-gesang\/#breadcrumb"},"inLanguage":"de","potentialAction":[{"@type":"ReadAction","target":["https:\/\/a-p-p.ch\/de\/anwendung\/stimme-musik-und-gesang\/"]}]},{"@type":"ImageObject","inLanguage":"de","@id":"https:\/\/a-p-p.ch\/de\/anwendung\/stimme-musik-und-gesang\/#primaryimage","url":"https:\/\/a-p-p.ch\/wp-content\/uploads\/2023\/07\/Stimme-Musik-und-Gesang.jpg","contentUrl":"https:\/\/a-p-p.ch\/wp-content\/uploads\/2023\/07\/Stimme-Musik-und-Gesang.jpg","width":1920,"height":1280},{"@type":"BreadcrumbList","@id":"https:\/\/a-p-p.ch\/de\/anwendung\/stimme-musik-und-gesang\/#breadcrumb","itemListElement":[{"@type":"ListItem","position":1,"name":"Startseite","item":"https:\/\/a-p-p.ch\/de\/"},{"@type":"ListItem","position":2,"name":"Anwendung","item":"https:\/\/a-p-p.ch\/de\/anwendung\/"},{"@type":"ListItem","position":3,"name":"Stimme, Musik und Gesang"}]},{"@type":"WebSite","@id":"https:\/\/a-p-p.ch\/de\/#website","url":"https:\/\/a-p-p.ch\/de\/","name":"Schweizerischer Berufsverband f\u00fcr A.P.P. nach A. Tomatis","description":"","publisher":{"@id":"https:\/\/a-p-p.ch\/de\/#organization"},"potentialAction":[{"@type":"SearchAction","target":{"@type":"EntryPoint","urlTemplate":"https:\/\/a-p-p.ch\/de\/?s={search_term_string}"},"query-input":{"@type":"PropertyValueSpecification","valueRequired":true,"valueName":"search_term_string"}}],"inLanguage":"de"},{"@type":"Organization","@id":"https:\/\/a-p-p.ch\/de\/#organization","name":"Schweizerischer Berufsverband f\u00fcr A.P.P. nach A. Tomatis","alternateName":"APP","url":"https:\/\/a-p-p.ch\/de\/","logo":{"@type":"ImageObject","inLanguage":"de","@id":"https:\/\/a-p-p.ch\/de\/#\/schema\/logo\/image\/","url":"https:\/\/a-p-p.ch\/wp-content\/uploads\/2022\/04\/cropped-APP-Spirale-Logo.png","contentUrl":"https:\/\/a-p-p.ch\/wp-content\/uploads\/2022\/04\/cropped-APP-Spirale-Logo.png","width":512,"height":512,"caption":"Schweizerischer Berufsverband f\u00fcr A.P.P. nach A. Tomatis"},"image":{"@id":"https:\/\/a-p-p.ch\/de\/#\/schema\/logo\/image\/"}}]}},"_links":{"self":[{"href":"https:\/\/a-p-p.ch\/de\/wp-json\/wp\/v2\/pages\/784","targetHints":{"allow":["GET"]}}],"collection":[{"href":"https:\/\/a-p-p.ch\/de\/wp-json\/wp\/v2\/pages"}],"about":[{"href":"https:\/\/a-p-p.ch\/de\/wp-json\/wp\/v2\/types\/page"}],"author":[{"embeddable":true,"href":"https:\/\/a-p-p.ch\/de\/wp-json\/wp\/v2\/users\/2"}],"replies":[{"embeddable":true,"href":"https:\/\/a-p-p.ch\/de\/wp-json\/wp\/v2\/comments?post=784"}],"version-history":[{"count":0,"href":"https:\/\/a-p-p.ch\/de\/wp-json\/wp\/v2\/pages\/784\/revisions"}],"up":[{"embeddable":true,"href":"https:\/\/a-p-p.ch\/de\/wp-json\/wp\/v2\/pages\/17"}],"wp:featuredmedia":[{"embeddable":true,"href":"https:\/\/a-p-p.ch\/de\/wp-json\/wp\/v2\/media\/1745"}],"wp:attachment":[{"href":"https:\/\/a-p-p.ch\/de\/wp-json\/wp\/v2\/media?parent=784"}],"curies":[{"name":"wp","href":"https:\/\/api.w.org\/{rel}","templated":true}]}}