{"id":803,"date":"2022-07-12T17:41:21","date_gmt":"2022-07-12T15:41:21","guid":{"rendered":"https:\/\/2022.a-p-p.ch\/?page_id=803"},"modified":"2024-02-07T11:58:00","modified_gmt":"2024-02-07T10:58:00","slug":"wohlbefinden-und-energie","status":"publish","type":"page","link":"https:\/\/a-p-p.ch\/de\/anwendung\/wohlbefinden-und-energie\/","title":{"rendered":"Wohlbefinden und Energie"},"content":{"rendered":"<p>[et_pb_section fb_built=&#8221;1&#8243; _builder_version=&#8221;4.16&#8243; global_colors_info=&#8221;{}&#8221;][et_pb_row _builder_version=&#8221;4.18.0&#8243; _module_preset=&#8221;default&#8221; width_tablet=&#8221;&#8221; width_phone=&#8221;90%&#8221; width_last_edited=&#8221;on|phone&#8221; global_colors_info=&#8221;{}&#8221;][et_pb_column type=&#8221;4_4&#8243; _builder_version=&#8221;4.17.4&#8243; _module_preset=&#8221;default&#8221; global_colors_info=&#8221;{}&#8221;][et_pb_post_title meta=&#8221;off&#8221; featured_image=&#8221;off&#8221; _builder_version=&#8221;4.17.4&#8243; _module_preset=&#8221;default&#8221; border_width_bottom=&#8221;1px&#8221; border_color_bottom=&#8221;#4275AF&#8221; border_style_bottom=&#8221;dashed&#8221; global_colors_info=&#8221;{}&#8221;][\/et_pb_post_title][\/et_pb_column][\/et_pb_row][et_pb_row column_structure=&#8221;2_3,1_3&#8243; _builder_version=&#8221;4.18.0&#8243; _module_preset=&#8221;default&#8221; width_tablet=&#8221;&#8221; width_phone=&#8221;90%&#8221; width_last_edited=&#8221;on|phone&#8221; global_colors_info=&#8221;{}&#8221;][et_pb_column type=&#8221;2_3&#8243; _builder_version=&#8221;4.17.4&#8243; _module_preset=&#8221;default&#8221; global_colors_info=&#8221;{}&#8221;][et_pb_icon font_icon=&#8221;&#xe05c;||fa||900&#8243; align=&#8221;left&#8221; _builder_version=&#8221;4.17.4&#8243; _module_preset=&#8221;default&#8221; global_colors_info=&#8221;{}&#8221;][\/et_pb_icon][et_pb_text _builder_version=&#8221;4.17.4&#8243; background_size=&#8221;initial&#8221; background_position=&#8221;top_left&#8221; background_repeat=&#8221;repeat&#8221; hover_enabled=&#8221;0&#8243; global_colors_info=&#8221;{}&#8221; sticky_enabled=&#8221;0&#8243;]<\/p>\n<p>Schwangerschaft, Vegetative St\u00f6rungen, Stress, Burnout<\/p>\n<p>[\/et_pb_text][et_pb_blurb use_icon=&#8221;on&#8221; font_icon=&#8221;&#x3d;||divi||400&#8243; icon_placement=&#8221;left&#8221; _builder_version=&#8221;4.24.0&#8243; _module_preset=&#8221;default&#8221; animation_style=&#8221;slide&#8221; animation_direction=&#8221;left&#8221; animation=&#8221;off&#8221; hover_enabled=&#8221;0&#8243; global_colors_info=&#8221;{}&#8221; sticky_enabled=&#8221;0&#8243;]<\/p>\n<p>Der Nervus Vagus, der parasympathische \u00abEingeweidenerv\u00bb, ist f\u00fcr die Regulierung s\u00e4mtlicher innerer Organe und somit auch des vegetativen Gleichgewichts zust\u00e4ndig. Er besitzt einen sensiblen Ast zum Ohr, womit dem Ohr eine wichtige Funktion bei der Regulierung der inneren Organe zukommt.<\/p>\n<p>[\/et_pb_blurb][et_pb_blurb use_icon=&#8221;on&#8221; font_icon=&#8221;&#x3d;||divi||400&#8243; icon_placement=&#8221;left&#8221; _builder_version=&#8221;4.17.4&#8243; _module_preset=&#8221;default&#8221; animation_style=&#8221;slide&#8221; animation_direction=&#8221;left&#8221; animation=&#8221;off&#8221; global_colors_info=&#8221;{}&#8221;]<\/p>\n<p>Deshalb lassen sich eine Reihe von funktionellen und psychosomatischen St\u00f6rungen \u00fcber eine Harmonisierung des vegetativen Gleichgewichts positiv beeinflussen. Ausserdem kann \u00fcber das H\u00f6ren bestimmter hoch filtrierter T\u00f6ne eine Vitalisierung des gesamten Organismus erreicht werden.<\/p>\n<p>[\/et_pb_blurb][\/et_pb_column][et_pb_column type=&#8221;1_3&#8243; _builder_version=&#8221;4.17.4&#8243; _module_preset=&#8221;default&#8221; global_colors_info=&#8221;{}&#8221;][et_pb_image src=&#8221;https:\/\/a-p-p.ch\/wp-content\/uploads\/2022\/11\/Wohlbefinden-und-Energie-scaled.jpg&#8221; alt=&#8221;Dr. Alfred A. Tomatis&#8221; title_text=&#8221;Wohlbefinden und Energie&#8221; _builder_version=&#8221;4.19.0&#8243; _module_preset=&#8221;default&#8221; custom_margin=&#8221;||5px||false|false&#8221; global_colors_info=&#8221;{}&#8221;][\/et_pb_image][\/et_pb_column][\/et_pb_row][et_pb_row _builder_version=&#8221;4.18.0&#8243; _module_preset=&#8221;default&#8221; width_tablet=&#8221;&#8221; width_phone=&#8221;90%&#8221; width_last_edited=&#8221;on|phone&#8221; global_colors_info=&#8221;{}&#8221;][et_pb_column type=&#8221;4_4&#8243; _builder_version=&#8221;4.17.4&#8243; _module_preset=&#8221;default&#8221; global_colors_info=&#8221;{}&#8221;][et_pb_text admin_label=&#8221;Text: Roland&#8221; _builder_version=&#8221;4.21.0&#8243; _module_preset=&#8221;default&#8221; custom_padding=&#8221;20px|20px|20px|20px|true|true&#8221; animation_style=&#8221;slide&#8221; animation_direction=&#8221;left&#8221; border_width_all=&#8221;5px&#8221; border_color_all=&#8221;#4275AF&#8221; border_style_all=&#8221;double&#8221; global_colors_info=&#8221;{}&#8221;]<\/p>\n<h2>Anwendungsbeispiel<\/h2>\n<p><strong>Roland, 78 Jahre<\/strong><\/p>\n<p>Roland hat bis zur Pensionierung einen eigenen handwerklichen Betrieb gef\u00fchrt.<\/p>\n<p>Er liebt es, mit seinem Hund in der Natur zu spazieren und hier und da mit jemandem zu plaudern. Seit einiger Zeit beobachtet er mit Sorge, wie sein Geh\u00f6r nachl\u00e4sst. Er versteht den TV-Nachrichtensprecher immer schlechter, im<br \/>Restaurant oder in einer gr\u00f6sseren Familienrunde versteht er kaum etwas, was ihm den Kontakt zu den Enkelkindern erschwert. Mit dem H\u00f6rger\u00e4t f\u00fchlt er sich trotz umfassender Beratung unwohl. Roland ist st\u00e4ndig m\u00fcde und h\u00e4ufig deprimiert. Er hat Schlafprobleme und ger\u00e4t nachts ins Gr\u00fcbeln.<\/p>\n<p>Roland wendet sich an das A.P.P. Institut, da er mehr Lebensfreude zur\u00fcckgewinnen m\u00f6chte. Auch hofft er, dass er wieder ohne Medikamente schlafen kann. Schon seine Enkelin war mit Lernproblemen in Horchtherapie.<\/p>\n<p><em>Beispiele aus dem A.P.P.-Therapiealltag: Anmeldungsgr\u00fcnde von Klienten (Vornamen ge\u00e4ndert)<\/em><\/p>\n<p>[\/et_pb_text][et_pb_text admin_label=&#8221;Text: Roger&#8221; _builder_version=&#8221;4.17.4&#8243; _module_preset=&#8221;default&#8221; custom_padding=&#8221;20px|20px|20px|20px|true|true&#8221; animation_style=&#8221;slide&#8221; animation_direction=&#8221;left&#8221; border_width_all=&#8221;5px&#8221; border_color_all=&#8221;#4275AF&#8221; border_style_all=&#8221;double&#8221; global_colors_info=&#8221;{}&#8221;]<\/p>\n<h2>Anwendungsbeispiel<\/h2>\n<p><strong>Roger, 54 Jahre<\/strong><\/p>\n<p>Roger war w\u00e4hrend \u00fcber 25 Jahren als Feinmechaniker t\u00e4tig und \u00fcbernahm vor 10 Jahren eine leitende Stellung im Betrieb. Vor einigen Monaten wurde ihm eine Arbeit in seinem Fachbereich als Ausbildner angeboten, bei der er h\u00e4ufiger an Sitzungen teilnehmen und auch vor einer gr\u00f6sseren Gruppe von Sitzungsteilnehmern sprechen muss.<\/p>\n<p>Er ist ein eher ruhiger, introvertierter Mann, der sich in der 2-er Situation erst allm\u00e4hlich \u00f6ffnet. Das Sprechen vor mehreren Zuh\u00f6rern f\u00e4llt ihm schwer. Wenn er sich auf eine schriftliche Textvorlage abst\u00fctzen kann, f\u00fchlt er sich sicherer, freies Sprechen und vor allem das Mitdiskutieren in einer gr\u00f6sseren Runde stressen ihn sehr. Er hat das Gef\u00fchl, in dem Moment einen leeren Kopf zu haben und erst nach der Diskussion fallen ihm passende Argumente ein, die er nicht einbringen konnte.<\/p>\n<p>Roger m\u00f6chte mit der Horchtherapie lernen, sicherer und freier zu sprechen und schneller Geh\u00f6rtes zu verarbeiten, um schlagfertiger zu antworten und mitzudiskutieren.<\/p>\n<p><em>Beispiele aus dem A.P.P.-Therapiealltag: Anmeldungsgr\u00fcnde von Klienten (Vornamen ge\u00e4ndert)<\/em><\/p>\n<p>[\/et_pb_text][\/et_pb_column][\/et_pb_row][et_pb_row _builder_version=&#8221;4.18.0&#8243; _module_preset=&#8221;default&#8221; width_tablet=&#8221;&#8221; width_phone=&#8221;90%&#8221; width_last_edited=&#8221;on|phone&#8221; global_colors_info=&#8221;{}&#8221;][et_pb_column type=&#8221;4_4&#8243; _builder_version=&#8221;4.17.4&#8243; _module_preset=&#8221;default&#8221; global_colors_info=&#8221;{}&#8221;][et_pb_button button_url=&#8221;@ET-DC@eyJkeW5hbWljIjp0cnVlLCJjb250ZW50IjoicG9zdF9saW5rX3VybF9wYWdlIiwic2V0dGluZ3MiOnsicG9zdF9pZCI6IjI3In19@&#8221; button_text=&#8221;Zentrum in Ihrer N\u00e4he finden&#8221; button_alignment=&#8221;center&#8221; _builder_version=&#8221;4.21.0&#8243; _dynamic_attributes=&#8221;button_url&#8221; _module_preset=&#8221;default&#8221; animation_style=&#8221;bounce&#8221; global_colors_info=&#8221;{}&#8221;][\/et_pb_button][\/et_pb_column][\/et_pb_row][\/et_pb_section]<\/p>\n","protected":false},"excerpt":{"rendered":"<p>Schwangerschaft, Vegetative St\u00f6rungen, Stress, Burnout<\/p>\n","protected":false},"author":2,"featured_media":1169,"parent":17,"menu_order":0,"comment_status":"closed","ping_status":"closed","template":"","meta":{"_acf_changed":false,"_et_pb_use_builder":"on","_et_pb_old_content":"","_et_gb_content_width":"","footnotes":""},"class_list":["post-803","page","type-page","status-publish","has-post-thumbnail","hentry"],"acf":[],"yoast_head":"<!-- This site is optimized with the Yoast SEO plugin v27.3 - https:\/\/yoast.com\/product\/yoast-seo-wordpress\/ -->\n<title>Wohlbefinden und Energie<\/title>\n<meta name=\"description\" content=\"Wohlbefinden und Energie - Schweizerischer Berufsverband f\u00fcr A.P.P. nach A. Tomatis\" \/>\n<meta name=\"robots\" content=\"index, follow, max-snippet:-1, max-image-preview:large, max-video-preview:-1\" \/>\n<link rel=\"canonical\" href=\"https:\/\/a-p-p.ch\/de\/anwendung\/wohlbefinden-und-energie\/\" \/>\n<meta property=\"og:locale\" content=\"de_DE\" \/>\n<meta property=\"og:type\" content=\"article\" \/>\n<meta property=\"og:title\" content=\"Wohlbefinden und Energie\" \/>\n<meta property=\"og:description\" content=\"Wohlbefinden und Energie - Schweizerischer Berufsverband f\u00fcr A.P.P. nach A. Tomatis\" \/>\n<meta property=\"og:url\" content=\"https:\/\/a-p-p.ch\/de\/anwendung\/wohlbefinden-und-energie\/\" \/>\n<meta property=\"og:site_name\" content=\"Schweizerischer Berufsverband f\u00fcr A.P.P. nach A. Tomatis\" \/>\n<meta property=\"article:modified_time\" content=\"2024-02-07T10:58:00+00:00\" \/>\n<meta property=\"og:image\" content=\"https:\/\/a-p-p.ch\/wp-content\/uploads\/2022\/11\/Wohlbefinden-und-Energie-scaled.jpg\" \/>\n\t<meta property=\"og:image:width\" content=\"2880\" \/>\n\t<meta property=\"og:image:height\" content=\"1922\" \/>\n\t<meta property=\"og:image:type\" content=\"image\/jpeg\" \/>\n<meta name=\"twitter:card\" content=\"summary_large_image\" \/>\n<meta name=\"twitter:label1\" content=\"Gesch\u00e4tzte Lesezeit\" \/>\n\t<meta name=\"twitter:data1\" content=\"5\u00a0Minuten\" \/>\n<script type=\"application\/ld+json\" class=\"yoast-schema-graph\">{\"@context\":\"https:\\\/\\\/schema.org\",\"@graph\":[{\"@type\":\"WebPage\",\"@id\":\"https:\\\/\\\/a-p-p.ch\\\/de\\\/anwendung\\\/wohlbefinden-und-energie\\\/\",\"url\":\"https:\\\/\\\/a-p-p.ch\\\/de\\\/anwendung\\\/wohlbefinden-und-energie\\\/\",\"name\":\"Wohlbefinden und Energie\",\"isPartOf\":{\"@id\":\"https:\\\/\\\/a-p-p.ch\\\/de\\\/#website\"},\"primaryImageOfPage\":{\"@id\":\"https:\\\/\\\/a-p-p.ch\\\/de\\\/anwendung\\\/wohlbefinden-und-energie\\\/#primaryimage\"},\"image\":{\"@id\":\"https:\\\/\\\/a-p-p.ch\\\/de\\\/anwendung\\\/wohlbefinden-und-energie\\\/#primaryimage\"},\"thumbnailUrl\":\"https:\\\/\\\/a-p-p.ch\\\/wp-content\\\/uploads\\\/2022\\\/11\\\/Wohlbefinden-und-Energie-scaled.jpg\",\"datePublished\":\"2022-07-12T15:41:21+00:00\",\"dateModified\":\"2024-02-07T10:58:00+00:00\",\"description\":\"Wohlbefinden und Energie - Schweizerischer Berufsverband f\u00fcr A.P.P. nach A. Tomatis\",\"breadcrumb\":{\"@id\":\"https:\\\/\\\/a-p-p.ch\\\/de\\\/anwendung\\\/wohlbefinden-und-energie\\\/#breadcrumb\"},\"inLanguage\":\"de\",\"potentialAction\":[{\"@type\":\"ReadAction\",\"target\":[\"https:\\\/\\\/a-p-p.ch\\\/de\\\/anwendung\\\/wohlbefinden-und-energie\\\/\"]}]},{\"@type\":\"ImageObject\",\"inLanguage\":\"de\",\"@id\":\"https:\\\/\\\/a-p-p.ch\\\/de\\\/anwendung\\\/wohlbefinden-und-energie\\\/#primaryimage\",\"url\":\"https:\\\/\\\/a-p-p.ch\\\/wp-content\\\/uploads\\\/2022\\\/11\\\/Wohlbefinden-und-Energie-scaled.jpg\",\"contentUrl\":\"https:\\\/\\\/a-p-p.ch\\\/wp-content\\\/uploads\\\/2022\\\/11\\\/Wohlbefinden-und-Energie-scaled.jpg\",\"width\":2880,\"height\":1922},{\"@type\":\"BreadcrumbList\",\"@id\":\"https:\\\/\\\/a-p-p.ch\\\/de\\\/anwendung\\\/wohlbefinden-und-energie\\\/#breadcrumb\",\"itemListElement\":[{\"@type\":\"ListItem\",\"position\":1,\"name\":\"Startseite\",\"item\":\"https:\\\/\\\/a-p-p.ch\\\/de\\\/\"},{\"@type\":\"ListItem\",\"position\":2,\"name\":\"Anwendung\",\"item\":\"https:\\\/\\\/a-p-p.ch\\\/de\\\/anwendung\\\/\"},{\"@type\":\"ListItem\",\"position\":3,\"name\":\"Wohlbefinden und Energie\"}]},{\"@type\":\"WebSite\",\"@id\":\"https:\\\/\\\/a-p-p.ch\\\/de\\\/#website\",\"url\":\"https:\\\/\\\/a-p-p.ch\\\/de\\\/\",\"name\":\"Schweizerischer Berufsverband f\u00fcr A.P.P. nach A. Tomatis\",\"description\":\"\",\"publisher\":{\"@id\":\"https:\\\/\\\/a-p-p.ch\\\/de\\\/#organization\"},\"potentialAction\":[{\"@type\":\"SearchAction\",\"target\":{\"@type\":\"EntryPoint\",\"urlTemplate\":\"https:\\\/\\\/a-p-p.ch\\\/de\\\/?s={search_term_string}\"},\"query-input\":{\"@type\":\"PropertyValueSpecification\",\"valueRequired\":true,\"valueName\":\"search_term_string\"}}],\"inLanguage\":\"de\"},{\"@type\":\"Organization\",\"@id\":\"https:\\\/\\\/a-p-p.ch\\\/de\\\/#organization\",\"name\":\"Schweizerischer Berufsverband f\u00fcr A.P.P. nach A. Tomatis\",\"alternateName\":\"APP\",\"url\":\"https:\\\/\\\/a-p-p.ch\\\/de\\\/\",\"logo\":{\"@type\":\"ImageObject\",\"inLanguage\":\"de\",\"@id\":\"https:\\\/\\\/a-p-p.ch\\\/de\\\/#\\\/schema\\\/logo\\\/image\\\/\",\"url\":\"https:\\\/\\\/a-p-p.ch\\\/wp-content\\\/uploads\\\/2022\\\/04\\\/cropped-APP-Spirale-Logo.png\",\"contentUrl\":\"https:\\\/\\\/a-p-p.ch\\\/wp-content\\\/uploads\\\/2022\\\/04\\\/cropped-APP-Spirale-Logo.png\",\"width\":512,\"height\":512,\"caption\":\"Schweizerischer Berufsverband f\u00fcr A.P.P. nach A. Tomatis\"},\"image\":{\"@id\":\"https:\\\/\\\/a-p-p.ch\\\/de\\\/#\\\/schema\\\/logo\\\/image\\\/\"}}]}<\/script>\n<!-- \/ Yoast SEO plugin. -->","yoast_head_json":{"title":"Wohlbefinden und Energie","description":"Wohlbefinden und Energie - Schweizerischer Berufsverband f\u00fcr A.P.P. nach A. Tomatis","robots":{"index":"index","follow":"follow","max-snippet":"max-snippet:-1","max-image-preview":"max-image-preview:large","max-video-preview":"max-video-preview:-1"},"canonical":"https:\/\/a-p-p.ch\/de\/anwendung\/wohlbefinden-und-energie\/","og_locale":"de_DE","og_type":"article","og_title":"Wohlbefinden und Energie","og_description":"Wohlbefinden und Energie - Schweizerischer Berufsverband f\u00fcr A.P.P. nach A. Tomatis","og_url":"https:\/\/a-p-p.ch\/de\/anwendung\/wohlbefinden-und-energie\/","og_site_name":"Schweizerischer Berufsverband f\u00fcr A.P.P. nach A. Tomatis","article_modified_time":"2024-02-07T10:58:00+00:00","og_image":[{"width":2880,"height":1922,"url":"https:\/\/a-p-p.ch\/wp-content\/uploads\/2022\/11\/Wohlbefinden-und-Energie-scaled.jpg","type":"image\/jpeg"}],"twitter_card":"summary_large_image","twitter_misc":{"Gesch\u00e4tzte Lesezeit":"5\u00a0Minuten"},"schema":{"@context":"https:\/\/schema.org","@graph":[{"@type":"WebPage","@id":"https:\/\/a-p-p.ch\/de\/anwendung\/wohlbefinden-und-energie\/","url":"https:\/\/a-p-p.ch\/de\/anwendung\/wohlbefinden-und-energie\/","name":"Wohlbefinden und Energie","isPartOf":{"@id":"https:\/\/a-p-p.ch\/de\/#website"},"primaryImageOfPage":{"@id":"https:\/\/a-p-p.ch\/de\/anwendung\/wohlbefinden-und-energie\/#primaryimage"},"image":{"@id":"https:\/\/a-p-p.ch\/de\/anwendung\/wohlbefinden-und-energie\/#primaryimage"},"thumbnailUrl":"https:\/\/a-p-p.ch\/wp-content\/uploads\/2022\/11\/Wohlbefinden-und-Energie-scaled.jpg","datePublished":"2022-07-12T15:41:21+00:00","dateModified":"2024-02-07T10:58:00+00:00","description":"Wohlbefinden und Energie - Schweizerischer Berufsverband f\u00fcr A.P.P. nach A. Tomatis","breadcrumb":{"@id":"https:\/\/a-p-p.ch\/de\/anwendung\/wohlbefinden-und-energie\/#breadcrumb"},"inLanguage":"de","potentialAction":[{"@type":"ReadAction","target":["https:\/\/a-p-p.ch\/de\/anwendung\/wohlbefinden-und-energie\/"]}]},{"@type":"ImageObject","inLanguage":"de","@id":"https:\/\/a-p-p.ch\/de\/anwendung\/wohlbefinden-und-energie\/#primaryimage","url":"https:\/\/a-p-p.ch\/wp-content\/uploads\/2022\/11\/Wohlbefinden-und-Energie-scaled.jpg","contentUrl":"https:\/\/a-p-p.ch\/wp-content\/uploads\/2022\/11\/Wohlbefinden-und-Energie-scaled.jpg","width":2880,"height":1922},{"@type":"BreadcrumbList","@id":"https:\/\/a-p-p.ch\/de\/anwendung\/wohlbefinden-und-energie\/#breadcrumb","itemListElement":[{"@type":"ListItem","position":1,"name":"Startseite","item":"https:\/\/a-p-p.ch\/de\/"},{"@type":"ListItem","position":2,"name":"Anwendung","item":"https:\/\/a-p-p.ch\/de\/anwendung\/"},{"@type":"ListItem","position":3,"name":"Wohlbefinden und Energie"}]},{"@type":"WebSite","@id":"https:\/\/a-p-p.ch\/de\/#website","url":"https:\/\/a-p-p.ch\/de\/","name":"Schweizerischer Berufsverband f\u00fcr A.P.P. nach A. Tomatis","description":"","publisher":{"@id":"https:\/\/a-p-p.ch\/de\/#organization"},"potentialAction":[{"@type":"SearchAction","target":{"@type":"EntryPoint","urlTemplate":"https:\/\/a-p-p.ch\/de\/?s={search_term_string}"},"query-input":{"@type":"PropertyValueSpecification","valueRequired":true,"valueName":"search_term_string"}}],"inLanguage":"de"},{"@type":"Organization","@id":"https:\/\/a-p-p.ch\/de\/#organization","name":"Schweizerischer Berufsverband f\u00fcr A.P.P. nach A. Tomatis","alternateName":"APP","url":"https:\/\/a-p-p.ch\/de\/","logo":{"@type":"ImageObject","inLanguage":"de","@id":"https:\/\/a-p-p.ch\/de\/#\/schema\/logo\/image\/","url":"https:\/\/a-p-p.ch\/wp-content\/uploads\/2022\/04\/cropped-APP-Spirale-Logo.png","contentUrl":"https:\/\/a-p-p.ch\/wp-content\/uploads\/2022\/04\/cropped-APP-Spirale-Logo.png","width":512,"height":512,"caption":"Schweizerischer Berufsverband f\u00fcr A.P.P. nach A. Tomatis"},"image":{"@id":"https:\/\/a-p-p.ch\/de\/#\/schema\/logo\/image\/"}}]}},"_links":{"self":[{"href":"https:\/\/a-p-p.ch\/de\/wp-json\/wp\/v2\/pages\/803","targetHints":{"allow":["GET"]}}],"collection":[{"href":"https:\/\/a-p-p.ch\/de\/wp-json\/wp\/v2\/pages"}],"about":[{"href":"https:\/\/a-p-p.ch\/de\/wp-json\/wp\/v2\/types\/page"}],"author":[{"embeddable":true,"href":"https:\/\/a-p-p.ch\/de\/wp-json\/wp\/v2\/users\/2"}],"replies":[{"embeddable":true,"href":"https:\/\/a-p-p.ch\/de\/wp-json\/wp\/v2\/comments?post=803"}],"version-history":[{"count":0,"href":"https:\/\/a-p-p.ch\/de\/wp-json\/wp\/v2\/pages\/803\/revisions"}],"up":[{"embeddable":true,"href":"https:\/\/a-p-p.ch\/de\/wp-json\/wp\/v2\/pages\/17"}],"wp:featuredmedia":[{"embeddable":true,"href":"https:\/\/a-p-p.ch\/de\/wp-json\/wp\/v2\/media\/1169"}],"wp:attachment":[{"href":"https:\/\/a-p-p.ch\/de\/wp-json\/wp\/v2\/media?parent=803"}],"curies":[{"name":"wp","href":"https:\/\/api.w.org\/{rel}","templated":true}]}}