{"id":595,"date":"2022-04-13T09:56:47","date_gmt":"2022-04-13T07:56:47","guid":{"rendered":"https:\/\/2022.a-p-p.ch\/berufsverband\/"},"modified":"2024-02-19T18:43:52","modified_gmt":"2024-02-19T17:43:52","slug":"lassociation","status":"publish","type":"page","link":"https:\/\/a-p-p.ch\/fr\/lassociation\/","title":{"rendered":"l\u2019Association"},"content":{"rendered":"<p>[et_pb_section fb_built=&#8221;1&#8243; _builder_version=&#8221;4.16&#8243; global_colors_info=&#8221;{}&#8221;][et_pb_row _builder_version=&#8221;4.17.4&#8243; _module_preset=&#8221;default&#8221; global_colors_info=&#8221;{}&#8221;][et_pb_column type=&#8221;4_4&#8243; _builder_version=&#8221;4.17.4&#8243; _module_preset=&#8221;default&#8221; global_colors_info=&#8221;{}&#8221;][et_pb_post_title meta=&#8221;off&#8221; featured_image=&#8221;off&#8221; _builder_version=&#8221;4.24.1&#8243; _module_preset=&#8221;default&#8221; hover_enabled=&#8221;0&#8243; border_width_bottom=&#8221;1px&#8221; border_color_bottom=&#8221;#4275AF&#8221; border_style_bottom=&#8221;dashed&#8221; global_colors_info=&#8221;{}&#8221; admin_label=&#8221;Posttitel&#8221; sticky_enabled=&#8221;0&#8243;][\/et_pb_post_title][\/et_pb_column][\/et_pb_row][et_pb_row column_structure=&#8221;2_3,1_3&#8243; _builder_version=&#8221;4.17.4&#8243; _module_preset=&#8221;default&#8221; global_colors_info=&#8221;{}&#8221;][et_pb_column type=&#8221;2_3&#8243; _builder_version=&#8221;4.17.4&#8243; _module_preset=&#8221;default&#8221; global_colors_info=&#8221;{}&#8221;][et_pb_text _builder_version=&#8221;4.21.0&#8243; background_size=&#8221;initial&#8221; background_position=&#8221;top_left&#8221; background_repeat=&#8221;repeat&#8221; global_colors_info=&#8221;{}&#8221;]<\/p>\n<p>L\u2019Association suisse regroupant des professionnel les en Audio-Psycho-Phonologie selon A. Tomatis\u00ae a \u00e9t\u00e9 cr\u00e9\u00e9e en 1997. Tous les membres fondateurs ont \u00e9t\u00e9 form\u00e9s par le docteur A. Tomatis.<\/p>\n<p><strong>Association Professionnelle Suisse d\u2019A.P.P. selon A. Tomatis<\/strong><\/p>\n<p>Mail: <a href=\"mailto:info@a-p-p.ch\">contact@a-p-p.ch<\/a><\/p>\n<p>&nbsp;<\/p>\n<p>[\/et_pb_text][et_pb_text _builder_version=&#8221;4.19.0&#8243; _module_preset=&#8221;default&#8221; custom_margin=&#8221;||16px|||&#8221; global_colors_info=&#8221;{}&#8221;]<\/p>\n<h2>Les buts de l&#8217;association A-P-P :<\/h2>\n<p>[\/et_pb_text][et_pb_blurb use_icon=&#8221;on&#8221; font_icon=&#8221;&#x52;||divi||400&#8243; icon_placement=&#8221;left&#8221; _builder_version=&#8221;4.19.0&#8243; _module_preset=&#8221;default&#8221; animation_style=&#8221;slide&#8221; animation_direction=&#8221;left&#8221; animation=&#8221;off&#8221; global_colors_info=&#8221;{}&#8221;]<\/p>\n<p>Promouvoir les int\u00e9r\u00eats des professionnel\u00b7le\u00b7s suisses en Audio-Psycho- Phonologie selon A. Tomatis\u00ae.<\/p>\n<p>[\/et_pb_blurb][et_pb_blurb use_icon=&#8221;on&#8221; font_icon=&#8221;&#x52;||divi||400&#8243; icon_placement=&#8221;left&#8221; _builder_version=&#8221;4.19.0&#8243; _module_preset=&#8221;default&#8221; animation_style=&#8221;slide&#8221; animation_direction=&#8221;left&#8221; animation=&#8221;off&#8221; global_colors_info=&#8221;{}&#8221;]<\/p>\n<p>Repr\u00e9senter les int\u00e9r\u00eats de ses membres aupr\u00e8s des institutions publiques, des assurances et des caisses-maladie.<\/p>\n<p>[\/et_pb_blurb][et_pb_blurb use_icon=&#8221;on&#8221; font_icon=&#8221;&#x52;||divi||400&#8243; icon_placement=&#8221;left&#8221; _builder_version=&#8221;4.19.0&#8243; _module_preset=&#8221;default&#8221; animation_style=&#8221;slide&#8221; animation_direction=&#8221;left&#8221; animation=&#8221;off&#8221; global_colors_info=&#8221;{}&#8221;]<\/p>\n<p>Promouvoir l\u2019information du public sur les possibilit\u00e9s et les buts de l\u2019Audio-Psycho-Phonologie selon A. Tomatis\u00ae.<\/p>\n<p>[\/et_pb_blurb][et_pb_blurb use_icon=&#8221;on&#8221; font_icon=&#8221;&#x52;||divi||400&#8243; icon_placement=&#8221;left&#8221; _builder_version=&#8221;4.24.1&#8243; _module_preset=&#8221;default&#8221; animation_style=&#8221;slide&#8221; animation_direction=&#8221;left&#8221; animation=&#8221;off&#8221; hover_enabled=&#8221;0&#8243; global_colors_info=&#8221;{}&#8221; admin_label=&#8221;Informationstext&#8221; sticky_enabled=&#8221;0&#8243;]<\/p>\n<p>Favoriser la communication entre les professionnel\u00b7le\u00b7s de l\u2019Audio-Psycho-<br \/>Phonologie selon A. Tomatis\u00ae en Suisse et \u00e0 l\u2019\u00e9tranger ainsi qu\u2019avec des personnes et des institutions de domaines voisins.<\/p>\n<p>[\/et_pb_blurb][et_pb_blurb use_icon=&#8221;on&#8221; font_icon=&#8221;&#x52;||divi||400&#8243; icon_placement=&#8221;left&#8221; _builder_version=&#8221;4.19.0&#8243; _module_preset=&#8221;default&#8221; animation_style=&#8221;slide&#8221; animation_direction=&#8221;left&#8221; animation=&#8221;off&#8221; global_colors_info=&#8221;{}&#8221;]<\/p>\n<p>Des rencontres internationales sont r\u00e9guli\u00e8rement organis\u00e9es afin de partager nos exp\u00e9riences, nos connaissances et afin de poursuivre les recherches.<\/p>\n<p>[\/et_pb_blurb][et_pb_blurb use_icon=&#8221;on&#8221; font_icon=&#8221;&#x52;||divi||400&#8243; icon_placement=&#8221;left&#8221; _builder_version=&#8221;4.19.0&#8243; _module_preset=&#8221;default&#8221; animation_style=&#8221;slide&#8221; animation_direction=&#8221;left&#8221; animation=&#8221;off&#8221; global_colors_info=&#8221;{}&#8221;]<\/p>\n<p>Assurer la formation en A-P-P, la formation continue et le maintien de la qualit\u00e9 professionnelle de ses membres.<\/p>\n<p>[\/et_pb_blurb][\/et_pb_column][et_pb_column type=&#8221;1_3&#8243; _builder_version=&#8221;4.17.4&#8243; _module_preset=&#8221;default&#8221; global_colors_info=&#8221;{}&#8221;][et_pb_image src=&#8221;https:\/\/a-p-p.ch\/wp-content\/uploads\/2023\/12\/005_APP_Bienne-2023_09_30_High_Res-1-scaled.jpg&#8221; title_text=&#8221;005_APP_Bienne-2023_09_30_High_Res&#8221; show_in_lightbox=&#8221;on&#8221; _builder_version=&#8221;4.23.1&#8243; _module_preset=&#8221;default&#8221; global_colors_info=&#8221;{}&#8221;][\/et_pb_image][et_pb_image src=&#8221;https:\/\/a-p-p.ch\/wp-content\/uploads\/2022\/10\/APP-Gruppenfoto-scaled-e1665046255211.jpg&#8221; title_text=&#8221;APP Gruppenfoto&#8221; show_in_lightbox=&#8221;on&#8221; _builder_version=&#8221;4.18.0&#8243; _module_preset=&#8221;default&#8221; global_colors_info=&#8221;{}&#8221;][\/et_pb_image][\/et_pb_column][\/et_pb_row][\/et_pb_section]<\/p>\n","protected":false},"excerpt":{"rendered":"<p>L\u2019Association suisse regroupant des professionnel les en Audio-Psycho-Phonologie selon A. Tomatis\u00ae a \u00e9t\u00e9 cr\u00e9\u00e9e en 1997. Rue du Stand 32, 2505 Bienne<\/p>\n","protected":false},"author":2,"featured_media":0,"parent":0,"menu_order":0,"comment_status":"closed","ping_status":"closed","template":"","meta":{"_acf_changed":false,"_et_pb_use_builder":"on","_et_pb_old_content":"<p>Der schweizerische Berufsverband f\u00fcr Audio \u2013 Psycho \u2013 Phonologie nach A. Tomatis wurde 1997 gegr\u00fcndet. Alle Gr\u00fcndungsmitglieder wurden von Dr. A. Tomatis, Gr\u00fcnder der Audio \u2013 Psycho \u2013 Phonologie, ausgebildet und gepr\u00fcft.<\/p><p><strong>Ziele des Verbandes f\u00fcr APP:<\/strong><\/p><ul><li>er bezweckt die F\u00f6rderung der Interessen der schweizerischen Audio \u2013 Psycho \u2013 PhonologInnen nach A. Tomatis<\/li><li>er vertritt die Interessen seiner Mitglieder gegen\u00fcber staatlichen Institutionen, Versicherungen und Krankenkassen<\/li><li>er f\u00f6rdert die Information der \u00d6ffentlichkeit \u00fcber M\u00f6glichkeiten und Ziele der Audio \u2013 Psycho \u2013 Phonologie nach A. Tomatis<\/li><li>er f\u00f6rdert die Ausbildung, die Weiterbildung und den Qualit\u00e4tsstandard in der Arbeit seiner Mitglieder<\/li><li>er f\u00f6rdert die Kommunikation zwischen den Audio \u2013 Psycho \u2013 PhonologInnen nach A.Tomatis in der Schweiz und im Ausland, sowie zu Personen und Institutionen aus angrenzenden Fachbereichen.<\/li><\/ul>","_et_gb_content_width":"","footnotes":""},"class_list":["post-595","page","type-page","status-publish","hentry"],"acf":[],"yoast_head":"<!-- This site is optimized with the Yoast SEO plugin v27.5 - https:\/\/yoast.com\/product\/yoast-seo-wordpress\/ -->\n<title>L\u2019Association des professionnel les en Audio-Psycho-Phonologie<\/title>\n<meta name=\"description\" content=\"L\u2019Association suisse regroupant des professionnel \u00b7le\u00b7s en Audio-Psycho-Phonologie selon A. Tomatis\u00ae a \u00e9t\u00e9 cr\u00e9\u00e9e en 1997. Rue du Stand 32, 2505 Bienne\" \/>\n<meta name=\"robots\" content=\"index, follow, max-snippet:-1, max-image-preview:large, max-video-preview:-1\" \/>\n<link rel=\"canonical\" href=\"https:\/\/a-p-p.ch\/fr\/lassociation\/\" \/>\n<meta property=\"og:locale\" content=\"fr_FR\" \/>\n<meta property=\"og:type\" content=\"article\" \/>\n<meta property=\"og:title\" content=\"L\u2019Association des professionnel les en Audio-Psycho-Phonologie\" \/>\n<meta property=\"og:description\" content=\"L\u2019Association suisse regroupant des professionnel \u00b7le\u00b7s en Audio-Psycho-Phonologie selon A. Tomatis\u00ae a \u00e9t\u00e9 cr\u00e9\u00e9e en 1997. Rue du Stand 32, 2505 Bienne\" \/>\n<meta property=\"og:url\" content=\"https:\/\/a-p-p.ch\/fr\/lassociation\/\" \/>\n<meta property=\"og:site_name\" content=\"Association Professionnelle Suisse A.P.P selon A. Tomatis\" \/>\n<meta property=\"article:modified_time\" content=\"2024-02-19T17:43:52+00:00\" \/>\n<meta name=\"twitter:card\" content=\"summary_large_image\" \/>\n<meta name=\"twitter:label1\" content=\"Dur\u00e9e de lecture estim\u00e9e\" \/>\n\t<meta name=\"twitter:data1\" content=\"3 minutes\" \/>\n<script type=\"application\/ld+json\" class=\"yoast-schema-graph\">{\"@context\":\"https:\\\/\\\/schema.org\",\"@graph\":[{\"@type\":\"WebPage\",\"@id\":\"https:\\\/\\\/a-p-p.ch\\\/fr\\\/lassociation\\\/\",\"url\":\"https:\\\/\\\/a-p-p.ch\\\/fr\\\/lassociation\\\/\",\"name\":\"L\u2019Association des professionnel les en Audio-Psycho-Phonologie\",\"isPartOf\":{\"@id\":\"https:\\\/\\\/a-p-p.ch\\\/fr\\\/#website\"},\"datePublished\":\"2022-04-13T07:56:47+00:00\",\"dateModified\":\"2024-02-19T17:43:52+00:00\",\"description\":\"L\u2019Association suisse regroupant des professionnel \u00b7le\u00b7s en Audio-Psycho-Phonologie selon A. Tomatis\u00ae a \u00e9t\u00e9 cr\u00e9\u00e9e en 1997. Rue du Stand 32, 2505 Bienne\",\"breadcrumb\":{\"@id\":\"https:\\\/\\\/a-p-p.ch\\\/fr\\\/lassociation\\\/#breadcrumb\"},\"inLanguage\":\"fr-FR\",\"potentialAction\":[{\"@type\":\"ReadAction\",\"target\":[\"https:\\\/\\\/a-p-p.ch\\\/fr\\\/lassociation\\\/\"]}]},{\"@type\":\"BreadcrumbList\",\"@id\":\"https:\\\/\\\/a-p-p.ch\\\/fr\\\/lassociation\\\/#breadcrumb\",\"itemListElement\":[{\"@type\":\"ListItem\",\"position\":1,\"name\":\"Startseite\",\"item\":\"https:\\\/\\\/a-p-p.ch\\\/fr\\\/home\\\/\"},{\"@type\":\"ListItem\",\"position\":2,\"name\":\"l\u2019Association\"}]},{\"@type\":\"WebSite\",\"@id\":\"https:\\\/\\\/a-p-p.ch\\\/fr\\\/#website\",\"url\":\"https:\\\/\\\/a-p-p.ch\\\/fr\\\/\",\"name\":\"Schweizerischer Berufsverband f\u00fcr A.P.P. nach A. Tomatis\",\"description\":\"\",\"publisher\":{\"@id\":\"https:\\\/\\\/a-p-p.ch\\\/fr\\\/#organization\"},\"potentialAction\":[{\"@type\":\"SearchAction\",\"target\":{\"@type\":\"EntryPoint\",\"urlTemplate\":\"https:\\\/\\\/a-p-p.ch\\\/fr\\\/?s={search_term_string}\"},\"query-input\":{\"@type\":\"PropertyValueSpecification\",\"valueRequired\":true,\"valueName\":\"search_term_string\"}}],\"inLanguage\":\"fr-FR\"},{\"@type\":\"Organization\",\"@id\":\"https:\\\/\\\/a-p-p.ch\\\/fr\\\/#organization\",\"name\":\"Schweizerischer Berufsverband f\u00fcr A.P.P. nach A. Tomatis\",\"alternateName\":\"APP\",\"url\":\"https:\\\/\\\/a-p-p.ch\\\/fr\\\/\",\"logo\":{\"@type\":\"ImageObject\",\"inLanguage\":\"fr-FR\",\"@id\":\"https:\\\/\\\/a-p-p.ch\\\/fr\\\/#\\\/schema\\\/logo\\\/image\\\/\",\"url\":\"https:\\\/\\\/a-p-p.ch\\\/wp-content\\\/uploads\\\/2022\\\/04\\\/cropped-APP-Spirale-Logo.png\",\"contentUrl\":\"https:\\\/\\\/a-p-p.ch\\\/wp-content\\\/uploads\\\/2022\\\/04\\\/cropped-APP-Spirale-Logo.png\",\"width\":512,\"height\":512,\"caption\":\"Schweizerischer Berufsverband f\u00fcr A.P.P. nach A. Tomatis\"},\"image\":{\"@id\":\"https:\\\/\\\/a-p-p.ch\\\/fr\\\/#\\\/schema\\\/logo\\\/image\\\/\"}}]}<\/script>\n<!-- \/ Yoast SEO plugin. -->","yoast_head_json":{"title":"L\u2019Association des professionnel les en Audio-Psycho-Phonologie","description":"L\u2019Association suisse regroupant des professionnel \u00b7le\u00b7s en Audio-Psycho-Phonologie selon A. Tomatis\u00ae a \u00e9t\u00e9 cr\u00e9\u00e9e en 1997. Rue du Stand 32, 2505 Bienne","robots":{"index":"index","follow":"follow","max-snippet":"max-snippet:-1","max-image-preview":"max-image-preview:large","max-video-preview":"max-video-preview:-1"},"canonical":"https:\/\/a-p-p.ch\/fr\/lassociation\/","og_locale":"fr_FR","og_type":"article","og_title":"L\u2019Association des professionnel les en Audio-Psycho-Phonologie","og_description":"L\u2019Association suisse regroupant des professionnel \u00b7le\u00b7s en Audio-Psycho-Phonologie selon A. Tomatis\u00ae a \u00e9t\u00e9 cr\u00e9\u00e9e en 1997. Rue du Stand 32, 2505 Bienne","og_url":"https:\/\/a-p-p.ch\/fr\/lassociation\/","og_site_name":"Association Professionnelle Suisse A.P.P selon A. Tomatis","article_modified_time":"2024-02-19T17:43:52+00:00","twitter_card":"summary_large_image","twitter_misc":{"Dur\u00e9e de lecture estim\u00e9e":"3 minutes"},"schema":{"@context":"https:\/\/schema.org","@graph":[{"@type":"WebPage","@id":"https:\/\/a-p-p.ch\/fr\/lassociation\/","url":"https:\/\/a-p-p.ch\/fr\/lassociation\/","name":"L\u2019Association des professionnel les en Audio-Psycho-Phonologie","isPartOf":{"@id":"https:\/\/a-p-p.ch\/fr\/#website"},"datePublished":"2022-04-13T07:56:47+00:00","dateModified":"2024-02-19T17:43:52+00:00","description":"L\u2019Association suisse regroupant des professionnel \u00b7le\u00b7s en Audio-Psycho-Phonologie selon A. Tomatis\u00ae a \u00e9t\u00e9 cr\u00e9\u00e9e en 1997. Rue du Stand 32, 2505 Bienne","breadcrumb":{"@id":"https:\/\/a-p-p.ch\/fr\/lassociation\/#breadcrumb"},"inLanguage":"fr-FR","potentialAction":[{"@type":"ReadAction","target":["https:\/\/a-p-p.ch\/fr\/lassociation\/"]}]},{"@type":"BreadcrumbList","@id":"https:\/\/a-p-p.ch\/fr\/lassociation\/#breadcrumb","itemListElement":[{"@type":"ListItem","position":1,"name":"Startseite","item":"https:\/\/a-p-p.ch\/fr\/home\/"},{"@type":"ListItem","position":2,"name":"l\u2019Association"}]},{"@type":"WebSite","@id":"https:\/\/a-p-p.ch\/fr\/#website","url":"https:\/\/a-p-p.ch\/fr\/","name":"Schweizerischer Berufsverband f\u00fcr A.P.P. nach A. Tomatis","description":"","publisher":{"@id":"https:\/\/a-p-p.ch\/fr\/#organization"},"potentialAction":[{"@type":"SearchAction","target":{"@type":"EntryPoint","urlTemplate":"https:\/\/a-p-p.ch\/fr\/?s={search_term_string}"},"query-input":{"@type":"PropertyValueSpecification","valueRequired":true,"valueName":"search_term_string"}}],"inLanguage":"fr-FR"},{"@type":"Organization","@id":"https:\/\/a-p-p.ch\/fr\/#organization","name":"Schweizerischer Berufsverband f\u00fcr A.P.P. nach A. Tomatis","alternateName":"APP","url":"https:\/\/a-p-p.ch\/fr\/","logo":{"@type":"ImageObject","inLanguage":"fr-FR","@id":"https:\/\/a-p-p.ch\/fr\/#\/schema\/logo\/image\/","url":"https:\/\/a-p-p.ch\/wp-content\/uploads\/2022\/04\/cropped-APP-Spirale-Logo.png","contentUrl":"https:\/\/a-p-p.ch\/wp-content\/uploads\/2022\/04\/cropped-APP-Spirale-Logo.png","width":512,"height":512,"caption":"Schweizerischer Berufsverband f\u00fcr A.P.P. nach A. Tomatis"},"image":{"@id":"https:\/\/a-p-p.ch\/fr\/#\/schema\/logo\/image\/"}}]}},"_links":{"self":[{"href":"https:\/\/a-p-p.ch\/fr\/wp-json\/wp\/v2\/pages\/595","targetHints":{"allow":["GET"]}}],"collection":[{"href":"https:\/\/a-p-p.ch\/fr\/wp-json\/wp\/v2\/pages"}],"about":[{"href":"https:\/\/a-p-p.ch\/fr\/wp-json\/wp\/v2\/types\/page"}],"author":[{"embeddable":true,"href":"https:\/\/a-p-p.ch\/fr\/wp-json\/wp\/v2\/users\/2"}],"replies":[{"embeddable":true,"href":"https:\/\/a-p-p.ch\/fr\/wp-json\/wp\/v2\/comments?post=595"}],"version-history":[{"count":0,"href":"https:\/\/a-p-p.ch\/fr\/wp-json\/wp\/v2\/pages\/595\/revisions"}],"wp:attachment":[{"href":"https:\/\/a-p-p.ch\/fr\/wp-json\/wp\/v2\/media?parent=595"}],"curies":[{"name":"wp","href":"https:\/\/api.w.org\/{rel}","templated":true}]}}