{"id":781,"date":"2022-04-13T09:55:22","date_gmt":"2022-04-13T07:55:22","guid":{"rendered":"https:\/\/2022.a-p-p.ch\/anwendung\/"},"modified":"2024-02-07T11:43:10","modified_gmt":"2024-02-07T10:43:10","slug":"les-champs-dapplication","status":"publish","type":"page","link":"https:\/\/a-p-p.ch\/fr\/les-champs-dapplication\/","title":{"rendered":"Les Champs d\u2019Application"},"content":{"rendered":"<p>[et_pb_section fb_built=&#8221;1&#8243; _builder_version=&#8221;4.17.4&#8243; _module_preset=&#8221;default&#8221; global_colors_info=&#8221;{}&#8221;][et_pb_row _builder_version=&#8221;4.18.0&#8243; _module_preset=&#8221;default&#8221; width_tablet=&#8221;&#8221; width_phone=&#8221;90%&#8221; width_last_edited=&#8221;on|phone&#8221; global_colors_info=&#8221;{}&#8221;][et_pb_column type=&#8221;4_4&#8243; _builder_version=&#8221;4.17.4&#8243; _module_preset=&#8221;default&#8221; global_colors_info=&#8221;{}&#8221;][et_pb_post_title meta=&#8221;off&#8221; featured_image=&#8221;off&#8221; _builder_version=&#8221;4.17.4&#8243; _module_preset=&#8221;default&#8221; border_width_bottom=&#8221;1px&#8221; border_color_bottom=&#8221;#4275AF&#8221; border_style_bottom=&#8221;dashed&#8221; global_colors_info=&#8221;{}&#8221;][\/et_pb_post_title][\/et_pb_column][\/et_pb_row][et_pb_row column_structure=&#8221;1_3,1_3,1_3&#8243; disabled_on=&#8221;off|off|off&#8221; _builder_version=&#8221;4.18.0&#8243; _module_preset=&#8221;default&#8221; width_tablet=&#8221;&#8221; width_phone=&#8221;90%&#8221; width_last_edited=&#8221;on|phone&#8221; global_colors_info=&#8221;{}&#8221;][et_pb_column type=&#8221;1_3&#8243; _builder_version=&#8221;4.17.4&#8243; _module_preset=&#8221;default&#8221; global_colors_info=&#8221;{}&#8221;][et_pb_blurb title=&#8221;\u00c9ducation et apprentissage&#8221; url=&#8221;https:\/\/a-p-p.ch\/fr\/applications\/education-et-apprentissage\/&#8221; use_icon=&#8221;on&#8221; font_icon=&#8221;&#xf549;||fa||900&#8243; admin_label=&#8221;Informationstext: Schule und Lernen&#8221; _builder_version=&#8221;4.19.0&#8243; _module_preset=&#8221;default&#8221; header_level=&#8221;h2&#8243; module_alignment=&#8221;center&#8221; custom_padding=&#8221;40px|15px|40px|15px|true|true&#8221; animation=&#8221;off&#8221; link_option_url=&#8221;https:\/\/a-p-p.ch\/fr\/applications\/education-et-apprentissage\/&#8221; border_width_all=&#8221;5px&#8221; border_color_all=&#8221;#4275AF&#8221; border_style_all=&#8221;double&#8221; border_style_all_image=&#8221;dashed&#8221; global_colors_info=&#8221;{}&#8221; width__hover_enabled=&#8221;off|desktop&#8221; background__hover_enabled=&#8221;on|hover&#8221; background_color__hover=&#8221;rgba(66,117,175,0.1)&#8221; background_enable_color__hover=&#8221;on&#8221;]<\/p>\n<ul>\n<li>Difficult\u00e9s de concentration<\/li>\n<li>Troubles du langage \u00e9crit ou parl\u00e9<\/li>\n<li>Dyslexie, troubles de la m\u00e9moire<br \/>Attention<\/li>\n<\/ul>\n<p><a href=\"https:\/\/a-p-p.ch\/fr\/applications\/education-et-apprentissage\/\">plus d&#8217;informations &#8230;<\/a><\/p>\n<p>[\/et_pb_blurb][et_pb_blurb title=&#8221;Musique et chant&#8221; url=&#8221;https:\/\/a-p-p.ch\/fr\/applications\/musique-et-voix-parlee-chantee\/&#8221; use_icon=&#8221;on&#8221; font_icon=&#8221;&#xf001;||fa||900&#8243; admin_label=&#8221;Informationstext: Stimme, Musik und Gesang&#8221; _builder_version=&#8221;4.24.0&#8243; _module_preset=&#8221;default&#8221; header_level=&#8221;h2&#8243; background_enable_color=&#8221;off&#8221; module_alignment=&#8221;center&#8221; custom_padding=&#8221;40px|15px|40px|15px|true|true&#8221; animation=&#8221;off&#8221; link_option_url=&#8221;https:\/\/a-p-p.ch\/fr\/applications\/musique-et-voix-parlee-chantee\/&#8221; hover_enabled=&#8221;0&#8243; border_width_all=&#8221;5px&#8221; border_color_all=&#8221;#4275AF&#8221; border_style_all=&#8221;double&#8221; border_style_all_image=&#8221;dashed&#8221; global_colors_info=&#8221;{}&#8221; background__hover_enabled=&#8221;on|hover&#8221; background_color__hover=&#8221;rgba(66,117,175,0.1)&#8221; background_enable_color__hover=&#8221;on&#8221; sticky_enabled=&#8221;0&#8243;]<\/p>\n<ul>\n<li>Trac<\/li>\n<li>sens du rythme<\/li>\n<li>intonation<\/li>\n<li>timbre<\/li>\n<li>justesse<\/li>\n<li>expressivit\u00e9<\/li>\n<\/ul>\n<p><a href=\"https:\/\/a-p-p.ch\/fr\/applications\/musique-et-voix-parlee-chantee\/\">plus d&#8217;informations &#8230; <\/a><\/p>\n<p>[\/et_pb_blurb][et_pb_blurb title=&#8221;D\u00e9veloppement de l\u2019enfant&#8221; url=&#8221;https:\/\/a-p-p.ch\/fr\/applications\/developpement-de-lenfant\/&#8221; use_icon=&#8221;on&#8221; font_icon=&#8221;&#xf4fe;||fa||900&#8243; admin_label=&#8221;Informationstext: Entwicklung&#8221; _builder_version=&#8221;4.24.0&#8243; _module_preset=&#8221;default&#8221; header_level=&#8221;h2&#8243; background_enable_color=&#8221;off&#8221; module_alignment=&#8221;center&#8221; custom_padding=&#8221;40px|15px|40px|15px|true|true&#8221; animation=&#8221;off&#8221; link_option_url=&#8221;https:\/\/a-p-p.ch\/fr\/applications\/developpement-de-lenfant\/&#8221; hover_enabled=&#8221;0&#8243; border_width_all=&#8221;5px&#8221; border_color_all=&#8221;#4275AF&#8221; border_style_all=&#8221;double&#8221; border_style_all_image=&#8221;dashed&#8221; global_colors_info=&#8221;{}&#8221; background__hover_enabled=&#8221;on|desktop&#8221; background_color__hover=&#8221;rgba(66,117,175,0.1)&#8221; background_enable_color__hover=&#8221;on&#8221; sticky_enabled=&#8221;0&#8243;]<\/p>\n<ul>\n<li>Retard g\u00e9n\u00e9ral<\/li>\n<li>Domaine du langage<\/li>\n<li>Domaine de la motricit\u00e9<\/li>\n<\/ul>\n<p><a href=\"https:\/\/a-p-p.ch\/fr\/applications\/developpement-de-lenfant\/\">plus d\u2019informations \u2026<\/a>[\/et_pb_blurb][\/et_pb_column][et_pb_column type=&#8221;1_3&#8243; _builder_version=&#8221;4.17.4&#8243; _module_preset=&#8221;default&#8221; global_colors_info=&#8221;{}&#8221;][et_pb_blurb title=&#8221;Comportement&#8221; url=&#8221;https:\/\/a-p-p.ch\/fr\/applications\/comportement\/&#8221; use_icon=&#8221;on&#8221; font_icon=&#8221;&#xf500;||fa||900&#8243; admin_label=&#8221;Informationstext: Verhalten&#8221; _builder_version=&#8221;4.19.0&#8243; _module_preset=&#8221;default&#8221; header_level=&#8221;h2&#8243; module_alignment=&#8221;center&#8221; custom_margin_tablet=&#8221;0px||||false|false&#8221; custom_margin_phone=&#8221;0px||||false|false&#8221; custom_margin_last_edited=&#8221;on|phone&#8221; custom_padding=&#8221;40px|15px|40px|15px|true|true&#8221; animation=&#8221;off&#8221; link_option_url=&#8221;https:\/\/a-p-p.ch\/fr\/applications\/comportement\/&#8221; border_width_all=&#8221;5px&#8221; border_color_all=&#8221;#4275AF&#8221; border_style_all=&#8221;double&#8221; border_style_all_image=&#8221;dashed&#8221; global_colors_info=&#8221;{}&#8221; background__hover_enabled=&#8221;on|hover&#8221; background_color__hover=&#8221;rgba(66,117,175,0.1)&#8221; background_enable_color__hover=&#8221;on&#8221;]<\/p>\n<ul>\n<li>Difficult\u00e9s d\u2019adaptation<\/li>\n<li>Anxi\u00e9t\u00e9, angoisse<\/li>\n<li>Manque de confiance en soi<\/li>\n<li>Faible tol\u00e9rance \u00e0 la frustration<\/li>\n<li>Immaturit\u00e9, introversion<\/li>\n<li>Hyperactivit\u00e9, Hypersensibilit\u00e9<\/li>\n<li>Motivation<\/li>\n<\/ul>\n<p><a href=\"https:\/\/a-p-p.ch\/fr\/applications\/comportement\/\">plus d&#8217;informations &#8230;<\/a><\/p>\n<p>[\/et_pb_blurb][et_pb_image src=&#8221;https:\/\/a-p-p.ch\/wp-content\/uploads\/2022\/04\/APP-Spirale-Logo.png&#8221; title_text=&#8221;APP Spirale Logo&#8221; disabled_on=&#8221;on|on|off&#8221; admin_label=&#8221;Bild: Desktop&#8221; _builder_version=&#8221;4.18.0&#8243; _module_preset=&#8221;default&#8221; custom_margin_tablet=&#8221;&#8221; custom_margin_phone=&#8221;&#8221; custom_margin_last_edited=&#8221;on|desktop&#8221; global_colors_info=&#8221;{}&#8221;][\/et_pb_image][et_pb_blurb title=&#8221;Bien-\u00eatre&#8221; url=&#8221;https:\/\/a-p-p.ch\/fr\/applications\/bien-etre-et-energie\/&#8221; use_icon=&#8221;on&#8221; font_icon=&#8221;&#xe05c;||fa||900&#8243; admin_label=&#8221;Informationstext: Wohlbefinden und Energie&#8221; _builder_version=&#8221;4.24.0&#8243; _module_preset=&#8221;default&#8221; header_level=&#8221;h2&#8243; background_enable_color=&#8221;off&#8221; module_alignment=&#8221;center&#8221; custom_padding=&#8221;40px|15px|40px|15px|true|true&#8221; animation=&#8221;off&#8221; link_option_url=&#8221;https:\/\/a-p-p.ch\/fr\/applications\/bien-etre-et-energie\/&#8221; hover_enabled=&#8221;0&#8243; border_width_all=&#8221;5px&#8221; border_color_all=&#8221;#4275AF&#8221; border_style_all=&#8221;double&#8221; border_style_all_image=&#8221;dashed&#8221; global_colors_info=&#8221;{}&#8221; background__hover_enabled=&#8221;on|desktop&#8221; background_color__hover=&#8221;rgba(66,117,175,0.1)&#8221; background_enable_color__hover=&#8221;on&#8221; sticky_enabled=&#8221;0&#8243;]<\/p>\n<ul>\n<li>Grossesse<\/li>\n<li>Stress<\/li>\n<li>Troubles de l\u2019\u00e9quilibre<\/li>\n<li>Manque d\u2019attention<\/li>\n<li>Burn-out<\/li>\n<\/ul>\n<p><a href=\"https:\/\/a-p-p.ch\/fr\/applications\/bien-etre-et-energie\/\">plus d&#8217;informations &#8230;<\/a><\/p>\n<p>[\/et_pb_blurb][\/et_pb_column][et_pb_column type=&#8221;1_3&#8243; _builder_version=&#8221;4.17.4&#8243; _module_preset=&#8221;default&#8221; global_colors_info=&#8221;{}&#8221;][et_pb_blurb title=&#8221;Perception auditive&#8221; url=&#8221;https:\/\/a-p-p.ch\/fr\/applications\/perception-auditive\/&#8221; use_icon=&#8221;on&#8221; font_icon=&#8221;&#xf2a2;||fa||900&#8243; admin_label=&#8221;Informationstext: Auditive Wahrnehmung&#8221; _builder_version=&#8221;4.19.0&#8243; _module_preset=&#8221;default&#8221; header_level=&#8221;h2&#8243; module_alignment=&#8221;center&#8221; custom_padding=&#8221;40px|15px|40px|15px|true|true&#8221; animation=&#8221;off&#8221; link_option_url=&#8221;https:\/\/a-p-p.ch\/fr\/applications\/perception-auditive\/&#8221; border_width_all=&#8221;5px&#8221; border_color_all=&#8221;#4275AF&#8221; border_style_all=&#8221;double&#8221; border_style_all_image=&#8221;dashed&#8221; global_colors_info=&#8221;{}&#8221; background__hover_enabled=&#8221;on|hover&#8221; background_color__hover=&#8221;rgba(66,117,175,0.1)&#8221; background_enable_color__hover=&#8221;on&#8221;]<\/p>\n<ul>\n<li>Non-d\u00e9sir d\u2019\u00e9coute<\/li>\n<li>Irritabilit\u00e9<\/li>\n<li>Hypersensibilit\u00e9 au bruit<\/li>\n<\/ul>\n<p><a href=\"https:\/\/a-p-p.ch\/fr\/applications\/perception-auditive\/\">plus d&#8217;informations &#8230;<\/a><\/p>\n<p>[\/et_pb_blurb][et_pb_blurb title=&#8221;Sport et mouvement&#8221; url=&#8221;https:\/\/a-p-p.ch\/fr\/applications\/sport-et-mouvement\/&#8221; use_icon=&#8221;on&#8221; font_icon=&#8221;&#xf70c;||fa||900&#8243; admin_label=&#8221;Informationstext: Sport und Bewegung&#8221; _builder_version=&#8221;4.19.0&#8243; _module_preset=&#8221;default&#8221; header_level=&#8221;h2&#8243; background_enable_color=&#8221;off&#8221; module_alignment=&#8221;center&#8221; custom_padding=&#8221;40px|15px|40px|15px|true|true&#8221; animation=&#8221;off&#8221; link_option_url=&#8221;https:\/\/a-p-p.ch\/fr\/applications\/sport-et-mouvement\/&#8221; border_width_all=&#8221;5px&#8221; border_color_all=&#8221;#4275AF&#8221; border_style_all=&#8221;double&#8221; border_style_all_image=&#8221;dashed&#8221; global_colors_info=&#8221;{}&#8221; background__hover_enabled=&#8221;on|hover&#8221; background_color__hover=&#8221;rgba(66,117,175,0.1)&#8221; background_enable_color__hover=&#8221;on&#8221;]<\/p>\n<ul>\n<li>Coordination<\/li>\n<li>\u00e9quilibre<\/li>\n<li>image du corps<\/li>\n<li>posture<\/li>\n<li>motricit\u00e9 et motricit\u00e9 fine<\/li>\n<\/ul>\n<p><a href=\"https:\/\/a-p-p.ch\/fr\/applications\/sport-et-mouvement\/\">plus d&#8217;informations &#8230;<\/a><\/p>\n<p>[\/et_pb_blurb][et_pb_blurb title=&#8221;Int\u00e9gration des langues&#8221; url=&#8221;https:\/\/a-p-p.ch\/fr\/applications\/integration-des-langues\/&#8221; use_icon=&#8221;on&#8221; font_icon=&#8221;&#xf7a2;||fa||900&#8243; admin_label=&#8221;Informationstext: Fremdsprachen- Integration&#8221; _builder_version=&#8221;4.19.0&#8243; _module_preset=&#8221;default&#8221; header_level=&#8221;h2&#8243; module_alignment=&#8221;center&#8221; custom_padding=&#8221;40px|15px|40px|15px|true|true&#8221; animation=&#8221;off&#8221; link_option_url=&#8221;https:\/\/a-p-p.ch\/fr\/applications\/integration-des-langues\/&#8221; border_width_all=&#8221;5px&#8221; border_color_all=&#8221;#4275AF&#8221; border_style_all=&#8221;double&#8221; border_style_all_image=&#8221;dashed&#8221; global_colors_info=&#8221;{}&#8221; background__hover_enabled=&#8221;on|hover&#8221; background_color__hover=&#8221;rgba(66,117,175,0.1)&#8221; background_enable_color__hover=&#8221;on&#8221;]<\/p>\n<ul>\n<li>Sensibilisation auditive aux langues \u00e9trang\u00e8res<\/li>\n<\/ul>\n<p><a href=\"https:\/\/a-p-p.ch\/fr\/applications\/integration-des-langues\/\">plus d&#8217;informations &#8230;<\/a><\/p>\n<p>[\/et_pb_blurb][\/et_pb_column][\/et_pb_row][et_pb_row _builder_version=&#8221;4.18.0&#8243; _module_preset=&#8221;default&#8221; width_tablet=&#8221;&#8221; width_phone=&#8221;90%&#8221; width_last_edited=&#8221;on|phone&#8221; global_colors_info=&#8221;{}&#8221;][et_pb_column type=&#8221;4_4&#8243; _builder_version=&#8221;4.17.4&#8243; _module_preset=&#8221;default&#8221; global_colors_info=&#8221;{}&#8221;][et_pb_button button_url=&#8221;@ET-DC@eyJkeW5hbWljIjp0cnVlLCJjb250ZW50IjoicG9zdF9saW5rX3VybF9wYWdlIiwic2V0dGluZ3MiOnsicG9zdF9pZCI6IjI3In19@&#8221; button_text=&#8221;Trouver un centre pr\u00e8s de chez vous&#8221; button_alignment=&#8221;center&#8221; _builder_version=&#8221;4.19.0&#8243; _dynamic_attributes=&#8221;button_url&#8221; _module_preset=&#8221;default&#8221; global_colors_info=&#8221;{}&#8221;][\/et_pb_button][\/et_pb_column][\/et_pb_row][\/et_pb_section]<\/p>\n","protected":false},"excerpt":{"rendered":"<p>\u00c9ducation et apprentissage, Comportement, Musique et voix parl\u00e9e \/ chant\u00e9e, Sport et mouvement, Bien-\u00eatre et \u00e9nergie, Perception auditive, D\u00e9veloppement de l\u2019enfant, Int\u00e9gration des langues<\/p>\n","protected":false},"author":2,"featured_media":0,"parent":0,"menu_order":0,"comment_status":"closed","ping_status":"closed","template":"","meta":{"_acf_changed":false,"_et_pb_use_builder":"on","_et_pb_old_content":"","_et_gb_content_width":"","footnotes":""},"class_list":["post-781","page","type-page","status-publish","hentry"],"acf":[],"yoast_head":"<!-- This site is optimized with the Yoast SEO plugin v27.5 - https:\/\/yoast.com\/product\/yoast-seo-wordpress\/ -->\n<title>Les Champs d\u2019Application<\/title>\n<meta name=\"description\" content=\"Les Champs d\u2019Application - Association Professionnelle Suisse A.P.P selon A. Tomatis\" \/>\n<meta name=\"robots\" content=\"index, follow, max-snippet:-1, max-image-preview:large, max-video-preview:-1\" \/>\n<link rel=\"canonical\" href=\"https:\/\/a-p-p.ch\/fr\/les-champs-dapplication\/\" \/>\n<meta property=\"og:locale\" content=\"fr_FR\" \/>\n<meta property=\"og:type\" content=\"article\" \/>\n<meta property=\"og:title\" content=\"Les Champs d\u2019Application\" \/>\n<meta property=\"og:description\" content=\"Les Champs d\u2019Application - Association Professionnelle Suisse A.P.P selon A. Tomatis\" \/>\n<meta property=\"og:url\" content=\"https:\/\/a-p-p.ch\/fr\/les-champs-dapplication\/\" \/>\n<meta property=\"og:site_name\" content=\"Association Professionnelle Suisse A.P.P selon A. Tomatis\" \/>\n<meta property=\"article:modified_time\" content=\"2024-02-07T10:43:10+00:00\" \/>\n<meta name=\"twitter:card\" content=\"summary_large_image\" \/>\n<meta name=\"twitter:label1\" content=\"Dur\u00e9e de lecture estim\u00e9e\" \/>\n\t<meta name=\"twitter:data1\" content=\"6 minutes\" \/>\n<script type=\"application\/ld+json\" class=\"yoast-schema-graph\">{\"@context\":\"https:\\\/\\\/schema.org\",\"@graph\":[{\"@type\":\"WebPage\",\"@id\":\"https:\\\/\\\/a-p-p.ch\\\/fr\\\/les-champs-dapplication\\\/\",\"url\":\"https:\\\/\\\/a-p-p.ch\\\/fr\\\/les-champs-dapplication\\\/\",\"name\":\"Les Champs d\u2019Application\",\"isPartOf\":{\"@id\":\"https:\\\/\\\/a-p-p.ch\\\/fr\\\/#website\"},\"datePublished\":\"2022-04-13T07:55:22+00:00\",\"dateModified\":\"2024-02-07T10:43:10+00:00\",\"description\":\"Les Champs d\u2019Application - Association Professionnelle Suisse A.P.P selon A. Tomatis\",\"breadcrumb\":{\"@id\":\"https:\\\/\\\/a-p-p.ch\\\/fr\\\/les-champs-dapplication\\\/#breadcrumb\"},\"inLanguage\":\"fr-FR\",\"potentialAction\":[{\"@type\":\"ReadAction\",\"target\":[\"https:\\\/\\\/a-p-p.ch\\\/fr\\\/les-champs-dapplication\\\/\"]}]},{\"@type\":\"BreadcrumbList\",\"@id\":\"https:\\\/\\\/a-p-p.ch\\\/fr\\\/les-champs-dapplication\\\/#breadcrumb\",\"itemListElement\":[{\"@type\":\"ListItem\",\"position\":1,\"name\":\"Startseite\",\"item\":\"https:\\\/\\\/a-p-p.ch\\\/fr\\\/home\\\/\"},{\"@type\":\"ListItem\",\"position\":2,\"name\":\"Les Champs d\u2019Application\"}]},{\"@type\":\"WebSite\",\"@id\":\"https:\\\/\\\/a-p-p.ch\\\/fr\\\/#website\",\"url\":\"https:\\\/\\\/a-p-p.ch\\\/fr\\\/\",\"name\":\"Schweizerischer Berufsverband f\u00fcr A.P.P. nach A. Tomatis\",\"description\":\"\",\"publisher\":{\"@id\":\"https:\\\/\\\/a-p-p.ch\\\/fr\\\/#organization\"},\"potentialAction\":[{\"@type\":\"SearchAction\",\"target\":{\"@type\":\"EntryPoint\",\"urlTemplate\":\"https:\\\/\\\/a-p-p.ch\\\/fr\\\/?s={search_term_string}\"},\"query-input\":{\"@type\":\"PropertyValueSpecification\",\"valueRequired\":true,\"valueName\":\"search_term_string\"}}],\"inLanguage\":\"fr-FR\"},{\"@type\":\"Organization\",\"@id\":\"https:\\\/\\\/a-p-p.ch\\\/fr\\\/#organization\",\"name\":\"Schweizerischer Berufsverband f\u00fcr A.P.P. nach A. Tomatis\",\"alternateName\":\"APP\",\"url\":\"https:\\\/\\\/a-p-p.ch\\\/fr\\\/\",\"logo\":{\"@type\":\"ImageObject\",\"inLanguage\":\"fr-FR\",\"@id\":\"https:\\\/\\\/a-p-p.ch\\\/fr\\\/#\\\/schema\\\/logo\\\/image\\\/\",\"url\":\"https:\\\/\\\/a-p-p.ch\\\/wp-content\\\/uploads\\\/2022\\\/04\\\/cropped-APP-Spirale-Logo.png\",\"contentUrl\":\"https:\\\/\\\/a-p-p.ch\\\/wp-content\\\/uploads\\\/2022\\\/04\\\/cropped-APP-Spirale-Logo.png\",\"width\":512,\"height\":512,\"caption\":\"Schweizerischer Berufsverband f\u00fcr A.P.P. nach A. Tomatis\"},\"image\":{\"@id\":\"https:\\\/\\\/a-p-p.ch\\\/fr\\\/#\\\/schema\\\/logo\\\/image\\\/\"}}]}<\/script>\n<!-- \/ Yoast SEO plugin. -->","yoast_head_json":{"title":"Les Champs d\u2019Application","description":"Les Champs d\u2019Application - Association Professionnelle Suisse A.P.P selon A. Tomatis","robots":{"index":"index","follow":"follow","max-snippet":"max-snippet:-1","max-image-preview":"max-image-preview:large","max-video-preview":"max-video-preview:-1"},"canonical":"https:\/\/a-p-p.ch\/fr\/les-champs-dapplication\/","og_locale":"fr_FR","og_type":"article","og_title":"Les Champs d\u2019Application","og_description":"Les Champs d\u2019Application - Association Professionnelle Suisse A.P.P selon A. Tomatis","og_url":"https:\/\/a-p-p.ch\/fr\/les-champs-dapplication\/","og_site_name":"Association Professionnelle Suisse A.P.P selon A. Tomatis","article_modified_time":"2024-02-07T10:43:10+00:00","twitter_card":"summary_large_image","twitter_misc":{"Dur\u00e9e de lecture estim\u00e9e":"6 minutes"},"schema":{"@context":"https:\/\/schema.org","@graph":[{"@type":"WebPage","@id":"https:\/\/a-p-p.ch\/fr\/les-champs-dapplication\/","url":"https:\/\/a-p-p.ch\/fr\/les-champs-dapplication\/","name":"Les Champs d\u2019Application","isPartOf":{"@id":"https:\/\/a-p-p.ch\/fr\/#website"},"datePublished":"2022-04-13T07:55:22+00:00","dateModified":"2024-02-07T10:43:10+00:00","description":"Les Champs d\u2019Application - Association Professionnelle Suisse A.P.P selon A. Tomatis","breadcrumb":{"@id":"https:\/\/a-p-p.ch\/fr\/les-champs-dapplication\/#breadcrumb"},"inLanguage":"fr-FR","potentialAction":[{"@type":"ReadAction","target":["https:\/\/a-p-p.ch\/fr\/les-champs-dapplication\/"]}]},{"@type":"BreadcrumbList","@id":"https:\/\/a-p-p.ch\/fr\/les-champs-dapplication\/#breadcrumb","itemListElement":[{"@type":"ListItem","position":1,"name":"Startseite","item":"https:\/\/a-p-p.ch\/fr\/home\/"},{"@type":"ListItem","position":2,"name":"Les Champs d\u2019Application"}]},{"@type":"WebSite","@id":"https:\/\/a-p-p.ch\/fr\/#website","url":"https:\/\/a-p-p.ch\/fr\/","name":"Schweizerischer Berufsverband f\u00fcr A.P.P. nach A. Tomatis","description":"","publisher":{"@id":"https:\/\/a-p-p.ch\/fr\/#organization"},"potentialAction":[{"@type":"SearchAction","target":{"@type":"EntryPoint","urlTemplate":"https:\/\/a-p-p.ch\/fr\/?s={search_term_string}"},"query-input":{"@type":"PropertyValueSpecification","valueRequired":true,"valueName":"search_term_string"}}],"inLanguage":"fr-FR"},{"@type":"Organization","@id":"https:\/\/a-p-p.ch\/fr\/#organization","name":"Schweizerischer Berufsverband f\u00fcr A.P.P. nach A. Tomatis","alternateName":"APP","url":"https:\/\/a-p-p.ch\/fr\/","logo":{"@type":"ImageObject","inLanguage":"fr-FR","@id":"https:\/\/a-p-p.ch\/fr\/#\/schema\/logo\/image\/","url":"https:\/\/a-p-p.ch\/wp-content\/uploads\/2022\/04\/cropped-APP-Spirale-Logo.png","contentUrl":"https:\/\/a-p-p.ch\/wp-content\/uploads\/2022\/04\/cropped-APP-Spirale-Logo.png","width":512,"height":512,"caption":"Schweizerischer Berufsverband f\u00fcr A.P.P. nach A. Tomatis"},"image":{"@id":"https:\/\/a-p-p.ch\/fr\/#\/schema\/logo\/image\/"}}]}},"_links":{"self":[{"href":"https:\/\/a-p-p.ch\/fr\/wp-json\/wp\/v2\/pages\/781","targetHints":{"allow":["GET"]}}],"collection":[{"href":"https:\/\/a-p-p.ch\/fr\/wp-json\/wp\/v2\/pages"}],"about":[{"href":"https:\/\/a-p-p.ch\/fr\/wp-json\/wp\/v2\/types\/page"}],"author":[{"embeddable":true,"href":"https:\/\/a-p-p.ch\/fr\/wp-json\/wp\/v2\/users\/2"}],"replies":[{"embeddable":true,"href":"https:\/\/a-p-p.ch\/fr\/wp-json\/wp\/v2\/comments?post=781"}],"version-history":[{"count":0,"href":"https:\/\/a-p-p.ch\/fr\/wp-json\/wp\/v2\/pages\/781\/revisions"}],"wp:attachment":[{"href":"https:\/\/a-p-p.ch\/fr\/wp-json\/wp\/v2\/media?parent=781"}],"curies":[{"name":"wp","href":"https:\/\/api.w.org\/{rel}","templated":true}]}}