{"id":802,"date":"2022-07-12T17:40:53","date_gmt":"2022-07-12T15:40:53","guid":{"rendered":"https:\/\/2022.a-p-p.ch\/anwendung\/sport-und-bewegung\/"},"modified":"2023-01-17T13:49:12","modified_gmt":"2023-01-17T12:49:12","slug":"sport-et-mouvement","status":"publish","type":"page","link":"https:\/\/a-p-p.ch\/fr\/les-champs-dapplication\/sport-et-mouvement\/","title":{"rendered":"Sport et mouvement"},"content":{"rendered":"<p>[et_pb_section fb_built=&#8221;1&#8243; _builder_version=&#8221;4.16&#8243; global_colors_info=&#8221;{}&#8221;][et_pb_row _builder_version=&#8221;4.18.0&#8243; _module_preset=&#8221;default&#8221; width_tablet=&#8221;&#8221; width_phone=&#8221;90%&#8221; width_last_edited=&#8221;on|phone&#8221; global_colors_info=&#8221;{}&#8221;][et_pb_column type=&#8221;4_4&#8243; _builder_version=&#8221;4.17.4&#8243; _module_preset=&#8221;default&#8221; global_colors_info=&#8221;{}&#8221;][et_pb_post_title meta=&#8221;off&#8221; featured_image=&#8221;off&#8221; _builder_version=&#8221;4.17.4&#8243; _module_preset=&#8221;default&#8221; border_width_bottom=&#8221;1px&#8221; border_color_bottom=&#8221;#4275AF&#8221; border_style_bottom=&#8221;dashed&#8221; global_colors_info=&#8221;{}&#8221;][\/et_pb_post_title][\/et_pb_column][\/et_pb_row][et_pb_row column_structure=&#8221;2_3,1_3&#8243; _builder_version=&#8221;4.18.0&#8243; _module_preset=&#8221;default&#8221; width_tablet=&#8221;&#8221; width_phone=&#8221;90%&#8221; width_last_edited=&#8221;on|phone&#8221; global_colors_info=&#8221;{}&#8221;][et_pb_column type=&#8221;2_3&#8243; _builder_version=&#8221;4.17.4&#8243; _module_preset=&#8221;default&#8221; global_colors_info=&#8221;{}&#8221;][et_pb_icon font_icon=&#8221;&#xf70c;||fa||900&#8243; align=&#8221;left&#8221; _builder_version=&#8221;4.17.4&#8243; _module_preset=&#8221;default&#8221; global_colors_info=&#8221;{}&#8221;][\/et_pb_icon][et_pb_text _builder_version=&#8221;4.19.0&#8243; background_size=&#8221;initial&#8221; background_position=&#8221;top_left&#8221; background_repeat=&#8221;repeat&#8221; global_colors_info=&#8221;{}&#8221;]<\/p>\n<p>Coordination, \u00e9quilibre, image du corps, posture, motricit\u00e9 et motricit\u00e9 fine<\/p>\n<p>[\/et_pb_text][et_pb_blurb use_icon=&#8221;on&#8221; font_icon=&#8221;&#x3d;||divi||400&#8243; icon_placement=&#8221;left&#8221; _builder_version=&#8221;4.19.0&#8243; _module_preset=&#8221;default&#8221; animation_style=&#8221;slide&#8221; animation_direction=&#8221;left&#8221; animation=&#8221;off&#8221; global_colors_info=&#8221;{}&#8221;]<\/p>\n<p>Le syst\u00e8me vestibulaire de l\u2019oreille interne, aussi appel\u00e9 organe de l\u2019\u00e9quilibre, contr\u00f4le et r\u00e9gule chaque muscle du corps. La cochl\u00e9e et le vestibule sont \u00e9troitement li\u00e9s au niveau anatomique et fonctionnel. Cela explique le fait que l\u2019entra\u00eenement \u00e0 l\u2019\u00e9coute influence \u00e9galement la posture corporelle, la tension musculaire et la fluidit\u00e9 des mouvements.<\/p>\n<p>[\/et_pb_blurb][\/et_pb_column][et_pb_column type=&#8221;1_3&#8243; _builder_version=&#8221;4.17.4&#8243; _module_preset=&#8221;default&#8221; global_colors_info=&#8221;{}&#8221;][et_pb_image src=&#8221;https:\/\/a-p-p.ch\/wp-content\/uploads\/2022\/11\/Sport-und-Bewegung.jpg&#8221; alt=&#8221;Dr. Alfred A. Tomatis&#8221; title_text=&#8221;Sport und Bewegung&#8221; _builder_version=&#8221;4.19.0&#8243; _module_preset=&#8221;default&#8221; custom_margin=&#8221;||5px||false|false&#8221; global_colors_info=&#8221;{}&#8221;][\/et_pb_image][\/et_pb_column][\/et_pb_row][et_pb_row _builder_version=&#8221;4.18.0&#8243; _module_preset=&#8221;default&#8221; width_tablet=&#8221;&#8221; width_phone=&#8221;90%&#8221; width_last_edited=&#8221;on|phone&#8221; global_colors_info=&#8221;{}&#8221;][et_pb_column type=&#8221;4_4&#8243; _builder_version=&#8221;4.17.4&#8243; _module_preset=&#8221;default&#8221; global_colors_info=&#8221;{}&#8221;][et_pb_text _builder_version=&#8221;4.19.4&#8243; _module_preset=&#8221;default&#8221; custom_padding=&#8221;20px|20px|20px|20px|true|true&#8221; animation_style=&#8221;slide&#8221; animation_direction=&#8221;left&#8221; hover_enabled=&#8221;0&#8243; border_width_all=&#8221;5px&#8221; border_color_all=&#8221;#4275AF&#8221; border_style_all=&#8221;double&#8221; global_colors_info=&#8221;{}&#8221; sticky_enabled=&#8221;0&#8243;]<\/p>\n<h2>Exemple de consultation<\/h2>\n<p><strong>Sara, 11 ans<\/strong><\/p>\n<p>Sara est une \u00e9l\u00e8ve de 5<sup>\u00e8me <\/sup>ann\u00e9e joyeuse et vive, qui a de bonnes notes \u00e0 l&#8217;\u00e9cole. Elle a beaucoup d&#8217;amies et fr\u00e9quente un groupe de scouts pendant son temps libre. Sara aime \u00e9galement les activit\u00e9s manuelles. Elle aime bricoler et dessiner. Le grand chagrin de Sara est qu&#8217;elle ne sait toujours pas faire du v\u00e9lo. Comme elle est g\u00ean\u00e9e de s&#8217;entra\u00eener dans le village, o\u00f9 tout le monde la conna\u00eet, elle s&#8217;entra\u00eene \u00e0 faire du v\u00e9lo le dimanche sur le parking vide d&#8217;un centre commercial. Malgr\u00e9 cela, elle a beaucoup de mal \u00e0 garder l&#8217;\u00e9quilibre. Elle a \u00e9galement du mal \u00e0 attraper un ballon en gymnastique, souffre de vertige et a facilement la naus\u00e9e lors des trajets en voiture.<\/p>\n<p>L&#8217;objectif de la th\u00e9rapie de l&#8217;\u00e9coute est d&#8217;obtenir un meilleur r\u00e9glage des organes de l&#8217;\u00e9quilibre des deux oreilles de Sara, afin qu&#8217;elle apprenne \u00e0 faire du v\u00e9lo en toute s\u00e9curit\u00e9 et \u00e0 voyager en voiture sans ressentir de douleurs.<\/p>\n<p><em>Exemples tir\u00e9s du quotidien de la th\u00e9rapie A.P.P. : motifs d&#8217;inscription des clients (pr\u00e9noms modifi\u00e9s)<\/em><\/p>\n<p>[\/et_pb_text][\/et_pb_column][\/et_pb_row][et_pb_row _builder_version=&#8221;4.18.0&#8243; _module_preset=&#8221;default&#8221; width_tablet=&#8221;&#8221; width_phone=&#8221;90%&#8221; width_last_edited=&#8221;on|phone&#8221; global_colors_info=&#8221;{}&#8221;][et_pb_column type=&#8221;4_4&#8243; _builder_version=&#8221;4.17.4&#8243; _module_preset=&#8221;default&#8221; global_colors_info=&#8221;{}&#8221;][et_pb_button button_url=&#8221;@ET-DC@eyJkeW5hbWljIjp0cnVlLCJjb250ZW50IjoicG9zdF9saW5rX3VybF9wYWdlIiwic2V0dGluZ3MiOnsicG9zdF9pZCI6IjI3In19@&#8221; button_text=&#8221;Trouver un centre pr\u00e8s de chez vous&#8221; button_alignment=&#8221;center&#8221; _builder_version=&#8221;4.19.0&#8243; _dynamic_attributes=&#8221;button_url&#8221; _module_preset=&#8221;default&#8221; animation_style=&#8221;bounce&#8221; global_colors_info=&#8221;{}&#8221;][\/et_pb_button][\/et_pb_column][\/et_pb_row][\/et_pb_section]<\/p>\n","protected":false},"excerpt":{"rendered":"<p>Coordination, \u00e9quilibre, image du corps, posture, motricit\u00e9 et motricit\u00e9 fineLe syst\u00e8me vestibulaire de l\u2019oreille interne, aussi appel\u00e9 organe de l\u2019\u00e9quilibre, contr\u00f4le et r\u00e9gule chaque muscle du corps. La cochl\u00e9e et [&hellip;]<\/p>\n","protected":false},"author":2,"featured_media":1162,"parent":781,"menu_order":0,"comment_status":"closed","ping_status":"closed","template":"","meta":{"_acf_changed":false,"_et_pb_use_builder":"on","_et_pb_old_content":"","_et_gb_content_width":"","footnotes":""},"class_list":["post-802","page","type-page","status-publish","has-post-thumbnail","hentry"],"acf":[],"yoast_head":"<!-- This site is optimized with the Yoast SEO plugin v27.5 - https:\/\/yoast.com\/product\/yoast-seo-wordpress\/ -->\n<title>Sport et mouvement<\/title>\n<meta name=\"description\" content=\"Sport et mouvement - Association Professionnelle Suisse A.P.P selon A. Tomatis\" \/>\n<meta name=\"robots\" content=\"index, follow, max-snippet:-1, max-image-preview:large, max-video-preview:-1\" \/>\n<link rel=\"canonical\" href=\"https:\/\/a-p-p.ch\/fr\/les-champs-dapplication\/sport-et-mouvement\/\" \/>\n<meta property=\"og:locale\" content=\"fr_FR\" \/>\n<meta property=\"og:type\" content=\"article\" \/>\n<meta property=\"og:title\" content=\"Sport et mouvement\" \/>\n<meta property=\"og:description\" content=\"Sport et mouvement - Association Professionnelle Suisse A.P.P selon A. Tomatis\" \/>\n<meta property=\"og:url\" content=\"https:\/\/a-p-p.ch\/fr\/les-champs-dapplication\/sport-et-mouvement\/\" \/>\n<meta property=\"og:site_name\" content=\"Association Professionnelle Suisse A.P.P selon A. Tomatis\" \/>\n<meta property=\"article:modified_time\" content=\"2023-01-17T12:49:12+00:00\" \/>\n<meta property=\"og:image\" content=\"https:\/\/a-p-p.ch\/wp-content\/uploads\/2022\/11\/Sport-und-Bewegung.jpg\" \/>\n\t<meta property=\"og:image:width\" content=\"1773\" \/>\n\t<meta property=\"og:image:height\" content=\"1182\" \/>\n\t<meta property=\"og:image:type\" content=\"image\/jpeg\" \/>\n<meta name=\"twitter:card\" content=\"summary_large_image\" \/>\n<meta name=\"twitter:label1\" content=\"Dur\u00e9e de lecture estim\u00e9e\" \/>\n\t<meta name=\"twitter:data1\" content=\"3 minutes\" \/>\n<script type=\"application\/ld+json\" class=\"yoast-schema-graph\">{\"@context\":\"https:\\\/\\\/schema.org\",\"@graph\":[{\"@type\":\"WebPage\",\"@id\":\"https:\\\/\\\/a-p-p.ch\\\/fr\\\/les-champs-dapplication\\\/sport-et-mouvement\\\/\",\"url\":\"https:\\\/\\\/a-p-p.ch\\\/fr\\\/les-champs-dapplication\\\/sport-et-mouvement\\\/\",\"name\":\"Sport et mouvement\",\"isPartOf\":{\"@id\":\"https:\\\/\\\/a-p-p.ch\\\/fr\\\/#website\"},\"primaryImageOfPage\":{\"@id\":\"https:\\\/\\\/a-p-p.ch\\\/fr\\\/les-champs-dapplication\\\/sport-et-mouvement\\\/#primaryimage\"},\"image\":{\"@id\":\"https:\\\/\\\/a-p-p.ch\\\/fr\\\/les-champs-dapplication\\\/sport-et-mouvement\\\/#primaryimage\"},\"thumbnailUrl\":\"https:\\\/\\\/a-p-p.ch\\\/wp-content\\\/uploads\\\/2022\\\/11\\\/Sport-und-Bewegung.jpg\",\"datePublished\":\"2022-07-12T15:40:53+00:00\",\"dateModified\":\"2023-01-17T12:49:12+00:00\",\"description\":\"Sport et mouvement - Association Professionnelle Suisse A.P.P selon A. Tomatis\",\"breadcrumb\":{\"@id\":\"https:\\\/\\\/a-p-p.ch\\\/fr\\\/les-champs-dapplication\\\/sport-et-mouvement\\\/#breadcrumb\"},\"inLanguage\":\"fr-FR\",\"potentialAction\":[{\"@type\":\"ReadAction\",\"target\":[\"https:\\\/\\\/a-p-p.ch\\\/fr\\\/les-champs-dapplication\\\/sport-et-mouvement\\\/\"]}]},{\"@type\":\"ImageObject\",\"inLanguage\":\"fr-FR\",\"@id\":\"https:\\\/\\\/a-p-p.ch\\\/fr\\\/les-champs-dapplication\\\/sport-et-mouvement\\\/#primaryimage\",\"url\":\"https:\\\/\\\/a-p-p.ch\\\/wp-content\\\/uploads\\\/2022\\\/11\\\/Sport-und-Bewegung.jpg\",\"contentUrl\":\"https:\\\/\\\/a-p-p.ch\\\/wp-content\\\/uploads\\\/2022\\\/11\\\/Sport-und-Bewegung.jpg\",\"width\":1773,\"height\":1182},{\"@type\":\"BreadcrumbList\",\"@id\":\"https:\\\/\\\/a-p-p.ch\\\/fr\\\/les-champs-dapplication\\\/sport-et-mouvement\\\/#breadcrumb\",\"itemListElement\":[{\"@type\":\"ListItem\",\"position\":1,\"name\":\"Startseite\",\"item\":\"https:\\\/\\\/a-p-p.ch\\\/fr\\\/home\\\/\"},{\"@type\":\"ListItem\",\"position\":2,\"name\":\"Les Champs d\u2019Application\",\"item\":\"https:\\\/\\\/a-p-p.ch\\\/fr\\\/les-champs-dapplication\\\/\"},{\"@type\":\"ListItem\",\"position\":3,\"name\":\"Sport et mouvement\"}]},{\"@type\":\"WebSite\",\"@id\":\"https:\\\/\\\/a-p-p.ch\\\/fr\\\/#website\",\"url\":\"https:\\\/\\\/a-p-p.ch\\\/fr\\\/\",\"name\":\"Schweizerischer Berufsverband f\u00fcr A.P.P. nach A. Tomatis\",\"description\":\"\",\"publisher\":{\"@id\":\"https:\\\/\\\/a-p-p.ch\\\/fr\\\/#organization\"},\"potentialAction\":[{\"@type\":\"SearchAction\",\"target\":{\"@type\":\"EntryPoint\",\"urlTemplate\":\"https:\\\/\\\/a-p-p.ch\\\/fr\\\/?s={search_term_string}\"},\"query-input\":{\"@type\":\"PropertyValueSpecification\",\"valueRequired\":true,\"valueName\":\"search_term_string\"}}],\"inLanguage\":\"fr-FR\"},{\"@type\":\"Organization\",\"@id\":\"https:\\\/\\\/a-p-p.ch\\\/fr\\\/#organization\",\"name\":\"Schweizerischer Berufsverband f\u00fcr A.P.P. nach A. Tomatis\",\"alternateName\":\"APP\",\"url\":\"https:\\\/\\\/a-p-p.ch\\\/fr\\\/\",\"logo\":{\"@type\":\"ImageObject\",\"inLanguage\":\"fr-FR\",\"@id\":\"https:\\\/\\\/a-p-p.ch\\\/fr\\\/#\\\/schema\\\/logo\\\/image\\\/\",\"url\":\"https:\\\/\\\/a-p-p.ch\\\/wp-content\\\/uploads\\\/2022\\\/04\\\/cropped-APP-Spirale-Logo.png\",\"contentUrl\":\"https:\\\/\\\/a-p-p.ch\\\/wp-content\\\/uploads\\\/2022\\\/04\\\/cropped-APP-Spirale-Logo.png\",\"width\":512,\"height\":512,\"caption\":\"Schweizerischer Berufsverband f\u00fcr A.P.P. nach A. Tomatis\"},\"image\":{\"@id\":\"https:\\\/\\\/a-p-p.ch\\\/fr\\\/#\\\/schema\\\/logo\\\/image\\\/\"}}]}<\/script>\n<!-- \/ Yoast SEO plugin. -->","yoast_head_json":{"title":"Sport et mouvement","description":"Sport et mouvement - Association Professionnelle Suisse A.P.P selon A. Tomatis","robots":{"index":"index","follow":"follow","max-snippet":"max-snippet:-1","max-image-preview":"max-image-preview:large","max-video-preview":"max-video-preview:-1"},"canonical":"https:\/\/a-p-p.ch\/fr\/les-champs-dapplication\/sport-et-mouvement\/","og_locale":"fr_FR","og_type":"article","og_title":"Sport et mouvement","og_description":"Sport et mouvement - Association Professionnelle Suisse A.P.P selon A. Tomatis","og_url":"https:\/\/a-p-p.ch\/fr\/les-champs-dapplication\/sport-et-mouvement\/","og_site_name":"Association Professionnelle Suisse A.P.P selon A. Tomatis","article_modified_time":"2023-01-17T12:49:12+00:00","og_image":[{"width":1773,"height":1182,"url":"https:\/\/a-p-p.ch\/wp-content\/uploads\/2022\/11\/Sport-und-Bewegung.jpg","type":"image\/jpeg"}],"twitter_card":"summary_large_image","twitter_misc":{"Dur\u00e9e de lecture estim\u00e9e":"3 minutes"},"schema":{"@context":"https:\/\/schema.org","@graph":[{"@type":"WebPage","@id":"https:\/\/a-p-p.ch\/fr\/les-champs-dapplication\/sport-et-mouvement\/","url":"https:\/\/a-p-p.ch\/fr\/les-champs-dapplication\/sport-et-mouvement\/","name":"Sport et mouvement","isPartOf":{"@id":"https:\/\/a-p-p.ch\/fr\/#website"},"primaryImageOfPage":{"@id":"https:\/\/a-p-p.ch\/fr\/les-champs-dapplication\/sport-et-mouvement\/#primaryimage"},"image":{"@id":"https:\/\/a-p-p.ch\/fr\/les-champs-dapplication\/sport-et-mouvement\/#primaryimage"},"thumbnailUrl":"https:\/\/a-p-p.ch\/wp-content\/uploads\/2022\/11\/Sport-und-Bewegung.jpg","datePublished":"2022-07-12T15:40:53+00:00","dateModified":"2023-01-17T12:49:12+00:00","description":"Sport et mouvement - Association Professionnelle Suisse A.P.P selon A. Tomatis","breadcrumb":{"@id":"https:\/\/a-p-p.ch\/fr\/les-champs-dapplication\/sport-et-mouvement\/#breadcrumb"},"inLanguage":"fr-FR","potentialAction":[{"@type":"ReadAction","target":["https:\/\/a-p-p.ch\/fr\/les-champs-dapplication\/sport-et-mouvement\/"]}]},{"@type":"ImageObject","inLanguage":"fr-FR","@id":"https:\/\/a-p-p.ch\/fr\/les-champs-dapplication\/sport-et-mouvement\/#primaryimage","url":"https:\/\/a-p-p.ch\/wp-content\/uploads\/2022\/11\/Sport-und-Bewegung.jpg","contentUrl":"https:\/\/a-p-p.ch\/wp-content\/uploads\/2022\/11\/Sport-und-Bewegung.jpg","width":1773,"height":1182},{"@type":"BreadcrumbList","@id":"https:\/\/a-p-p.ch\/fr\/les-champs-dapplication\/sport-et-mouvement\/#breadcrumb","itemListElement":[{"@type":"ListItem","position":1,"name":"Startseite","item":"https:\/\/a-p-p.ch\/fr\/home\/"},{"@type":"ListItem","position":2,"name":"Les Champs d\u2019Application","item":"https:\/\/a-p-p.ch\/fr\/les-champs-dapplication\/"},{"@type":"ListItem","position":3,"name":"Sport et mouvement"}]},{"@type":"WebSite","@id":"https:\/\/a-p-p.ch\/fr\/#website","url":"https:\/\/a-p-p.ch\/fr\/","name":"Schweizerischer Berufsverband f\u00fcr A.P.P. nach A. Tomatis","description":"","publisher":{"@id":"https:\/\/a-p-p.ch\/fr\/#organization"},"potentialAction":[{"@type":"SearchAction","target":{"@type":"EntryPoint","urlTemplate":"https:\/\/a-p-p.ch\/fr\/?s={search_term_string}"},"query-input":{"@type":"PropertyValueSpecification","valueRequired":true,"valueName":"search_term_string"}}],"inLanguage":"fr-FR"},{"@type":"Organization","@id":"https:\/\/a-p-p.ch\/fr\/#organization","name":"Schweizerischer Berufsverband f\u00fcr A.P.P. nach A. Tomatis","alternateName":"APP","url":"https:\/\/a-p-p.ch\/fr\/","logo":{"@type":"ImageObject","inLanguage":"fr-FR","@id":"https:\/\/a-p-p.ch\/fr\/#\/schema\/logo\/image\/","url":"https:\/\/a-p-p.ch\/wp-content\/uploads\/2022\/04\/cropped-APP-Spirale-Logo.png","contentUrl":"https:\/\/a-p-p.ch\/wp-content\/uploads\/2022\/04\/cropped-APP-Spirale-Logo.png","width":512,"height":512,"caption":"Schweizerischer Berufsverband f\u00fcr A.P.P. nach A. Tomatis"},"image":{"@id":"https:\/\/a-p-p.ch\/fr\/#\/schema\/logo\/image\/"}}]}},"_links":{"self":[{"href":"https:\/\/a-p-p.ch\/fr\/wp-json\/wp\/v2\/pages\/802","targetHints":{"allow":["GET"]}}],"collection":[{"href":"https:\/\/a-p-p.ch\/fr\/wp-json\/wp\/v2\/pages"}],"about":[{"href":"https:\/\/a-p-p.ch\/fr\/wp-json\/wp\/v2\/types\/page"}],"author":[{"embeddable":true,"href":"https:\/\/a-p-p.ch\/fr\/wp-json\/wp\/v2\/users\/2"}],"replies":[{"embeddable":true,"href":"https:\/\/a-p-p.ch\/fr\/wp-json\/wp\/v2\/comments?post=802"}],"version-history":[{"count":0,"href":"https:\/\/a-p-p.ch\/fr\/wp-json\/wp\/v2\/pages\/802\/revisions"}],"up":[{"embeddable":true,"href":"https:\/\/a-p-p.ch\/fr\/wp-json\/wp\/v2\/pages\/781"}],"wp:featuredmedia":[{"embeddable":true,"href":"https:\/\/a-p-p.ch\/fr\/wp-json\/wp\/v2\/media\/1162"}],"wp:attachment":[{"href":"https:\/\/a-p-p.ch\/fr\/wp-json\/wp\/v2\/media?parent=802"}],"curies":[{"name":"wp","href":"https:\/\/api.w.org\/{rel}","templated":true}]}}