{"id":808,"date":"2022-07-12T17:42:13","date_gmt":"2022-07-12T15:42:13","guid":{"rendered":"https:\/\/2022.a-p-p.ch\/anwendung\/fremdsprachen-integration\/"},"modified":"2023-07-20T10:37:21","modified_gmt":"2023-07-20T08:37:21","slug":"integration-des-langues","status":"publish","type":"page","link":"https:\/\/a-p-p.ch\/fr\/les-champs-dapplication\/integration-des-langues\/","title":{"rendered":"Int\u00e9gration des langues"},"content":{"rendered":"<p>[et_pb_section fb_built=&#8221;1&#8243; _builder_version=&#8221;4.16&#8243; global_colors_info=&#8221;{}&#8221;][et_pb_row _builder_version=&#8221;4.18.0&#8243; _module_preset=&#8221;default&#8221; width_tablet=&#8221;&#8221; width_phone=&#8221;90%&#8221; width_last_edited=&#8221;on|phone&#8221; global_colors_info=&#8221;{}&#8221;][et_pb_column type=&#8221;4_4&#8243; _builder_version=&#8221;4.17.4&#8243; _module_preset=&#8221;default&#8221; global_colors_info=&#8221;{}&#8221;][et_pb_post_title meta=&#8221;off&#8221; featured_image=&#8221;off&#8221; _builder_version=&#8221;4.17.4&#8243; _module_preset=&#8221;default&#8221; border_width_bottom=&#8221;1px&#8221; border_color_bottom=&#8221;#4275AF&#8221; border_style_bottom=&#8221;dashed&#8221; global_colors_info=&#8221;{}&#8221;][\/et_pb_post_title][\/et_pb_column][\/et_pb_row][et_pb_row column_structure=&#8221;2_3,1_3&#8243; _builder_version=&#8221;4.18.0&#8243; _module_preset=&#8221;default&#8221; width_tablet=&#8221;&#8221; width_phone=&#8221;90%&#8221; width_last_edited=&#8221;on|phone&#8221; global_colors_info=&#8221;{}&#8221;][et_pb_column type=&#8221;2_3&#8243; _builder_version=&#8221;4.17.4&#8243; _module_preset=&#8221;default&#8221; global_colors_info=&#8221;{}&#8221;][et_pb_icon font_icon=&#8221;&#xf7a2;||fa||900&#8243; align=&#8221;left&#8221; _builder_version=&#8221;4.17.4&#8243; _module_preset=&#8221;default&#8221; global_colors_info=&#8221;{}&#8221;][\/et_pb_icon][et_pb_text _builder_version=&#8221;4.19.0&#8243; background_size=&#8221;initial&#8221; background_position=&#8221;top_left&#8221; background_repeat=&#8221;repeat&#8221; global_colors_info=&#8221;{}&#8221;]<\/p>\n<p>Sensibilisation auditive aux langues \u00e9trang\u00e8res<\/p>\n<p>[\/et_pb_text][et_pb_blurb use_icon=&#8221;on&#8221; font_icon=&#8221;&#x3d;||divi||400&#8243; icon_placement=&#8221;left&#8221; _builder_version=&#8221;4.19.0&#8243; _module_preset=&#8221;default&#8221; animation_style=&#8221;slide&#8221; animation_direction=&#8221;left&#8221; animation=&#8221;off&#8221; global_colors_info=&#8221;{}&#8221;]<\/p>\n<p>Chaque langue poss\u00e8de un spectre de fr\u00e9quences qui lui est propre. Les fr\u00e9quences sont utilis\u00e9es diff\u00e9remment selon la langue parl\u00e9e.<\/p>\n<p>[\/et_pb_blurb][et_pb_blurb use_icon=&#8221;on&#8221; font_icon=&#8221;&#x3d;||divi||400&#8243; icon_placement=&#8221;left&#8221; _builder_version=&#8221;4.19.0&#8243; _module_preset=&#8221;default&#8221; animation_style=&#8221;slide&#8221; animation_direction=&#8221;left&#8221; animation=&#8221;off&#8221; global_colors_info=&#8221;{}&#8221;]<\/p>\n<p>L\u2019entra\u00eenement sp\u00e9cial des fr\u00e9quences sp\u00e9cifiques \u00e0 la langue permet de s\u2019adapter \u00e0 l\u2019oreille \u00ab ethnique \u00bb, c\u2019est-\u00e0-dire que l\u2019oreille est entra\u00een\u00e9e dans les plages de fr\u00e9quences exactes de la langue concern\u00e9e et peut absorber activement ce qu\u2019elle entend, favorisant ainsi l\u2019apprentissage des langues \u00e9trang\u00e8res.<\/p>\n<p>[\/et_pb_blurb][et_pb_blurb use_icon=&#8221;on&#8221; font_icon=&#8221;&#x3d;||divi||400&#8243; icon_placement=&#8221;left&#8221; _builder_version=&#8221;4.19.0&#8243; _module_preset=&#8221;default&#8221; animation_style=&#8221;slide&#8221; animation_direction=&#8221;left&#8221; animation=&#8221;off&#8221; global_colors_info=&#8221;{}&#8221;]<\/p>\n<p>Cela signifie que l\u2019oreille est accord\u00e9e \u00e0 la langue \u00e9trang\u00e8re que l\u2019on souhaite apprendre.<\/p>\n<p>[\/et_pb_blurb][\/et_pb_column][et_pb_column type=&#8221;1_3&#8243; _builder_version=&#8221;4.17.4&#8243; _module_preset=&#8221;default&#8221; global_colors_info=&#8221;{}&#8221;][et_pb_image src=&#8221;https:\/\/a-p-p.ch\/wp-content\/uploads\/2023\/07\/Fremdsprachen-Integration-1.jpg&#8221; alt=&#8221;Dr. Alfred A. Tomatis&#8221; title_text=&#8221;Fremdsprachen-Integration&#8221; _builder_version=&#8221;4.21.0&#8243; _module_preset=&#8221;default&#8221; custom_margin=&#8221;||5px||false|false&#8221; hover_enabled=&#8221;0&#8243; global_colors_info=&#8221;{}&#8221; sticky_enabled=&#8221;0&#8243;][\/et_pb_image][\/et_pb_column][\/et_pb_row][et_pb_row disabled_on=&#8221;on|on|on&#8221; _builder_version=&#8221;4.21.0&#8243; _module_preset=&#8221;default&#8221; width_tablet=&#8221;&#8221; width_phone=&#8221;90%&#8221; width_last_edited=&#8221;on|phone&#8221; disabled=&#8221;on&#8221; global_colors_info=&#8221;{}&#8221;][et_pb_column type=&#8221;4_4&#8243; _builder_version=&#8221;4.17.4&#8243; _module_preset=&#8221;default&#8221; global_colors_info=&#8221;{}&#8221;][et_pb_text _builder_version=&#8221;4.19.0&#8243; _module_preset=&#8221;default&#8221; custom_padding=&#8221;20px|20px|20px|20px|true|true&#8221; animation_style=&#8221;slide&#8221; animation_direction=&#8221;left&#8221; border_width_all=&#8221;5px&#8221; border_color_all=&#8221;#4275AF&#8221; border_style_all=&#8221;double&#8221; global_colors_info=&#8221;{}&#8221;]<\/p>\n<h2>Exemple de consultation<\/h2>\n<p><strong>Vorname, X Jahre<\/strong><\/p>\n<p>&#8230;<\/p>\n<p><em>Beispiele aus dem A.P.P.-Therapiealltag: Anmeldungsgr\u00fcnde von Klienten (Vornamen ge\u00e4ndert)<\/em><\/p>\n<p>[\/et_pb_text][\/et_pb_column][\/et_pb_row][et_pb_row _builder_version=&#8221;4.18.0&#8243; _module_preset=&#8221;default&#8221; width_tablet=&#8221;&#8221; width_phone=&#8221;90%&#8221; width_last_edited=&#8221;on|phone&#8221; global_colors_info=&#8221;{}&#8221;][et_pb_column type=&#8221;4_4&#8243; _builder_version=&#8221;4.17.4&#8243; _module_preset=&#8221;default&#8221; global_colors_info=&#8221;{}&#8221;][et_pb_button button_url=&#8221;@ET-DC@eyJkeW5hbWljIjp0cnVlLCJjb250ZW50IjoicG9zdF9saW5rX3VybF9wYWdlIiwic2V0dGluZ3MiOnsicG9zdF9pZCI6IjI3In19@&#8221; button_text=&#8221;Trouver un centre pr\u00e8s de chez vous&#8221; button_alignment=&#8221;center&#8221; _builder_version=&#8221;4.19.0&#8243; _dynamic_attributes=&#8221;button_url&#8221; _module_preset=&#8221;default&#8221; animation_style=&#8221;bounce&#8221; global_colors_info=&#8221;{}&#8221;][\/et_pb_button][\/et_pb_column][\/et_pb_row][\/et_pb_section]<\/p>\n","protected":false},"excerpt":{"rendered":"<p>Sensibilisation auditive aux langues \u00e9trang\u00e8resChaque langue poss\u00e8de un spectre de fr\u00e9quences qui lui est propre. Les fr\u00e9quences sont utilis\u00e9es diff\u00e9remment selon la langue parl\u00e9e.L\u2019entra\u00eenement sp\u00e9cial des fr\u00e9quences sp\u00e9cifiques \u00e0 la [&hellip;]<\/p>\n","protected":false},"author":2,"featured_media":1753,"parent":781,"menu_order":0,"comment_status":"closed","ping_status":"closed","template":"","meta":{"_acf_changed":false,"_et_pb_use_builder":"on","_et_pb_old_content":"","_et_gb_content_width":"","footnotes":""},"class_list":["post-808","page","type-page","status-publish","has-post-thumbnail","hentry"],"acf":[],"yoast_head":"<!-- This site is optimized with the Yoast SEO plugin v27.5 - https:\/\/yoast.com\/product\/yoast-seo-wordpress\/ -->\n<title>Int\u00e9gration des langues<\/title>\n<meta name=\"description\" content=\"Int\u00e9gration des langues - Association Professionnelle Suisse A.P.P selon A. Tomatis\" \/>\n<meta name=\"robots\" content=\"index, follow, max-snippet:-1, max-image-preview:large, max-video-preview:-1\" \/>\n<link rel=\"canonical\" href=\"https:\/\/a-p-p.ch\/fr\/les-champs-dapplication\/integration-des-langues\/\" \/>\n<meta property=\"og:locale\" content=\"fr_FR\" \/>\n<meta property=\"og:type\" content=\"article\" \/>\n<meta property=\"og:title\" content=\"Int\u00e9gration des langues\" \/>\n<meta property=\"og:description\" content=\"Int\u00e9gration des langues - Association Professionnelle Suisse A.P.P selon A. Tomatis\" \/>\n<meta property=\"og:url\" content=\"https:\/\/a-p-p.ch\/fr\/les-champs-dapplication\/integration-des-langues\/\" \/>\n<meta property=\"og:site_name\" content=\"Association Professionnelle Suisse A.P.P selon A. Tomatis\" \/>\n<meta property=\"article:modified_time\" content=\"2023-07-20T08:37:21+00:00\" \/>\n<meta property=\"og:image\" content=\"https:\/\/a-p-p.ch\/wp-content\/uploads\/2023\/07\/Fremdsprachen-Integration-1.jpg\" \/>\n\t<meta property=\"og:image:width\" content=\"1920\" \/>\n\t<meta property=\"og:image:height\" content=\"1280\" \/>\n\t<meta property=\"og:image:type\" content=\"image\/jpeg\" \/>\n<meta name=\"twitter:card\" content=\"summary_large_image\" \/>\n<meta name=\"twitter:label1\" content=\"Dur\u00e9e de lecture estim\u00e9e\" \/>\n\t<meta name=\"twitter:data1\" content=\"3 minutes\" \/>\n<script type=\"application\/ld+json\" class=\"yoast-schema-graph\">{\"@context\":\"https:\\\/\\\/schema.org\",\"@graph\":[{\"@type\":\"WebPage\",\"@id\":\"https:\\\/\\\/a-p-p.ch\\\/fr\\\/les-champs-dapplication\\\/integration-des-langues\\\/\",\"url\":\"https:\\\/\\\/a-p-p.ch\\\/fr\\\/les-champs-dapplication\\\/integration-des-langues\\\/\",\"name\":\"Int\u00e9gration des langues\",\"isPartOf\":{\"@id\":\"https:\\\/\\\/a-p-p.ch\\\/fr\\\/#website\"},\"primaryImageOfPage\":{\"@id\":\"https:\\\/\\\/a-p-p.ch\\\/fr\\\/les-champs-dapplication\\\/integration-des-langues\\\/#primaryimage\"},\"image\":{\"@id\":\"https:\\\/\\\/a-p-p.ch\\\/fr\\\/les-champs-dapplication\\\/integration-des-langues\\\/#primaryimage\"},\"thumbnailUrl\":\"https:\\\/\\\/a-p-p.ch\\\/wp-content\\\/uploads\\\/2023\\\/07\\\/Fremdsprachen-Integration-1.jpg\",\"datePublished\":\"2022-07-12T15:42:13+00:00\",\"dateModified\":\"2023-07-20T08:37:21+00:00\",\"description\":\"Int\u00e9gration des langues - Association Professionnelle Suisse A.P.P selon A. Tomatis\",\"breadcrumb\":{\"@id\":\"https:\\\/\\\/a-p-p.ch\\\/fr\\\/les-champs-dapplication\\\/integration-des-langues\\\/#breadcrumb\"},\"inLanguage\":\"fr-FR\",\"potentialAction\":[{\"@type\":\"ReadAction\",\"target\":[\"https:\\\/\\\/a-p-p.ch\\\/fr\\\/les-champs-dapplication\\\/integration-des-langues\\\/\"]}]},{\"@type\":\"ImageObject\",\"inLanguage\":\"fr-FR\",\"@id\":\"https:\\\/\\\/a-p-p.ch\\\/fr\\\/les-champs-dapplication\\\/integration-des-langues\\\/#primaryimage\",\"url\":\"https:\\\/\\\/a-p-p.ch\\\/wp-content\\\/uploads\\\/2023\\\/07\\\/Fremdsprachen-Integration-1.jpg\",\"contentUrl\":\"https:\\\/\\\/a-p-p.ch\\\/wp-content\\\/uploads\\\/2023\\\/07\\\/Fremdsprachen-Integration-1.jpg\",\"width\":1920,\"height\":1280},{\"@type\":\"BreadcrumbList\",\"@id\":\"https:\\\/\\\/a-p-p.ch\\\/fr\\\/les-champs-dapplication\\\/integration-des-langues\\\/#breadcrumb\",\"itemListElement\":[{\"@type\":\"ListItem\",\"position\":1,\"name\":\"Startseite\",\"item\":\"https:\\\/\\\/a-p-p.ch\\\/fr\\\/home\\\/\"},{\"@type\":\"ListItem\",\"position\":2,\"name\":\"Les Champs d\u2019Application\",\"item\":\"https:\\\/\\\/a-p-p.ch\\\/fr\\\/les-champs-dapplication\\\/\"},{\"@type\":\"ListItem\",\"position\":3,\"name\":\"Int\u00e9gration des langues\"}]},{\"@type\":\"WebSite\",\"@id\":\"https:\\\/\\\/a-p-p.ch\\\/fr\\\/#website\",\"url\":\"https:\\\/\\\/a-p-p.ch\\\/fr\\\/\",\"name\":\"Schweizerischer Berufsverband f\u00fcr A.P.P. nach A. Tomatis\",\"description\":\"\",\"publisher\":{\"@id\":\"https:\\\/\\\/a-p-p.ch\\\/fr\\\/#organization\"},\"potentialAction\":[{\"@type\":\"SearchAction\",\"target\":{\"@type\":\"EntryPoint\",\"urlTemplate\":\"https:\\\/\\\/a-p-p.ch\\\/fr\\\/?s={search_term_string}\"},\"query-input\":{\"@type\":\"PropertyValueSpecification\",\"valueRequired\":true,\"valueName\":\"search_term_string\"}}],\"inLanguage\":\"fr-FR\"},{\"@type\":\"Organization\",\"@id\":\"https:\\\/\\\/a-p-p.ch\\\/fr\\\/#organization\",\"name\":\"Schweizerischer Berufsverband f\u00fcr A.P.P. nach A. Tomatis\",\"alternateName\":\"APP\",\"url\":\"https:\\\/\\\/a-p-p.ch\\\/fr\\\/\",\"logo\":{\"@type\":\"ImageObject\",\"inLanguage\":\"fr-FR\",\"@id\":\"https:\\\/\\\/a-p-p.ch\\\/fr\\\/#\\\/schema\\\/logo\\\/image\\\/\",\"url\":\"https:\\\/\\\/a-p-p.ch\\\/wp-content\\\/uploads\\\/2022\\\/04\\\/cropped-APP-Spirale-Logo.png\",\"contentUrl\":\"https:\\\/\\\/a-p-p.ch\\\/wp-content\\\/uploads\\\/2022\\\/04\\\/cropped-APP-Spirale-Logo.png\",\"width\":512,\"height\":512,\"caption\":\"Schweizerischer Berufsverband f\u00fcr A.P.P. nach A. Tomatis\"},\"image\":{\"@id\":\"https:\\\/\\\/a-p-p.ch\\\/fr\\\/#\\\/schema\\\/logo\\\/image\\\/\"}}]}<\/script>\n<!-- \/ Yoast SEO plugin. -->","yoast_head_json":{"title":"Int\u00e9gration des langues","description":"Int\u00e9gration des langues - Association Professionnelle Suisse A.P.P selon A. Tomatis","robots":{"index":"index","follow":"follow","max-snippet":"max-snippet:-1","max-image-preview":"max-image-preview:large","max-video-preview":"max-video-preview:-1"},"canonical":"https:\/\/a-p-p.ch\/fr\/les-champs-dapplication\/integration-des-langues\/","og_locale":"fr_FR","og_type":"article","og_title":"Int\u00e9gration des langues","og_description":"Int\u00e9gration des langues - Association Professionnelle Suisse A.P.P selon A. Tomatis","og_url":"https:\/\/a-p-p.ch\/fr\/les-champs-dapplication\/integration-des-langues\/","og_site_name":"Association Professionnelle Suisse A.P.P selon A. Tomatis","article_modified_time":"2023-07-20T08:37:21+00:00","og_image":[{"width":1920,"height":1280,"url":"https:\/\/a-p-p.ch\/wp-content\/uploads\/2023\/07\/Fremdsprachen-Integration-1.jpg","type":"image\/jpeg"}],"twitter_card":"summary_large_image","twitter_misc":{"Dur\u00e9e de lecture estim\u00e9e":"3 minutes"},"schema":{"@context":"https:\/\/schema.org","@graph":[{"@type":"WebPage","@id":"https:\/\/a-p-p.ch\/fr\/les-champs-dapplication\/integration-des-langues\/","url":"https:\/\/a-p-p.ch\/fr\/les-champs-dapplication\/integration-des-langues\/","name":"Int\u00e9gration des langues","isPartOf":{"@id":"https:\/\/a-p-p.ch\/fr\/#website"},"primaryImageOfPage":{"@id":"https:\/\/a-p-p.ch\/fr\/les-champs-dapplication\/integration-des-langues\/#primaryimage"},"image":{"@id":"https:\/\/a-p-p.ch\/fr\/les-champs-dapplication\/integration-des-langues\/#primaryimage"},"thumbnailUrl":"https:\/\/a-p-p.ch\/wp-content\/uploads\/2023\/07\/Fremdsprachen-Integration-1.jpg","datePublished":"2022-07-12T15:42:13+00:00","dateModified":"2023-07-20T08:37:21+00:00","description":"Int\u00e9gration des langues - Association Professionnelle Suisse A.P.P selon A. Tomatis","breadcrumb":{"@id":"https:\/\/a-p-p.ch\/fr\/les-champs-dapplication\/integration-des-langues\/#breadcrumb"},"inLanguage":"fr-FR","potentialAction":[{"@type":"ReadAction","target":["https:\/\/a-p-p.ch\/fr\/les-champs-dapplication\/integration-des-langues\/"]}]},{"@type":"ImageObject","inLanguage":"fr-FR","@id":"https:\/\/a-p-p.ch\/fr\/les-champs-dapplication\/integration-des-langues\/#primaryimage","url":"https:\/\/a-p-p.ch\/wp-content\/uploads\/2023\/07\/Fremdsprachen-Integration-1.jpg","contentUrl":"https:\/\/a-p-p.ch\/wp-content\/uploads\/2023\/07\/Fremdsprachen-Integration-1.jpg","width":1920,"height":1280},{"@type":"BreadcrumbList","@id":"https:\/\/a-p-p.ch\/fr\/les-champs-dapplication\/integration-des-langues\/#breadcrumb","itemListElement":[{"@type":"ListItem","position":1,"name":"Startseite","item":"https:\/\/a-p-p.ch\/fr\/home\/"},{"@type":"ListItem","position":2,"name":"Les Champs d\u2019Application","item":"https:\/\/a-p-p.ch\/fr\/les-champs-dapplication\/"},{"@type":"ListItem","position":3,"name":"Int\u00e9gration des langues"}]},{"@type":"WebSite","@id":"https:\/\/a-p-p.ch\/fr\/#website","url":"https:\/\/a-p-p.ch\/fr\/","name":"Schweizerischer Berufsverband f\u00fcr A.P.P. nach A. Tomatis","description":"","publisher":{"@id":"https:\/\/a-p-p.ch\/fr\/#organization"},"potentialAction":[{"@type":"SearchAction","target":{"@type":"EntryPoint","urlTemplate":"https:\/\/a-p-p.ch\/fr\/?s={search_term_string}"},"query-input":{"@type":"PropertyValueSpecification","valueRequired":true,"valueName":"search_term_string"}}],"inLanguage":"fr-FR"},{"@type":"Organization","@id":"https:\/\/a-p-p.ch\/fr\/#organization","name":"Schweizerischer Berufsverband f\u00fcr A.P.P. nach A. Tomatis","alternateName":"APP","url":"https:\/\/a-p-p.ch\/fr\/","logo":{"@type":"ImageObject","inLanguage":"fr-FR","@id":"https:\/\/a-p-p.ch\/fr\/#\/schema\/logo\/image\/","url":"https:\/\/a-p-p.ch\/wp-content\/uploads\/2022\/04\/cropped-APP-Spirale-Logo.png","contentUrl":"https:\/\/a-p-p.ch\/wp-content\/uploads\/2022\/04\/cropped-APP-Spirale-Logo.png","width":512,"height":512,"caption":"Schweizerischer Berufsverband f\u00fcr A.P.P. nach A. Tomatis"},"image":{"@id":"https:\/\/a-p-p.ch\/fr\/#\/schema\/logo\/image\/"}}]}},"_links":{"self":[{"href":"https:\/\/a-p-p.ch\/fr\/wp-json\/wp\/v2\/pages\/808","targetHints":{"allow":["GET"]}}],"collection":[{"href":"https:\/\/a-p-p.ch\/fr\/wp-json\/wp\/v2\/pages"}],"about":[{"href":"https:\/\/a-p-p.ch\/fr\/wp-json\/wp\/v2\/types\/page"}],"author":[{"embeddable":true,"href":"https:\/\/a-p-p.ch\/fr\/wp-json\/wp\/v2\/users\/2"}],"replies":[{"embeddable":true,"href":"https:\/\/a-p-p.ch\/fr\/wp-json\/wp\/v2\/comments?post=808"}],"version-history":[{"count":0,"href":"https:\/\/a-p-p.ch\/fr\/wp-json\/wp\/v2\/pages\/808\/revisions"}],"up":[{"embeddable":true,"href":"https:\/\/a-p-p.ch\/fr\/wp-json\/wp\/v2\/pages\/781"}],"wp:featuredmedia":[{"embeddable":true,"href":"https:\/\/a-p-p.ch\/fr\/wp-json\/wp\/v2\/media\/1753"}],"wp:attachment":[{"href":"https:\/\/a-p-p.ch\/fr\/wp-json\/wp\/v2\/media?parent=808"}],"curies":[{"name":"wp","href":"https:\/\/api.w.org\/{rel}","templated":true}]}}